{"id":3067,"date":"2021-01-19T21:45:22","date_gmt":"2021-01-19T21:45:22","guid":{"rendered":"https:\/\/www.buceoelbajon.com\/services\/appartements-el-bajon\/"},"modified":"2022-12-19T18:03:42","modified_gmt":"2022-12-19T18:03:42","slug":"appartements-el-bajon","status":"publish","type":"page","link":"https:\/\/www.buceoelbajon.com\/fr\/services\/appartements-el-bajon\/","title":{"rendered":"Appartements El Baj\u00f3n"},"content":{"rendered":"<p>[et_pb_section fb_built=\u00a0\u00bb1&Prime; admin_label=\u00a0\u00bbsection\u00a0\u00bb _builder_version=\u00a0\u00bb4.16&Prime; global_colors_info=\u00a0\u00bb{}\u00a0\u00bb][et_pb_row _builder_version=\u00a0\u00bb4.18.1&Prime; _module_preset=\u00a0\u00bbdefault\u00a0\u00bb][et_pb_column _builder_version=\u00a0\u00bb4.18.1&Prime; _module_preset=\u00a0\u00bbdefault\u00a0\u00bb type=\u00a0\u00bb4_4&Prime;][et_pb_video src=\u00a0\u00bbhttps:\/\/www.buceoelbajon.com\/wp-content\/uploads\/2022\/12\/apartamentos-El-Bajon-WEB.m4v\u00a0\u00bb _builder_version=\u00a0\u00bb4.18.1&Prime; _module_preset=\u00a0\u00bbdefault\u00a0\u00bb title_text=\u00a0\u00bbapartamentos El Baj\u00f3n-WEB\u00a0\u00bb hover_enabled=\u00a0\u00bb0&Prime; sticky_enabled=\u00a0\u00bb0&Prime;][\/et_pb_video][\/et_pb_column][\/et_pb_row][et_pb_row column_structure=\u00a0\u00bb2_5,3_5&Prime; admin_label=\u00a0\u00bbrow\u00a0\u00bb _builder_version=\u00a0\u00bb4.16&Prime; background_size=\u00a0\u00bbinitial\u00a0\u00bb background_position=\u00a0\u00bbtop_left\u00a0\u00bb background_repeat=\u00a0\u00bbrepeat\u00a0\u00bb global_colors_info=\u00a0\u00bb{}\u00a0\u00bb][et_pb_column type=\u00a0\u00bb2_5&Prime; _builder_version=\u00a0\u00bb4.16&Prime; custom_padding=\u00a0\u00bb|||\u00a0\u00bb global_colors_info=\u00a0\u00bb{}\u00a0\u00bb custom_padding__hover=\u00a0\u00bb|||\u00a0\u00bb][et_pb_image src=\u00a0\u00bbhttps:\/\/www.buceoelbajon.com\/wp-content\/uploads\/2021\/01\/Apartamentos-El-Bajon-112571725.jpg\u00a0\u00bb title_text=\u00a0\u00bbApartamentos El Baj\u00f3n 112571725&Prime; _builder_version=\u00a0\u00bb4.16&Prime; _module_preset=\u00a0\u00bbdefault\u00a0\u00bb global_colors_info=\u00a0\u00bb{}\u00a0\u00bb][\/et_pb_image][\/et_pb_column][et_pb_column type=\u00a0\u00bb3_5&Prime; _builder_version=\u00a0\u00bb4.16&Prime; custom_padding=\u00a0\u00bb|||\u00a0\u00bb global_colors_info=\u00a0\u00bb{}\u00a0\u00bb custom_padding__hover=\u00a0\u00bb|||\u00a0\u00bb][et_pb_text admin_label=\u00a0\u00bbText\u00a0\u00bb _builder_version=\u00a0\u00bb4.16&Prime; background_size=\u00a0\u00bbinitial\u00a0\u00bb background_position=\u00a0\u00bbtop_left\u00a0\u00bb background_repeat=\u00a0\u00bbrepeat\u00a0\u00bb global_colors_info=\u00a0\u00bb{}\u00a0\u00bb]<\/p>\n<div data-sek-level=\"module\" data-sek-id=\"__nimble__993b5afd0f95\" data-sek-module-type=\"czr_heading_module\" data-sek-lazy-bg=\"true\">\n<p>Nous disposons de 20 appartements sans interm\u00e9diaire, de 2 \u00e0 des groupes de 50 personnes, tous les appartements sont \u00e9quip\u00e9s de cuisine, de serviettes, de draps, et d&rsquo;un service de m\u00e9nage pour les longs s\u00e9jours.<\/p>\n<ul>\n<li>13 appartements d&rsquo;une chambre \u00e0 coucher avec 2 lits simples et 2 canap\u00e9s-lits.<\/li>\n<li>7 appartements de deux chambres \u00e0 coucher avec 2 lits simples dans chaque chambre et 2 canap\u00e9s-lits.<\/li>\n<\/ul>\n<\/div>\n<div data-sek-level=\"module\" data-sek-id=\"__nimble__a26f001b6ef0\" data-sek-module-type=\"czr_tiny_mce_editor_module\" data-sek-lazy-bg=\"true\">\n<div style=\"text-align: center;\">\n<div id=\"ngg-gallery-7ed7184484e353b4c5d948b7472e41e1-1\">\n<div id=\"ngg-image-3\">\n<div><\/div>\n<\/div>\n<div id=\"ngg-image-5\">\n<div><\/div>\n<\/div>\n<div id=\"ngg-image-7\">\n<div><\/div>\n<\/div>\n<div id=\"ngg-image-9\">\n<div><\/div>\n<\/div>\n<div id=\"ngg-image-11\">\n<div><\/div>\n<\/div>\n<div id=\"ngg-image-13\">\n<div><\/div>\n<\/div>\n<div id=\"ngg-image-15\">\n<div><\/div>\n<\/div>\n<div id=\"ngg-image-17\">\n<div><\/div>\n<\/div>\n<div id=\"ngg-image-19\">\n<div><\/div>\n<\/div>\n<\/div>\n<\/div>\n<\/div>\n<p>[\/et_pb_text][\/et_pb_column][\/et_pb_row][et_pb_row column_structure=\u00a0\u00bb1_3,1_3,1_3&Prime; _builder_version=\u00a0\u00bb4.16&Prime; _module_preset=\u00a0\u00bbdefault\u00a0\u00bb global_colors_info=\u00a0\u00bb{}\u00a0\u00bb][et_pb_column type=\u00a0\u00bb1_3&Prime; _builder_version=\u00a0\u00bb4.16&Prime; _module_preset=\u00a0\u00bbdefault\u00a0\u00bb global_colors_info=\u00a0\u00bb{}\u00a0\u00bb][et_pb_code _builder_version=\u00a0\u00bb4.16&Prime; _module_preset=\u00a0\u00bbdefault\u00a0\u00bb global_colors_info=\u00a0\u00bb{}\u00a0\u00bb]<iframe loading=\"lazy\" height=\"200px\" width=\"100%\" allowfullscreen=\"true\" src=\"https:\/\/momento360.com\/e\/u\/4c7a7dafcb3c4fa9bdfd9caa52a6b440\"><\/iframe>[\/et_pb_code][\/et_pb_column][et_pb_column type=\u00a0\u00bb1_3&Prime; _builder_version=\u00a0\u00bb4.16&Prime; _module_preset=\u00a0\u00bbdefault\u00a0\u00bb global_colors_info=\u00a0\u00bb{}\u00a0\u00bb][et_pb_code _builder_version=\u00a0\u00bb4.16&Prime; _module_preset=\u00a0\u00bbdefault\u00a0\u00bb global_colors_info=\u00a0\u00bb{}\u00a0\u00bb]<iframe loading=\"lazy\" height=\"200px\" width=\"100%\" allowfullscreen=\"true\" src=\"https:\/\/momento360.com\/e\/u\/13cfbf7a6c614ce0bcaaba03e613b168\"><\/iframe>[\/et_pb_code][\/et_pb_column][et_pb_column type=\u00a0\u00bb1_3&Prime; _builder_version=\u00a0\u00bb4.16&Prime; _module_preset=\u00a0\u00bbdefault\u00a0\u00bb global_colors_info=\u00a0\u00bb{}\u00a0\u00bb][et_pb_code _builder_version=\u00a0\u00bb4.16&Prime; _module_preset=\u00a0\u00bbdefault\u00a0\u00bb global_colors_info=\u00a0\u00bb{}\u00a0\u00bb]<iframe loading=\"lazy\" height=\"200px\" width=\"100%\" allowfullscreen=\"true\" src=\"https:\/\/momento360.com\/e\/u\/8a5453db6e7b43c6a519dfdee78ebbb0\"><\/iframe>[\/et_pb_code][\/et_pb_column][\/et_pb_row][et_pb_row _builder_version=\u00a0\u00bb4.16&Prime; _module_preset=\u00a0\u00bbdefault\u00a0\u00bb global_colors_info=\u00a0\u00bb{}\u00a0\u00bb][et_pb_column type=\u00a0\u00bb4_4&Prime; _builder_version=\u00a0\u00bb4.16&Prime; _module_preset=\u00a0\u00bbdefault\u00a0\u00bb global_colors_info=\u00a0\u00bb{}\u00a0\u00bb][et_pb_text _builder_version=\u00a0\u00bb4.16&Prime; _module_preset=\u00a0\u00bbdefault\u00a0\u00bb global_colors_info=\u00a0\u00bb{}\u00a0\u00bb]<\/p>\n<div data-sek-level=\"module\" data-sek-id=\"__nimble__993b5afd0f95\" data-sek-module-type=\"czr_heading_module\" data-sek-lazy-bg=\"true\">\n<div>\n<h2 style=\"text-align: center;\">Confort et service<\/h2>\n<\/div>\n<\/div>\n<div data-sek-level=\"module\" data-sek-id=\"__nimble__a26f001b6ef0\" data-sek-module-type=\"czr_tiny_mce_editor_module\" data-sek-lazy-bg=\"true\">\n<div>\n<p style=\"text-align: center;\">Les maisons de vacances El Baj\u00f3n sont situ\u00e9es \u00e0 quelques m\u00e8tres de notre centre de plong\u00e9e et de la plage. Elles sont de construction r\u00e9cente et disposent d&rsquo;un parking facilement accessible.<\/p>\n<\/div>\n<\/div>\n<p>[\/et_pb_text][et_pb_gallery gallery_ids=\u00a0\u00bb1267,1268,1269,356,357,358,359,360,361,362,363,364,365,366,367,368,369,370&Prime; posts_number=\u00a0\u00bb24&Prime; show_title_and_caption=\u00a0\u00bboff\u00a0\u00bb show_pagination=\u00a0\u00bboff\u00a0\u00bb _builder_version=\u00a0\u00bb4.16&Prime; _module_preset=\u00a0\u00bbdefault\u00a0\u00bb global_colors_info=\u00a0\u00bb{}\u00a0\u00bb][\/et_pb_gallery][\/et_pb_column][\/et_pb_row][\/et_pb_section]<\/p>\n","protected":false},"excerpt":{"rendered":"<p>Nous disposons de 20 appartements sans interm\u00e9diaire, de 2 \u00e0 des groupes de 50 personnes, tous les appartements sont \u00e9quip\u00e9s de cuisine, de serviettes, de draps, et d&rsquo;un service de m\u00e9nage pour les longs s\u00e9jours. 13 appartements d&rsquo;une chambre \u00e0 coucher avec 2 lits simples et 2 canap\u00e9s-lits. 7 appartements de deux chambres \u00e0 coucher [&hellip;]<\/p>\n","protected":false},"author":1,"featured_media":3193,"parent":2965,"menu_order":32,"comment_status":"closed","ping_status":"closed","template":"","meta":{"_et_pb_use_builder":"on","_et_pb_old_content":"","_et_gb_content_width":"","footnotes":""},"class_list":["post-3067","page","type-page","status-publish","has-post-thumbnail","hentry"],"yoast_head":"<!-- This site is optimized with the Yoast SEO plugin v24.7 - https:\/\/yoast.com\/wordpress\/plugins\/seo\/ -->\n<title>Appartements El Baj\u00f3n - Centro de Buceo El Baj\u00f3n, El Hierro<\/title>\n<meta name=\"robots\" content=\"index, follow, max-snippet:-1, max-image-preview:large, max-video-preview:-1\" \/>\n<link rel=\"canonical\" href=\"https:\/\/www.buceoelbajon.com\/fr\/services\/appartements-el-bajon\/\" \/>\n<meta property=\"og:locale\" content=\"fr_FR\" \/>\n<meta property=\"og:type\" content=\"article\" \/>\n<meta property=\"og:title\" content=\"Appartements El Baj\u00f3n - Centro de Buceo El Baj\u00f3n, El Hierro\" \/>\n<meta property=\"og:description\" content=\"Nous disposons de 20 appartements sans interm\u00e9diaire, de 2 \u00e0 des groupes de 50 personnes, tous les appartements sont \u00e9quip\u00e9s de cuisine, de serviettes, de draps, et d&#039;un service de m\u00e9nage pour les longs s\u00e9jours. 13 appartements d&#039;une chambre \u00e0 coucher avec 2 lits simples et 2 canap\u00e9s-lits. 7 appartements de deux chambres \u00e0 coucher [&hellip;]\" \/>\n<meta property=\"og:url\" content=\"https:\/\/www.buceoelbajon.com\/fr\/services\/appartements-el-bajon\/\" \/>\n<meta property=\"og:site_name\" content=\"Centro de Buceo El Baj\u00f3n, El Hierro\" \/>\n<meta property=\"article:modified_time\" content=\"2022-12-19T18:03:42+00:00\" \/>\n<meta property=\"og:image\" content=\"https:\/\/www.buceoelbajon.com\/wp-content\/uploads\/2023\/02\/Apartamento_Marinero_3000_2-scaled.jpg\" \/>\n\t<meta property=\"og:image:width\" content=\"2560\" \/>\n\t<meta property=\"og:image:height\" content=\"1703\" \/>\n\t<meta property=\"og:image:type\" content=\"image\/jpeg\" \/>\n<meta name=\"twitter:card\" content=\"summary_large_image\" \/>\n<meta name=\"twitter:label1\" content=\"Dur\u00e9e de lecture estim\u00e9e\" \/>\n\t<meta name=\"twitter:data1\" content=\"2 minutes\" \/>\n<script type=\"application\/ld+json\" class=\"yoast-schema-graph\">{\"@context\":\"https:\/\/schema.org\",\"@graph\":[{\"@type\":\"WebPage\",\"@id\":\"https:\/\/www.buceoelbajon.com\/fr\/services\/appartements-el-bajon\/\",\"url\":\"https:\/\/www.buceoelbajon.com\/fr\/services\/appartements-el-bajon\/\",\"name\":\"Appartements El Baj\u00f3n - Centro de Buceo El Baj\u00f3n, El Hierro\",\"isPartOf\":{\"@id\":\"https:\/\/www.buceoelbajon.com\/#website\"},\"primaryImageOfPage\":{\"@id\":\"https:\/\/www.buceoelbajon.com\/fr\/services\/appartements-el-bajon\/#primaryimage\"},\"image\":{\"@id\":\"https:\/\/www.buceoelbajon.com\/fr\/services\/appartements-el-bajon\/#primaryimage\"},\"thumbnailUrl\":\"https:\/\/www.buceoelbajon.com\/wp-content\/uploads\/2023\/02\/Apartamento_Marinero_3000_2-scaled.jpg\",\"datePublished\":\"2021-01-19T21:45:22+00:00\",\"dateModified\":\"2022-12-19T18:03:42+00:00\",\"breadcrumb\":{\"@id\":\"https:\/\/www.buceoelbajon.com\/fr\/services\/appartements-el-bajon\/#breadcrumb\"},\"inLanguage\":\"fr-FR\",\"potentialAction\":[{\"@type\":\"ReadAction\",\"target\":[\"https:\/\/www.buceoelbajon.com\/fr\/services\/appartements-el-bajon\/\"]}]},{\"@type\":\"ImageObject\",\"inLanguage\":\"fr-FR\",\"@id\":\"https:\/\/www.buceoelbajon.com\/fr\/services\/appartements-el-bajon\/#primaryimage\",\"url\":\"https:\/\/www.buceoelbajon.com\/wp-content\/uploads\/2023\/02\/Apartamento_Marinero_3000_2-scaled.jpg\",\"contentUrl\":\"https:\/\/www.buceoelbajon.com\/wp-content\/uploads\/2023\/02\/Apartamento_Marinero_3000_2-scaled.jpg\",\"width\":2560,\"height\":1703},{\"@type\":\"BreadcrumbList\",\"@id\":\"https:\/\/www.buceoelbajon.com\/fr\/services\/appartements-el-bajon\/#breadcrumb\",\"itemListElement\":[{\"@type\":\"ListItem\",\"position\":1,\"name\":\"Portada\",\"item\":\"https:\/\/www.buceoelbajon.com\/fr\/\"},{\"@type\":\"ListItem\",\"position\":2,\"name\":\"Services\",\"item\":\"https:\/\/www.buceoelbajon.com\/fr\/services\/\"},{\"@type\":\"ListItem\",\"position\":3,\"name\":\"Appartements El Baj\u00f3n\"}]},{\"@type\":\"WebSite\",\"@id\":\"https:\/\/www.buceoelbajon.com\/#website\",\"url\":\"https:\/\/www.buceoelbajon.com\/\",\"name\":\"Centro de Buceo El Baj\u00f3n, El Hierro\",\"description\":\"Un concepto diferente de buceo en El Hierro\",\"potentialAction\":[{\"@type\":\"SearchAction\",\"target\":{\"@type\":\"EntryPoint\",\"urlTemplate\":\"https:\/\/www.buceoelbajon.com\/?s={search_term_string}\"},\"query-input\":{\"@type\":\"PropertyValueSpecification\",\"valueRequired\":true,\"valueName\":\"search_term_string\"}}],\"inLanguage\":\"fr-FR\"}]}<\/script>\n<!-- \/ Yoast SEO plugin. -->","yoast_head_json":{"title":"Appartements El Baj\u00f3n - Centro de Buceo El Baj\u00f3n, El Hierro","robots":{"index":"index","follow":"follow","max-snippet":"max-snippet:-1","max-image-preview":"max-image-preview:large","max-video-preview":"max-video-preview:-1"},"canonical":"https:\/\/www.buceoelbajon.com\/fr\/services\/appartements-el-bajon\/","og_locale":"fr_FR","og_type":"article","og_title":"Appartements El Baj\u00f3n - Centro de Buceo El Baj\u00f3n, El Hierro","og_description":"Nous disposons de 20 appartements sans interm\u00e9diaire, de 2 \u00e0 des groupes de 50 personnes, tous les appartements sont \u00e9quip\u00e9s de cuisine, de serviettes, de draps, et d'un service de m\u00e9nage pour les longs s\u00e9jours. 13 appartements d'une chambre \u00e0 coucher avec 2 lits simples et 2 canap\u00e9s-lits. 7 appartements de deux chambres \u00e0 coucher [&hellip;]","og_url":"https:\/\/www.buceoelbajon.com\/fr\/services\/appartements-el-bajon\/","og_site_name":"Centro de Buceo El Baj\u00f3n, El Hierro","article_modified_time":"2022-12-19T18:03:42+00:00","og_image":[{"width":2560,"height":1703,"url":"https:\/\/www.buceoelbajon.com\/wp-content\/uploads\/2023\/02\/Apartamento_Marinero_3000_2-scaled.jpg","type":"image\/jpeg"}],"twitter_card":"summary_large_image","twitter_misc":{"Dur\u00e9e de lecture estim\u00e9e":"2 minutes"},"schema":{"@context":"https:\/\/schema.org","@graph":[{"@type":"WebPage","@id":"https:\/\/www.buceoelbajon.com\/fr\/services\/appartements-el-bajon\/","url":"https:\/\/www.buceoelbajon.com\/fr\/services\/appartements-el-bajon\/","name":"Appartements El Baj\u00f3n - Centro de Buceo El Baj\u00f3n, El Hierro","isPartOf":{"@id":"https:\/\/www.buceoelbajon.com\/#website"},"primaryImageOfPage":{"@id":"https:\/\/www.buceoelbajon.com\/fr\/services\/appartements-el-bajon\/#primaryimage"},"image":{"@id":"https:\/\/www.buceoelbajon.com\/fr\/services\/appartements-el-bajon\/#primaryimage"},"thumbnailUrl":"https:\/\/www.buceoelbajon.com\/wp-content\/uploads\/2023\/02\/Apartamento_Marinero_3000_2-scaled.jpg","datePublished":"2021-01-19T21:45:22+00:00","dateModified":"2022-12-19T18:03:42+00:00","breadcrumb":{"@id":"https:\/\/www.buceoelbajon.com\/fr\/services\/appartements-el-bajon\/#breadcrumb"},"inLanguage":"fr-FR","potentialAction":[{"@type":"ReadAction","target":["https:\/\/www.buceoelbajon.com\/fr\/services\/appartements-el-bajon\/"]}]},{"@type":"ImageObject","inLanguage":"fr-FR","@id":"https:\/\/www.buceoelbajon.com\/fr\/services\/appartements-el-bajon\/#primaryimage","url":"https:\/\/www.buceoelbajon.com\/wp-content\/uploads\/2023\/02\/Apartamento_Marinero_3000_2-scaled.jpg","contentUrl":"https:\/\/www.buceoelbajon.com\/wp-content\/uploads\/2023\/02\/Apartamento_Marinero_3000_2-scaled.jpg","width":2560,"height":1703},{"@type":"BreadcrumbList","@id":"https:\/\/www.buceoelbajon.com\/fr\/services\/appartements-el-bajon\/#breadcrumb","itemListElement":[{"@type":"ListItem","position":1,"name":"Portada","item":"https:\/\/www.buceoelbajon.com\/fr\/"},{"@type":"ListItem","position":2,"name":"Services","item":"https:\/\/www.buceoelbajon.com\/fr\/services\/"},{"@type":"ListItem","position":3,"name":"Appartements El Baj\u00f3n"}]},{"@type":"WebSite","@id":"https:\/\/www.buceoelbajon.com\/#website","url":"https:\/\/www.buceoelbajon.com\/","name":"Centro de Buceo El Baj\u00f3n, El Hierro","description":"Un concepto diferente de buceo en El Hierro","potentialAction":[{"@type":"SearchAction","target":{"@type":"EntryPoint","urlTemplate":"https:\/\/www.buceoelbajon.com\/?s={search_term_string}"},"query-input":{"@type":"PropertyValueSpecification","valueRequired":true,"valueName":"search_term_string"}}],"inLanguage":"fr-FR"}]}},"_links":{"self":[{"href":"https:\/\/www.buceoelbajon.com\/fr\/wp-json\/wp\/v2\/pages\/3067","targetHints":{"allow":["GET"]}}],"collection":[{"href":"https:\/\/www.buceoelbajon.com\/fr\/wp-json\/wp\/v2\/pages"}],"about":[{"href":"https:\/\/www.buceoelbajon.com\/fr\/wp-json\/wp\/v2\/types\/page"}],"author":[{"embeddable":true,"href":"https:\/\/www.buceoelbajon.com\/fr\/wp-json\/wp\/v2\/users\/1"}],"replies":[{"embeddable":true,"href":"https:\/\/www.buceoelbajon.com\/fr\/wp-json\/wp\/v2\/comments?post=3067"}],"version-history":[{"count":3,"href":"https:\/\/www.buceoelbajon.com\/fr\/wp-json\/wp\/v2\/pages\/3067\/revisions"}],"predecessor-version":[{"id":3172,"href":"https:\/\/www.buceoelbajon.com\/fr\/wp-json\/wp\/v2\/pages\/3067\/revisions\/3172"}],"up":[{"embeddable":true,"href":"https:\/\/www.buceoelbajon.com\/fr\/wp-json\/wp\/v2\/pages\/2965"}],"wp:featuredmedia":[{"embeddable":true,"href":"https:\/\/www.buceoelbajon.com\/fr\/wp-json\/wp\/v2\/media\/3193"}],"wp:attachment":[{"href":"https:\/\/www.buceoelbajon.com\/fr\/wp-json\/wp\/v2\/media?parent=3067"}],"curies":[{"name":"wp","href":"https:\/\/api.w.org\/{rel}","templated":true}]}}