{"id":3034,"date":"2021-02-05T11:00:07","date_gmt":"2021-02-05T11:00:07","guid":{"rendered":"https:\/\/www.buceoelbajon.com\/el-hierro\/"},"modified":"2022-05-19T12:00:24","modified_gmt":"2022-05-19T11:00:24","slug":"el-hierro","status":"publish","type":"page","link":"https:\/\/www.buceoelbajon.com\/fr\/el-hierro\/","title":{"rendered":"El Hierro"},"content":{"rendered":"<p>[et_pb_section fb_built=\u00a0\u00bb1&Prime; _builder_version=\u00a0\u00bb4.8.2&Prime; _module_preset=\u00a0\u00bbdefault\u00a0\u00bb][et_pb_row _builder_version=\u00a0\u00bb4.8.2&Prime; _module_preset=\u00a0\u00bbdefault\u00a0\u00bb][et_pb_column type=\u00a0\u00bb4_4&Prime; _builder_version=\u00a0\u00bb4.8.2&Prime; _module_preset=\u00a0\u00bbdefault\u00a0\u00bb][et_pb_text _builder_version=\u00a0\u00bb4.9.0&Prime; _module_preset=\u00a0\u00bbdefault\u00a0\u00bb custom_padding=\u00a0\u00bb||0px|||\u00a0\u00bb]<\/p>\n<h3 style=\"text-align: center;\">Si vous avez besoin d&rsquo;un itin\u00e9raire autour de l&rsquo;\u00eele adapt\u00e9 \u00e0 vos journ\u00e9es de plong\u00e9e, faites-le nous savoir et nous serons heureux de le faire pour vous. Sinon, nous vous proposons des sites d&rsquo;int\u00e9r\u00eat, des lieux de baignade et des points de vue sur l&rsquo;\u00eele pour que vous puissiez en profiter au maximum.<\/h3>\n<p>[\/et_pb_text][\/et_pb_column][\/et_pb_row][et_pb_row column_structure=\u00a0\u00bb1_3,1_3,1_3&Prime; _builder_version=\u00a0\u00bb4.9.2&Prime; _module_preset=\u00a0\u00bbdefault\u00a0\u00bb][et_pb_column type=\u00a0\u00bb1_3&Prime; _builder_version=\u00a0\u00bb4.9.2&Prime; _module_preset=\u00a0\u00bbdefault\u00a0\u00bb][et_pb_cta title=\u00a0\u00bbLieux d&rsquo;int\u00e9r\u00eat\u00a0\u00bb button_url=\u00a0\u00bb@ET-DC@eyJkeW5hbWljIjp0cnVlLCJjb250ZW50IjoicG9zdF9saW5rX3VybF9wYWdlIiwic2V0dGluZ3MiOnsicG9zdF9pZCI6IjkxNSJ9fQ==@\u00a0\u00bb _builder_version=\u00a0\u00bb4.9.2&Prime; _dynamic_attributes=\u00a0\u00bbbutton_url\u00a0\u00bb _module_preset=\u00a0\u00bbdefault\u00a0\u00bb header_level=\u00a0\u00bbh1&Prime; header_font_size=\u00a0\u00bb32px\u00a0\u00bb background_enable_color=\u00a0\u00bboff\u00a0\u00bb background_image=\u00a0\u00bbhttps:\/\/www.buceoelbajon.com\/wp-content\/uploads\/2021\/02\/Sabinar.jpg\u00a0\u00bb height=\u00a0\u00bb200px\u00a0\u00bb hover_enabled=\u00a0\u00bb0&Prime; header_text_shadow_style=\u00a0\u00bbpreset1&Prime; border_radii=\u00a0\u00bbon|24px|24px|24px|24px\u00a0\u00bb button_text=\u00a0\u00bbvisiter\u00a0\u00bb sticky_enabled=\u00a0\u00bb0&Prime;][\/et_pb_cta][\/et_pb_column][et_pb_column type=\u00a0\u00bb1_3&Prime; _builder_version=\u00a0\u00bb4.9.2&Prime; _module_preset=\u00a0\u00bbdefault\u00a0\u00bb][et_pb_cta title=\u00a0\u00bbMiradors\u00a0\u00bb button_url=\u00a0\u00bb@ET-DC@eyJkeW5hbWljIjp0cnVlLCJjb250ZW50IjoicG9zdF9saW5rX3VybF9wYWdlIiwic2V0dGluZ3MiOnsicG9zdF9pZCI6IjkwNCJ9fQ==@\u00a0\u00bb _builder_version=\u00a0\u00bb4.9.2&Prime; _dynamic_attributes=\u00a0\u00bbbutton_url\u00a0\u00bb _module_preset=\u00a0\u00bbdefault\u00a0\u00bb header_level=\u00a0\u00bbh1&Prime; header_font_size=\u00a0\u00bb32px\u00a0\u00bb background_enable_color=\u00a0\u00bboff\u00a0\u00bb background_image=\u00a0\u00bbhttps:\/\/www.buceoelbajon.com\/wp-content\/uploads\/2021\/02\/El-Golfo.jpg\u00a0\u00bb height=\u00a0\u00bb200px\u00a0\u00bb hover_enabled=\u00a0\u00bb0&Prime; header_text_shadow_style=\u00a0\u00bbpreset1&Prime; border_radii=\u00a0\u00bbon|24px|24px|24px|24px\u00a0\u00bb button_text=\u00a0\u00bbvisiter\u00a0\u00bb sticky_enabled=\u00a0\u00bb0&Prime;][\/et_pb_cta][\/et_pb_column][et_pb_column type=\u00a0\u00bb1_3&Prime; _builder_version=\u00a0\u00bb4.9.2&Prime; _module_preset=\u00a0\u00bbdefault\u00a0\u00bb][et_pb_cta title=\u00a0\u00bbZones de baignade\u00a0\u00bb button_url=\u00a0\u00bb@ET-DC@eyJkeW5hbWljIjp0cnVlLCJjb250ZW50IjoicG9zdF9saW5rX3VybF9wYWdlIiwic2V0dGluZ3MiOnsicG9zdF9pZCI6IjkxMCJ9fQ==@\u00a0\u00bb _builder_version=\u00a0\u00bb4.9.2&Prime; _dynamic_attributes=\u00a0\u00bbbutton_url\u00a0\u00bb _module_preset=\u00a0\u00bbdefault\u00a0\u00bb header_level=\u00a0\u00bbh1&Prime; header_font_size=\u00a0\u00bb32px\u00a0\u00bb background_enable_color=\u00a0\u00bboff\u00a0\u00bb background_image=\u00a0\u00bbhttps:\/\/www.buceoelbajon.com\/wp-content\/uploads\/2021\/02\/La-Maceta.jpg\u00a0\u00bb height=\u00a0\u00bb200px\u00a0\u00bb hover_enabled=\u00a0\u00bb0&Prime; header_text_shadow_style=\u00a0\u00bbpreset1&Prime; border_radii=\u00a0\u00bbon|24px|24px|24px|24px\u00a0\u00bb button_text=\u00a0\u00bbvisiter\u00a0\u00bb sticky_enabled=\u00a0\u00bb0&Prime;][\/et_pb_cta][\/et_pb_column][\/et_pb_row][\/et_pb_section]<\/p>\n","protected":false},"excerpt":{"rendered":"<p>Si vous avez besoin d&rsquo;un itin\u00e9raire autour de l&rsquo;\u00eele adapt\u00e9 \u00e0 vos journ\u00e9es de plong\u00e9e, faites-le nous savoir et nous serons heureux de le faire pour vous. Sinon, nous vous proposons des sites d&rsquo;int\u00e9r\u00eat, des lieux de baignade et des points de vue sur l&rsquo;\u00eele pour que vous puissiez en profiter au maximum.<\/p>\n","protected":false},"author":1,"featured_media":2564,"parent":0,"menu_order":40,"comment_status":"closed","ping_status":"closed","template":"","meta":{"_et_pb_use_builder":"on","_et_pb_old_content":"","_et_gb_content_width":"","footnotes":""},"class_list":["post-3034","page","type-page","status-publish","has-post-thumbnail","hentry"],"yoast_head":"<!-- This site is optimized with the Yoast SEO plugin v24.7 - https:\/\/yoast.com\/wordpress\/plugins\/seo\/ -->\n<title>El Hierro - Centro de Buceo El Baj\u00f3n, El Hierro<\/title>\n<meta name=\"robots\" content=\"index, follow, max-snippet:-1, max-image-preview:large, max-video-preview:-1\" \/>\n<link rel=\"canonical\" href=\"https:\/\/www.buceoelbajon.com\/fr\/el-hierro\/\" \/>\n<meta property=\"og:locale\" content=\"fr_FR\" \/>\n<meta property=\"og:type\" content=\"article\" \/>\n<meta property=\"og:title\" content=\"El Hierro - Centro de Buceo El Baj\u00f3n, El Hierro\" \/>\n<meta property=\"og:description\" content=\"Si vous avez besoin d&#039;un itin\u00e9raire autour de l&#039;\u00eele adapt\u00e9 \u00e0 vos journ\u00e9es de plong\u00e9e, faites-le nous savoir et nous serons heureux de le faire pour vous. Sinon, nous vous proposons des sites d&#039;int\u00e9r\u00eat, des lieux de baignade et des points de vue sur l&#039;\u00eele pour que vous puissiez en profiter au maximum.\" \/>\n<meta property=\"og:url\" content=\"https:\/\/www.buceoelbajon.com\/fr\/el-hierro\/\" \/>\n<meta property=\"og:site_name\" content=\"Centro de Buceo El Baj\u00f3n, El Hierro\" \/>\n<meta property=\"article:modified_time\" content=\"2022-05-19T11:00:24+00:00\" \/>\n<meta property=\"og:image\" content=\"https:\/\/www.buceoelbajon.com\/wp-content\/uploads\/2021\/02\/20080720-1957-SachaLobenstein-Artisitcas-Lugares.jpg\" \/>\n\t<meta property=\"og:image:width\" content=\"1200\" \/>\n\t<meta property=\"og:image:height\" content=\"600\" \/>\n\t<meta property=\"og:image:type\" content=\"image\/jpeg\" \/>\n<meta name=\"twitter:card\" content=\"summary_large_image\" \/>\n<meta name=\"twitter:label1\" content=\"Dur\u00e9e de lecture estim\u00e9e\" \/>\n\t<meta name=\"twitter:data1\" content=\"2 minutes\" \/>\n<script type=\"application\/ld+json\" class=\"yoast-schema-graph\">{\"@context\":\"https:\/\/schema.org\",\"@graph\":[{\"@type\":\"WebPage\",\"@id\":\"https:\/\/www.buceoelbajon.com\/fr\/el-hierro\/\",\"url\":\"https:\/\/www.buceoelbajon.com\/fr\/el-hierro\/\",\"name\":\"El Hierro - Centro de Buceo El Baj\u00f3n, El Hierro\",\"isPartOf\":{\"@id\":\"https:\/\/www.buceoelbajon.com\/#website\"},\"primaryImageOfPage\":{\"@id\":\"https:\/\/www.buceoelbajon.com\/fr\/el-hierro\/#primaryimage\"},\"image\":{\"@id\":\"https:\/\/www.buceoelbajon.com\/fr\/el-hierro\/#primaryimage\"},\"thumbnailUrl\":\"https:\/\/www.buceoelbajon.com\/wp-content\/uploads\/2021\/02\/20080720-1957-SachaLobenstein-Artisitcas-Lugares.jpg\",\"datePublished\":\"2021-02-05T11:00:07+00:00\",\"dateModified\":\"2022-05-19T11:00:24+00:00\",\"breadcrumb\":{\"@id\":\"https:\/\/www.buceoelbajon.com\/fr\/el-hierro\/#breadcrumb\"},\"inLanguage\":\"fr-FR\",\"potentialAction\":[{\"@type\":\"ReadAction\",\"target\":[\"https:\/\/www.buceoelbajon.com\/fr\/el-hierro\/\"]}]},{\"@type\":\"ImageObject\",\"inLanguage\":\"fr-FR\",\"@id\":\"https:\/\/www.buceoelbajon.com\/fr\/el-hierro\/#primaryimage\",\"url\":\"https:\/\/www.buceoelbajon.com\/wp-content\/uploads\/2021\/02\/20080720-1957-SachaLobenstein-Artisitcas-Lugares.jpg\",\"contentUrl\":\"https:\/\/www.buceoelbajon.com\/wp-content\/uploads\/2021\/02\/20080720-1957-SachaLobenstein-Artisitcas-Lugares.jpg\",\"width\":1200,\"height\":600},{\"@type\":\"BreadcrumbList\",\"@id\":\"https:\/\/www.buceoelbajon.com\/fr\/el-hierro\/#breadcrumb\",\"itemListElement\":[{\"@type\":\"ListItem\",\"position\":1,\"name\":\"Portada\",\"item\":\"https:\/\/www.buceoelbajon.com\/fr\/\"},{\"@type\":\"ListItem\",\"position\":2,\"name\":\"El Hierro\"}]},{\"@type\":\"WebSite\",\"@id\":\"https:\/\/www.buceoelbajon.com\/#website\",\"url\":\"https:\/\/www.buceoelbajon.com\/\",\"name\":\"Centro de Buceo El Baj\u00f3n, El Hierro\",\"description\":\"Un concepto diferente de buceo en El Hierro\",\"potentialAction\":[{\"@type\":\"SearchAction\",\"target\":{\"@type\":\"EntryPoint\",\"urlTemplate\":\"https:\/\/www.buceoelbajon.com\/?s={search_term_string}\"},\"query-input\":{\"@type\":\"PropertyValueSpecification\",\"valueRequired\":true,\"valueName\":\"search_term_string\"}}],\"inLanguage\":\"fr-FR\"}]}<\/script>\n<!-- \/ Yoast SEO plugin. -->","yoast_head_json":{"title":"El Hierro - Centro de Buceo El Baj\u00f3n, El Hierro","robots":{"index":"index","follow":"follow","max-snippet":"max-snippet:-1","max-image-preview":"max-image-preview:large","max-video-preview":"max-video-preview:-1"},"canonical":"https:\/\/www.buceoelbajon.com\/fr\/el-hierro\/","og_locale":"fr_FR","og_type":"article","og_title":"El Hierro - Centro de Buceo El Baj\u00f3n, El Hierro","og_description":"Si vous avez besoin d'un itin\u00e9raire autour de l'\u00eele adapt\u00e9 \u00e0 vos journ\u00e9es de plong\u00e9e, faites-le nous savoir et nous serons heureux de le faire pour vous. Sinon, nous vous proposons des sites d'int\u00e9r\u00eat, des lieux de baignade et des points de vue sur l'\u00eele pour que vous puissiez en profiter au maximum.","og_url":"https:\/\/www.buceoelbajon.com\/fr\/el-hierro\/","og_site_name":"Centro de Buceo El Baj\u00f3n, El Hierro","article_modified_time":"2022-05-19T11:00:24+00:00","og_image":[{"width":1200,"height":600,"url":"https:\/\/www.buceoelbajon.com\/wp-content\/uploads\/2021\/02\/20080720-1957-SachaLobenstein-Artisitcas-Lugares.jpg","type":"image\/jpeg"}],"twitter_card":"summary_large_image","twitter_misc":{"Dur\u00e9e de lecture estim\u00e9e":"2 minutes"},"schema":{"@context":"https:\/\/schema.org","@graph":[{"@type":"WebPage","@id":"https:\/\/www.buceoelbajon.com\/fr\/el-hierro\/","url":"https:\/\/www.buceoelbajon.com\/fr\/el-hierro\/","name":"El Hierro - Centro de Buceo El Baj\u00f3n, El Hierro","isPartOf":{"@id":"https:\/\/www.buceoelbajon.com\/#website"},"primaryImageOfPage":{"@id":"https:\/\/www.buceoelbajon.com\/fr\/el-hierro\/#primaryimage"},"image":{"@id":"https:\/\/www.buceoelbajon.com\/fr\/el-hierro\/#primaryimage"},"thumbnailUrl":"https:\/\/www.buceoelbajon.com\/wp-content\/uploads\/2021\/02\/20080720-1957-SachaLobenstein-Artisitcas-Lugares.jpg","datePublished":"2021-02-05T11:00:07+00:00","dateModified":"2022-05-19T11:00:24+00:00","breadcrumb":{"@id":"https:\/\/www.buceoelbajon.com\/fr\/el-hierro\/#breadcrumb"},"inLanguage":"fr-FR","potentialAction":[{"@type":"ReadAction","target":["https:\/\/www.buceoelbajon.com\/fr\/el-hierro\/"]}]},{"@type":"ImageObject","inLanguage":"fr-FR","@id":"https:\/\/www.buceoelbajon.com\/fr\/el-hierro\/#primaryimage","url":"https:\/\/www.buceoelbajon.com\/wp-content\/uploads\/2021\/02\/20080720-1957-SachaLobenstein-Artisitcas-Lugares.jpg","contentUrl":"https:\/\/www.buceoelbajon.com\/wp-content\/uploads\/2021\/02\/20080720-1957-SachaLobenstein-Artisitcas-Lugares.jpg","width":1200,"height":600},{"@type":"BreadcrumbList","@id":"https:\/\/www.buceoelbajon.com\/fr\/el-hierro\/#breadcrumb","itemListElement":[{"@type":"ListItem","position":1,"name":"Portada","item":"https:\/\/www.buceoelbajon.com\/fr\/"},{"@type":"ListItem","position":2,"name":"El Hierro"}]},{"@type":"WebSite","@id":"https:\/\/www.buceoelbajon.com\/#website","url":"https:\/\/www.buceoelbajon.com\/","name":"Centro de Buceo El Baj\u00f3n, El Hierro","description":"Un concepto diferente de buceo en El Hierro","potentialAction":[{"@type":"SearchAction","target":{"@type":"EntryPoint","urlTemplate":"https:\/\/www.buceoelbajon.com\/?s={search_term_string}"},"query-input":{"@type":"PropertyValueSpecification","valueRequired":true,"valueName":"search_term_string"}}],"inLanguage":"fr-FR"}]}},"_links":{"self":[{"href":"https:\/\/www.buceoelbajon.com\/fr\/wp-json\/wp\/v2\/pages\/3034","targetHints":{"allow":["GET"]}}],"collection":[{"href":"https:\/\/www.buceoelbajon.com\/fr\/wp-json\/wp\/v2\/pages"}],"about":[{"href":"https:\/\/www.buceoelbajon.com\/fr\/wp-json\/wp\/v2\/types\/page"}],"author":[{"embeddable":true,"href":"https:\/\/www.buceoelbajon.com\/fr\/wp-json\/wp\/v2\/users\/1"}],"replies":[{"embeddable":true,"href":"https:\/\/www.buceoelbajon.com\/fr\/wp-json\/wp\/v2\/comments?post=3034"}],"version-history":[{"count":2,"href":"https:\/\/www.buceoelbajon.com\/fr\/wp-json\/wp\/v2\/pages\/3034\/revisions"}],"predecessor-version":[{"id":3036,"href":"https:\/\/www.buceoelbajon.com\/fr\/wp-json\/wp\/v2\/pages\/3034\/revisions\/3036"}],"wp:featuredmedia":[{"embeddable":true,"href":"https:\/\/www.buceoelbajon.com\/fr\/wp-json\/wp\/v2\/media\/2564"}],"wp:attachment":[{"href":"https:\/\/www.buceoelbajon.com\/fr\/wp-json\/wp\/v2\/media?parent=3034"}],"curies":[{"name":"wp","href":"https:\/\/api.w.org\/{rel}","templated":true}]}}