{"id":3025,"date":"2021-02-05T10:59:19","date_gmt":"2021-02-05T10:59:19","guid":{"rendered":"https:\/\/www.buceoelbajon.com\/notre-centre\/voyages\/"},"modified":"2022-05-19T11:53:16","modified_gmt":"2022-05-19T10:53:16","slug":"voyages","status":"publish","type":"page","link":"https:\/\/www.buceoelbajon.com\/fr\/notre-centre\/voyages\/","title":{"rendered":"Voyages"},"content":{"rendered":"<p>[et_pb_section fb_built=\u00a0\u00bb1&Prime; _builder_version=\u00a0\u00bb4.9.0&Prime; _module_preset=\u00a0\u00bbdefault\u00a0\u00bb][et_pb_row _builder_version=\u00a0\u00bb4.9.1&Prime; _module_preset=\u00a0\u00bbdefault\u00a0\u00bb][et_pb_column _builder_version=\u00a0\u00bb4.9.1&Prime; _module_preset=\u00a0\u00bbdefault\u00a0\u00bb type=\u00a0\u00bb4_4&Prime;][et_pb_gallery _builder_version=\u00a0\u00bb4.9.1&Prime; _module_preset=\u00a0\u00bbdefault\u00a0\u00bb gallery_ids=\u00a0\u00bb1397,1398,1399,1400,1401,1402,1403,1404,1405,1406,1407,1408,1409,1410,1411,1412,1413,1414,1415,1416,1417,1418,1419,1420,1421,1422,1423&Prime; orientation=\u00a0\u00bbportrait\u00a0\u00bb hover_enabled=\u00a0\u00bb0&Prime; sticky_enabled=\u00a0\u00bb0&Prime; text_orientation=\u00a0\u00bbcenter\u00a0\u00bb title_font_size=\u00a0\u00bb15px\u00a0\u00bb border_radii_image=\u00a0\u00bbon|10px|10px|10px|10px\u00a0\u00bb posts_number=\u00a0\u00bb36&Prime; show_pagination=\u00a0\u00bboff\u00a0\u00bb][\/et_pb_gallery][\/et_pb_column][\/et_pb_row][et_pb_row _builder_version=\u00a0\u00bb4.9.1&Prime; _module_preset=\u00a0\u00bbdefault\u00a0\u00bb][et_pb_column _builder_version=\u00a0\u00bb4.9.1&Prime; _module_preset=\u00a0\u00bbdefault\u00a0\u00bb type=\u00a0\u00bb4_4&Prime;][et_pb_cta title=\u00a0\u00bbVous souhaitez participer \u00e0 l&rsquo;un de ces voyages ?\u00a0\u00bb button_text=\u00a0\u00bbCONTACTEZ NOUS\u00a0\u00bb _builder_version=\u00a0\u00bb4.9.1&Prime; _module_preset=\u00a0\u00bbdefault\u00a0\u00bb hover_enabled=\u00a0\u00bb0&Prime; sticky_enabled=\u00a0\u00bb0&Prime; button_url=\u00a0\u00bb@ET-DC@eyJkeW5hbWljIjp0cnVlLCJjb250ZW50IjoicG9zdF9saW5rX3VybF9wYWdlIiwic2V0dGluZ3MiOnsicG9zdF9pZCI6IjQ0In19@\u00a0\u00bb _dynamic_attributes=\u00a0\u00bbbutton_url\u00a0\u00bb body_text_shadow_style=\u00a0\u00bbpreset2&Prime; border_radii=\u00a0\u00bbon|28px|28px|28px|28px\u00a0\u00bb]<\/p>\n<p style=\"text-align: center;\">R\u00e9jouissez-vous et venez avec nous. Venez vous joindre \u00e0 nous. Pour plus d&rsquo;informations, \u00e9crivez-nous et nous vous informerons plus en d\u00e9tail.<\/p>\n<p>[\/et_pb_cta][\/et_pb_column][\/et_pb_row][\/et_pb_section]<\/p>\n","protected":false},"excerpt":{"rendered":"<p>R\u00e9jouissez-vous et venez avec nous. Venez vous joindre \u00e0 nous. Pour plus d&rsquo;informations, \u00e9crivez-nous et nous vous informerons plus en d\u00e9tail.<\/p>\n","protected":false},"author":1,"featured_media":2535,"parent":2536,"menu_order":0,"comment_status":"closed","ping_status":"closed","template":"","meta":{"_et_pb_use_builder":"on","_et_pb_old_content":"","_et_gb_content_width":"","footnotes":""},"class_list":["post-3025","page","type-page","status-publish","has-post-thumbnail","hentry"],"yoast_head":"<!-- This site is optimized with the Yoast SEO plugin v24.7 - https:\/\/yoast.com\/wordpress\/plugins\/seo\/ -->\n<title>Voyages - Centro de Buceo El Baj\u00f3n, El Hierro<\/title>\n<meta name=\"robots\" content=\"index, follow, max-snippet:-1, max-image-preview:large, max-video-preview:-1\" \/>\n<link rel=\"canonical\" href=\"https:\/\/www.buceoelbajon.com\/fr\/notre-centre\/voyages\/\" \/>\n<meta property=\"og:locale\" content=\"fr_FR\" \/>\n<meta property=\"og:type\" content=\"article\" \/>\n<meta property=\"og:title\" content=\"Voyages - Centro de Buceo El Baj\u00f3n, El Hierro\" \/>\n<meta property=\"og:description\" content=\"R\u00e9jouissez-vous et venez avec nous. Venez vous joindre \u00e0 nous. Pour plus d&#039;informations, \u00e9crivez-nous et nous vous informerons plus en d\u00e9tail.\" \/>\n<meta property=\"og:url\" content=\"https:\/\/www.buceoelbajon.com\/fr\/notre-centre\/voyages\/\" \/>\n<meta property=\"og:site_name\" content=\"Centro de Buceo El Baj\u00f3n, El Hierro\" \/>\n<meta property=\"article:modified_time\" content=\"2022-05-19T10:53:16+00:00\" \/>\n<meta property=\"og:image\" content=\"https:\/\/www.buceoelbajon.com\/wp-content\/uploads\/2021\/01\/mar.jpg\" \/>\n\t<meta property=\"og:image:width\" content=\"1600\" \/>\n\t<meta property=\"og:image:height\" content=\"1053\" \/>\n\t<meta property=\"og:image:type\" content=\"image\/jpeg\" \/>\n<meta name=\"twitter:card\" content=\"summary_large_image\" \/>\n<meta name=\"twitter:label1\" content=\"Dur\u00e9e de lecture estim\u00e9e\" \/>\n\t<meta name=\"twitter:data1\" content=\"1 minute\" \/>\n<script type=\"application\/ld+json\" class=\"yoast-schema-graph\">{\"@context\":\"https:\/\/schema.org\",\"@graph\":[{\"@type\":\"WebPage\",\"@id\":\"https:\/\/www.buceoelbajon.com\/fr\/notre-centre\/voyages\/\",\"url\":\"https:\/\/www.buceoelbajon.com\/fr\/notre-centre\/voyages\/\",\"name\":\"Voyages - Centro de Buceo El Baj\u00f3n, El Hierro\",\"isPartOf\":{\"@id\":\"https:\/\/www.buceoelbajon.com\/#website\"},\"primaryImageOfPage\":{\"@id\":\"https:\/\/www.buceoelbajon.com\/fr\/notre-centre\/voyages\/#primaryimage\"},\"image\":{\"@id\":\"https:\/\/www.buceoelbajon.com\/fr\/notre-centre\/voyages\/#primaryimage\"},\"thumbnailUrl\":\"https:\/\/www.buceoelbajon.com\/wp-content\/uploads\/2021\/01\/mar.jpg\",\"datePublished\":\"2021-02-05T10:59:19+00:00\",\"dateModified\":\"2022-05-19T10:53:16+00:00\",\"breadcrumb\":{\"@id\":\"https:\/\/www.buceoelbajon.com\/fr\/notre-centre\/voyages\/#breadcrumb\"},\"inLanguage\":\"fr-FR\",\"potentialAction\":[{\"@type\":\"ReadAction\",\"target\":[\"https:\/\/www.buceoelbajon.com\/fr\/notre-centre\/voyages\/\"]}]},{\"@type\":\"ImageObject\",\"inLanguage\":\"fr-FR\",\"@id\":\"https:\/\/www.buceoelbajon.com\/fr\/notre-centre\/voyages\/#primaryimage\",\"url\":\"https:\/\/www.buceoelbajon.com\/wp-content\/uploads\/2021\/01\/mar.jpg\",\"contentUrl\":\"https:\/\/www.buceoelbajon.com\/wp-content\/uploads\/2021\/01\/mar.jpg\",\"width\":1600,\"height\":1053},{\"@type\":\"BreadcrumbList\",\"@id\":\"https:\/\/www.buceoelbajon.com\/fr\/notre-centre\/voyages\/#breadcrumb\",\"itemListElement\":[{\"@type\":\"ListItem\",\"position\":1,\"name\":\"Portada\",\"item\":\"https:\/\/www.buceoelbajon.com\/fr\/\"},{\"@type\":\"ListItem\",\"position\":2,\"name\":\"Notre centre\",\"item\":\"https:\/\/www.buceoelbajon.com\/fr\/notre-centre\/\"},{\"@type\":\"ListItem\",\"position\":3,\"name\":\"Voyages\"}]},{\"@type\":\"WebSite\",\"@id\":\"https:\/\/www.buceoelbajon.com\/#website\",\"url\":\"https:\/\/www.buceoelbajon.com\/\",\"name\":\"Centro de Buceo El Baj\u00f3n, El Hierro\",\"description\":\"Un concepto diferente de buceo en El Hierro\",\"potentialAction\":[{\"@type\":\"SearchAction\",\"target\":{\"@type\":\"EntryPoint\",\"urlTemplate\":\"https:\/\/www.buceoelbajon.com\/?s={search_term_string}\"},\"query-input\":{\"@type\":\"PropertyValueSpecification\",\"valueRequired\":true,\"valueName\":\"search_term_string\"}}],\"inLanguage\":\"fr-FR\"}]}<\/script>\n<!-- \/ Yoast SEO plugin. -->","yoast_head_json":{"title":"Voyages - Centro de Buceo El Baj\u00f3n, El Hierro","robots":{"index":"index","follow":"follow","max-snippet":"max-snippet:-1","max-image-preview":"max-image-preview:large","max-video-preview":"max-video-preview:-1"},"canonical":"https:\/\/www.buceoelbajon.com\/fr\/notre-centre\/voyages\/","og_locale":"fr_FR","og_type":"article","og_title":"Voyages - Centro de Buceo El Baj\u00f3n, El Hierro","og_description":"R\u00e9jouissez-vous et venez avec nous. Venez vous joindre \u00e0 nous. Pour plus d'informations, \u00e9crivez-nous et nous vous informerons plus en d\u00e9tail.","og_url":"https:\/\/www.buceoelbajon.com\/fr\/notre-centre\/voyages\/","og_site_name":"Centro de Buceo El Baj\u00f3n, El Hierro","article_modified_time":"2022-05-19T10:53:16+00:00","og_image":[{"width":1600,"height":1053,"url":"https:\/\/www.buceoelbajon.com\/wp-content\/uploads\/2021\/01\/mar.jpg","type":"image\/jpeg"}],"twitter_card":"summary_large_image","twitter_misc":{"Dur\u00e9e de lecture estim\u00e9e":"1 minute"},"schema":{"@context":"https:\/\/schema.org","@graph":[{"@type":"WebPage","@id":"https:\/\/www.buceoelbajon.com\/fr\/notre-centre\/voyages\/","url":"https:\/\/www.buceoelbajon.com\/fr\/notre-centre\/voyages\/","name":"Voyages - Centro de Buceo El Baj\u00f3n, El Hierro","isPartOf":{"@id":"https:\/\/www.buceoelbajon.com\/#website"},"primaryImageOfPage":{"@id":"https:\/\/www.buceoelbajon.com\/fr\/notre-centre\/voyages\/#primaryimage"},"image":{"@id":"https:\/\/www.buceoelbajon.com\/fr\/notre-centre\/voyages\/#primaryimage"},"thumbnailUrl":"https:\/\/www.buceoelbajon.com\/wp-content\/uploads\/2021\/01\/mar.jpg","datePublished":"2021-02-05T10:59:19+00:00","dateModified":"2022-05-19T10:53:16+00:00","breadcrumb":{"@id":"https:\/\/www.buceoelbajon.com\/fr\/notre-centre\/voyages\/#breadcrumb"},"inLanguage":"fr-FR","potentialAction":[{"@type":"ReadAction","target":["https:\/\/www.buceoelbajon.com\/fr\/notre-centre\/voyages\/"]}]},{"@type":"ImageObject","inLanguage":"fr-FR","@id":"https:\/\/www.buceoelbajon.com\/fr\/notre-centre\/voyages\/#primaryimage","url":"https:\/\/www.buceoelbajon.com\/wp-content\/uploads\/2021\/01\/mar.jpg","contentUrl":"https:\/\/www.buceoelbajon.com\/wp-content\/uploads\/2021\/01\/mar.jpg","width":1600,"height":1053},{"@type":"BreadcrumbList","@id":"https:\/\/www.buceoelbajon.com\/fr\/notre-centre\/voyages\/#breadcrumb","itemListElement":[{"@type":"ListItem","position":1,"name":"Portada","item":"https:\/\/www.buceoelbajon.com\/fr\/"},{"@type":"ListItem","position":2,"name":"Notre centre","item":"https:\/\/www.buceoelbajon.com\/fr\/notre-centre\/"},{"@type":"ListItem","position":3,"name":"Voyages"}]},{"@type":"WebSite","@id":"https:\/\/www.buceoelbajon.com\/#website","url":"https:\/\/www.buceoelbajon.com\/","name":"Centro de Buceo El Baj\u00f3n, El Hierro","description":"Un concepto diferente de buceo en El Hierro","potentialAction":[{"@type":"SearchAction","target":{"@type":"EntryPoint","urlTemplate":"https:\/\/www.buceoelbajon.com\/?s={search_term_string}"},"query-input":{"@type":"PropertyValueSpecification","valueRequired":true,"valueName":"search_term_string"}}],"inLanguage":"fr-FR"}]}},"_links":{"self":[{"href":"https:\/\/www.buceoelbajon.com\/fr\/wp-json\/wp\/v2\/pages\/3025","targetHints":{"allow":["GET"]}}],"collection":[{"href":"https:\/\/www.buceoelbajon.com\/fr\/wp-json\/wp\/v2\/pages"}],"about":[{"href":"https:\/\/www.buceoelbajon.com\/fr\/wp-json\/wp\/v2\/types\/page"}],"author":[{"embeddable":true,"href":"https:\/\/www.buceoelbajon.com\/fr\/wp-json\/wp\/v2\/users\/1"}],"replies":[{"embeddable":true,"href":"https:\/\/www.buceoelbajon.com\/fr\/wp-json\/wp\/v2\/comments?post=3025"}],"version-history":[{"count":2,"href":"https:\/\/www.buceoelbajon.com\/fr\/wp-json\/wp\/v2\/pages\/3025\/revisions"}],"predecessor-version":[{"id":3027,"href":"https:\/\/www.buceoelbajon.com\/fr\/wp-json\/wp\/v2\/pages\/3025\/revisions\/3027"}],"up":[{"embeddable":true,"href":"https:\/\/www.buceoelbajon.com\/fr\/wp-json\/wp\/v2\/pages\/2536"}],"wp:featuredmedia":[{"embeddable":true,"href":"https:\/\/www.buceoelbajon.com\/fr\/wp-json\/wp\/v2\/media\/2535"}],"wp:attachment":[{"href":"https:\/\/www.buceoelbajon.com\/fr\/wp-json\/wp\/v2\/media?parent=3025"}],"curies":[{"name":"wp","href":"https:\/\/api.w.org\/{rel}","templated":true}]}}