{"id":3016,"date":"2021-03-11T21:32:43","date_gmt":"2021-03-11T21:32:43","guid":{"rendered":"https:\/\/www.buceoelbajon.com\/services\/formation-nautique\/"},"modified":"2022-05-19T11:43:16","modified_gmt":"2022-05-19T10:43:16","slug":"formation-nautique","status":"publish","type":"page","link":"https:\/\/www.buceoelbajon.com\/fr\/services\/formation-nautique\/","title":{"rendered":"Formation nautique"},"content":{"rendered":"<p>[et_pb_section fb_built=\u00a0\u00bb1&Prime; admin_label=\u00a0\u00bbsection\u00a0\u00bb _builder_version=\u00a0\u00bb3.22&Prime; custom_padding=\u00a0\u00bb|||0px||\u00a0\u00bb][et_pb_row column_structure=\u00a0\u00bb2_5,3_5&Prime; admin_label=\u00a0\u00bbrow\u00a0\u00bb _builder_version=\u00a0\u00bb3.25&Prime; background_size=\u00a0\u00bbinitial\u00a0\u00bb background_position=\u00a0\u00bbtop_left\u00a0\u00bb background_repeat=\u00a0\u00bbrepeat\u00a0\u00bb][et_pb_column type=\u00a0\u00bb2_5&Prime; _builder_version=\u00a0\u00bb3.25&Prime; custom_padding=\u00a0\u00bb|||\u00a0\u00bb custom_padding__hover=\u00a0\u00bb|||\u00a0\u00bb][et_pb_gallery gallery_ids=\u00a0\u00bb616,1205,615,1223&Prime; posts_number=\u00a0\u00bb8&Prime; show_title_and_caption=\u00a0\u00bboff\u00a0\u00bb show_pagination=\u00a0\u00bboff\u00a0\u00bb _builder_version=\u00a0\u00bb4.9.1&Prime; _module_preset=\u00a0\u00bbdefault\u00a0\u00bb][\/et_pb_gallery][\/et_pb_column][et_pb_column type=\u00a0\u00bb3_5&Prime; _builder_version=\u00a0\u00bb3.25&Prime; custom_padding=\u00a0\u00bb|||\u00a0\u00bb custom_padding__hover=\u00a0\u00bb|||\u00a0\u00bb][et_pb_text admin_label=\u00a0\u00bbText\u00a0\u00bb _builder_version=\u00a0\u00bb4.8.1&Prime; background_size=\u00a0\u00bbinitial\u00a0\u00bb background_position=\u00a0\u00bbtop_left\u00a0\u00bb background_repeat=\u00a0\u00bbrepeat\u00a0\u00bb]<\/p>\n<div class=\"container_simple\">\n<div class=\"container\">\n<div class=\"_simple\">\n<div class=\"global \">\n<div class=\"breathe\">\n<h1 class=\"__heading_big __heading_border \">Licence de Navigation (Titul\u00edn)<\/h1>\n<div class=\"__summary \">\n<div class=\"clearfix\">\n<div class=\"col-lg-8\">\n<p>La Licence de Navigation, \u00e9galement connue en espagnol sous le nom de \u00ab\u00a0<a class=\"bb a_bb\" href=\"https:\/\/www.cenautica.com\/titulin-nautico\">titul\u00edn<\/a>\u00ab\u00a0, est une licence qui peut \u00eatre obtenue en seulement 6 heures de formation et <strong class=\"bb strong_bb\">ne n\u00e9cessite pas de passer d&rsquo;examen.<\/strong><\/p>\n<p>Ce permis autorise son titulaire \u00e0 conduire des embarcations de plaisance d&rsquo;une longueur maximale de 6 m\u00e8tres et pour la navigation c\u00f4ti\u00e8re jusqu&rsquo;\u00e0 une distance maximale de 2 miles de la c\u00f4te pendant la journ\u00e9e. En outre, avec la nouvelle r\u00e9glementation publi\u00e9e dans le d\u00e9cret royal 238\/2019, il est \u00e9tabli qu&rsquo;avec le permis de navigation, il sera possible de transporter des motos nautiques sans limite de puissance.<\/p>\n<\/div>\n<div class=\"col-lg-3 offset-col-lg-1\"><\/div>\n<\/div>\n<\/div>\n<\/div>\n<\/div>\n<\/div>\n<\/div>\n<\/div>\n<div class=\"container_course_type_properties\">\n<div class=\"container\">\n<div class=\"_course_type_properties\">\n<div class=\"global\">\n<div class=\"attributions\">\n<h2 class=\"__heading_xsmall \">Attributions Licence de Navigation<\/h2>\n<div class=\"clearfix\">\n<ul class=\"cols-lg-2 cols-md-2\">\n<li class=\"col-lg-6 col-md-4\">\n<div class=\"title\">JUSQU&rsquo;\u00c0 6 M\u00c8TRES DE LONGUEUR<\/div>\n<div class=\"text\">La licence de navigation vous permet de faire naviguer des navires d&rsquo;une longueur maximale de 6 m\u00e8tres.<\/div>\n<\/li>\n<li class=\"col-lg-6 col-md-4\">\n<div class=\"title\">JUSQU&rsquo;\u00c0 2 MILES DE LA C\u00d4TE<\/div>\n<div class=\"text\">La distance maximale autoris\u00e9e pour s&rsquo;\u00e9loigner de la c\u00f4te avec la licence de navigation est de 2 miles.<\/div>\n<\/li>\n<li class=\"col-lg-6 col-md-4\">\n<div class=\"title\">NAVIGATION DE JOUR<\/div>\n<div class=\"text\">Seule la navigation de jour est autoris\u00e9e avec la licence de navigation.<\/div>\n<\/li>\n<li class=\"col-lg-6 col-md-4\">\n<div class=\"title\">AUCUNE LIMITE DE PUISSANCE<\/div>\n<div class=\"text\">La licence de navigation ne fixe pas de limite de puissance pour les bateaux et les jet-skis.<\/div>\n<\/li>\n<li class=\"col-lg-6 col-md-4\">\n<div class=\"title\">MOTOS AQUATIQUES<\/div>\n<div class=\"text\">La licence de navigation permet \u00e0 son titulaire de conduire tous les types d&#8217;embarcations.<\/div>\n<\/li>\n<\/ul>\n<\/div>\n<\/div>\n<div class=\"requirements\">\n<h3 class=\"__heading_xsmall \">Conditions requises de la Licence de Navigation<\/h3>\n<div class=\"text\">\n<div class=\"clearfix\">\n<ul>\n<li>Avoir 16 ans r\u00e9volus.<\/li>\n<li>Suivre un cours th\u00e9orique d&rsquo;une dur\u00e9e minimale de 2 heures.<\/li>\n<li>Suivre une formation pratique de base de 4 heures sur la s\u00e9curit\u00e9 et la navigation.<\/li>\n<li>Obtenir un certificat m\u00e9dical psychotechnique.<\/li>\n<\/ul>\n<p>&nbsp;<\/p>\n<p>&nbsp;<\/p>\n<\/div>\n<\/div>\n<\/div>\n<\/div>\n<\/div>\n<\/div>\n<\/div>\n<h2 style=\"text-align: right;\"><strong><em>Prix : 150 \u20ac.<br \/><\/em><\/strong><strong style=\"font-size: 18px;\"><em>Dur\u00e9e : 6h (2h de cours th\u00e9orique et 4h de pratique)<\/em><\/strong><strong><em><br \/><\/em><\/strong><\/h2>\n<p>[\/et_pb_text][\/et_pb_column][\/et_pb_row][\/et_pb_section]<\/p>\n","protected":false},"excerpt":{"rendered":"<p>Licence de Navigation (Titul\u00edn) La Licence de Navigation, \u00e9galement connue en espagnol sous le nom de \u00ab\u00a0titul\u00edn\u00a0\u00bb, est une licence qui peut \u00eatre obtenue en seulement 6 heures de formation et ne n\u00e9cessite pas de passer d&rsquo;examen. Ce permis autorise son titulaire \u00e0 conduire des embarcations de plaisance d&rsquo;une longueur maximale de 6 m\u00e8tres et [&hellip;]<\/p>\n","protected":false},"author":1,"featured_media":2541,"parent":2965,"menu_order":0,"comment_status":"closed","ping_status":"closed","template":"","meta":{"_et_pb_use_builder":"on","_et_pb_old_content":"","_et_gb_content_width":"","footnotes":""},"class_list":["post-3016","page","type-page","status-publish","has-post-thumbnail","hentry"],"yoast_head":"<!-- This site is optimized with the Yoast SEO plugin v24.7 - https:\/\/yoast.com\/wordpress\/plugins\/seo\/ -->\n<title>Formation nautique - Centro de Buceo El Baj\u00f3n, El Hierro<\/title>\n<meta name=\"robots\" content=\"index, follow, max-snippet:-1, max-image-preview:large, max-video-preview:-1\" \/>\n<link rel=\"canonical\" href=\"https:\/\/www.buceoelbajon.com\/fr\/services\/formation-nautique\/\" \/>\n<meta property=\"og:locale\" content=\"fr_FR\" \/>\n<meta property=\"og:type\" content=\"article\" \/>\n<meta property=\"og:title\" content=\"Formation nautique - Centro de Buceo El Baj\u00f3n, El Hierro\" \/>\n<meta property=\"og:description\" content=\"Licence de Navigation (Titul\u00edn) La Licence de Navigation, \u00e9galement connue en espagnol sous le nom de &quot;titul\u00edn&quot;, est une licence qui peut \u00eatre obtenue en seulement 6 heures de formation et ne n\u00e9cessite pas de passer d&#039;examen. Ce permis autorise son titulaire \u00e0 conduire des embarcations de plaisance d&#039;une longueur maximale de 6 m\u00e8tres et [&hellip;]\" \/>\n<meta property=\"og:url\" content=\"https:\/\/www.buceoelbajon.com\/fr\/services\/formation-nautique\/\" \/>\n<meta property=\"og:site_name\" content=\"Centro de Buceo El Baj\u00f3n, El Hierro\" \/>\n<meta property=\"article:modified_time\" content=\"2022-05-19T10:43:16+00:00\" \/>\n<meta property=\"og:image\" content=\"https:\/\/www.buceoelbajon.com\/wp-content\/uploads\/2021\/01\/Embarcacion2.jpg\" \/>\n\t<meta property=\"og:image:width\" content=\"1429\" \/>\n\t<meta property=\"og:image:height\" content=\"796\" \/>\n\t<meta property=\"og:image:type\" content=\"image\/jpeg\" \/>\n<meta name=\"twitter:card\" content=\"summary_large_image\" \/>\n<meta name=\"twitter:label1\" content=\"Dur\u00e9e de lecture estim\u00e9e\" \/>\n\t<meta name=\"twitter:data1\" content=\"2 minutes\" \/>\n<script type=\"application\/ld+json\" class=\"yoast-schema-graph\">{\"@context\":\"https:\/\/schema.org\",\"@graph\":[{\"@type\":\"WebPage\",\"@id\":\"https:\/\/www.buceoelbajon.com\/fr\/services\/formation-nautique\/\",\"url\":\"https:\/\/www.buceoelbajon.com\/fr\/services\/formation-nautique\/\",\"name\":\"Formation nautique - Centro de Buceo El Baj\u00f3n, El Hierro\",\"isPartOf\":{\"@id\":\"https:\/\/www.buceoelbajon.com\/#website\"},\"primaryImageOfPage\":{\"@id\":\"https:\/\/www.buceoelbajon.com\/fr\/services\/formation-nautique\/#primaryimage\"},\"image\":{\"@id\":\"https:\/\/www.buceoelbajon.com\/fr\/services\/formation-nautique\/#primaryimage\"},\"thumbnailUrl\":\"https:\/\/www.buceoelbajon.com\/wp-content\/uploads\/2021\/01\/Embarcacion2.jpg\",\"datePublished\":\"2021-03-11T21:32:43+00:00\",\"dateModified\":\"2022-05-19T10:43:16+00:00\",\"breadcrumb\":{\"@id\":\"https:\/\/www.buceoelbajon.com\/fr\/services\/formation-nautique\/#breadcrumb\"},\"inLanguage\":\"fr-FR\",\"potentialAction\":[{\"@type\":\"ReadAction\",\"target\":[\"https:\/\/www.buceoelbajon.com\/fr\/services\/formation-nautique\/\"]}]},{\"@type\":\"ImageObject\",\"inLanguage\":\"fr-FR\",\"@id\":\"https:\/\/www.buceoelbajon.com\/fr\/services\/formation-nautique\/#primaryimage\",\"url\":\"https:\/\/www.buceoelbajon.com\/wp-content\/uploads\/2021\/01\/Embarcacion2.jpg\",\"contentUrl\":\"https:\/\/www.buceoelbajon.com\/wp-content\/uploads\/2021\/01\/Embarcacion2.jpg\",\"width\":1429,\"height\":796},{\"@type\":\"BreadcrumbList\",\"@id\":\"https:\/\/www.buceoelbajon.com\/fr\/services\/formation-nautique\/#breadcrumb\",\"itemListElement\":[{\"@type\":\"ListItem\",\"position\":1,\"name\":\"Portada\",\"item\":\"https:\/\/www.buceoelbajon.com\/fr\/\"},{\"@type\":\"ListItem\",\"position\":2,\"name\":\"Services\",\"item\":\"https:\/\/www.buceoelbajon.com\/fr\/services\/\"},{\"@type\":\"ListItem\",\"position\":3,\"name\":\"Formation nautique\"}]},{\"@type\":\"WebSite\",\"@id\":\"https:\/\/www.buceoelbajon.com\/#website\",\"url\":\"https:\/\/www.buceoelbajon.com\/\",\"name\":\"Centro de Buceo El Baj\u00f3n, El Hierro\",\"description\":\"Un concepto diferente de buceo en El Hierro\",\"potentialAction\":[{\"@type\":\"SearchAction\",\"target\":{\"@type\":\"EntryPoint\",\"urlTemplate\":\"https:\/\/www.buceoelbajon.com\/?s={search_term_string}\"},\"query-input\":{\"@type\":\"PropertyValueSpecification\",\"valueRequired\":true,\"valueName\":\"search_term_string\"}}],\"inLanguage\":\"fr-FR\"}]}<\/script>\n<!-- \/ Yoast SEO plugin. -->","yoast_head_json":{"title":"Formation nautique - Centro de Buceo El Baj\u00f3n, El Hierro","robots":{"index":"index","follow":"follow","max-snippet":"max-snippet:-1","max-image-preview":"max-image-preview:large","max-video-preview":"max-video-preview:-1"},"canonical":"https:\/\/www.buceoelbajon.com\/fr\/services\/formation-nautique\/","og_locale":"fr_FR","og_type":"article","og_title":"Formation nautique - Centro de Buceo El Baj\u00f3n, El Hierro","og_description":"Licence de Navigation (Titul\u00edn) La Licence de Navigation, \u00e9galement connue en espagnol sous le nom de \"titul\u00edn\", est une licence qui peut \u00eatre obtenue en seulement 6 heures de formation et ne n\u00e9cessite pas de passer d'examen. Ce permis autorise son titulaire \u00e0 conduire des embarcations de plaisance d'une longueur maximale de 6 m\u00e8tres et [&hellip;]","og_url":"https:\/\/www.buceoelbajon.com\/fr\/services\/formation-nautique\/","og_site_name":"Centro de Buceo El Baj\u00f3n, El Hierro","article_modified_time":"2022-05-19T10:43:16+00:00","og_image":[{"width":1429,"height":796,"url":"https:\/\/www.buceoelbajon.com\/wp-content\/uploads\/2021\/01\/Embarcacion2.jpg","type":"image\/jpeg"}],"twitter_card":"summary_large_image","twitter_misc":{"Dur\u00e9e de lecture estim\u00e9e":"2 minutes"},"schema":{"@context":"https:\/\/schema.org","@graph":[{"@type":"WebPage","@id":"https:\/\/www.buceoelbajon.com\/fr\/services\/formation-nautique\/","url":"https:\/\/www.buceoelbajon.com\/fr\/services\/formation-nautique\/","name":"Formation nautique - Centro de Buceo El Baj\u00f3n, El Hierro","isPartOf":{"@id":"https:\/\/www.buceoelbajon.com\/#website"},"primaryImageOfPage":{"@id":"https:\/\/www.buceoelbajon.com\/fr\/services\/formation-nautique\/#primaryimage"},"image":{"@id":"https:\/\/www.buceoelbajon.com\/fr\/services\/formation-nautique\/#primaryimage"},"thumbnailUrl":"https:\/\/www.buceoelbajon.com\/wp-content\/uploads\/2021\/01\/Embarcacion2.jpg","datePublished":"2021-03-11T21:32:43+00:00","dateModified":"2022-05-19T10:43:16+00:00","breadcrumb":{"@id":"https:\/\/www.buceoelbajon.com\/fr\/services\/formation-nautique\/#breadcrumb"},"inLanguage":"fr-FR","potentialAction":[{"@type":"ReadAction","target":["https:\/\/www.buceoelbajon.com\/fr\/services\/formation-nautique\/"]}]},{"@type":"ImageObject","inLanguage":"fr-FR","@id":"https:\/\/www.buceoelbajon.com\/fr\/services\/formation-nautique\/#primaryimage","url":"https:\/\/www.buceoelbajon.com\/wp-content\/uploads\/2021\/01\/Embarcacion2.jpg","contentUrl":"https:\/\/www.buceoelbajon.com\/wp-content\/uploads\/2021\/01\/Embarcacion2.jpg","width":1429,"height":796},{"@type":"BreadcrumbList","@id":"https:\/\/www.buceoelbajon.com\/fr\/services\/formation-nautique\/#breadcrumb","itemListElement":[{"@type":"ListItem","position":1,"name":"Portada","item":"https:\/\/www.buceoelbajon.com\/fr\/"},{"@type":"ListItem","position":2,"name":"Services","item":"https:\/\/www.buceoelbajon.com\/fr\/services\/"},{"@type":"ListItem","position":3,"name":"Formation nautique"}]},{"@type":"WebSite","@id":"https:\/\/www.buceoelbajon.com\/#website","url":"https:\/\/www.buceoelbajon.com\/","name":"Centro de Buceo El Baj\u00f3n, El Hierro","description":"Un concepto diferente de buceo en El Hierro","potentialAction":[{"@type":"SearchAction","target":{"@type":"EntryPoint","urlTemplate":"https:\/\/www.buceoelbajon.com\/?s={search_term_string}"},"query-input":{"@type":"PropertyValueSpecification","valueRequired":true,"valueName":"search_term_string"}}],"inLanguage":"fr-FR"}]}},"_links":{"self":[{"href":"https:\/\/www.buceoelbajon.com\/fr\/wp-json\/wp\/v2\/pages\/3016","targetHints":{"allow":["GET"]}}],"collection":[{"href":"https:\/\/www.buceoelbajon.com\/fr\/wp-json\/wp\/v2\/pages"}],"about":[{"href":"https:\/\/www.buceoelbajon.com\/fr\/wp-json\/wp\/v2\/types\/page"}],"author":[{"embeddable":true,"href":"https:\/\/www.buceoelbajon.com\/fr\/wp-json\/wp\/v2\/users\/1"}],"replies":[{"embeddable":true,"href":"https:\/\/www.buceoelbajon.com\/fr\/wp-json\/wp\/v2\/comments?post=3016"}],"version-history":[{"count":2,"href":"https:\/\/www.buceoelbajon.com\/fr\/wp-json\/wp\/v2\/pages\/3016\/revisions"}],"predecessor-version":[{"id":3018,"href":"https:\/\/www.buceoelbajon.com\/fr\/wp-json\/wp\/v2\/pages\/3016\/revisions\/3018"}],"up":[{"embeddable":true,"href":"https:\/\/www.buceoelbajon.com\/fr\/wp-json\/wp\/v2\/pages\/2965"}],"wp:featuredmedia":[{"embeddable":true,"href":"https:\/\/www.buceoelbajon.com\/fr\/wp-json\/wp\/v2\/media\/2541"}],"wp:attachment":[{"href":"https:\/\/www.buceoelbajon.com\/fr\/wp-json\/wp\/v2\/media?parent=3016"}],"curies":[{"name":"wp","href":"https:\/\/api.w.org\/{rel}","templated":true}]}}