{"id":3007,"date":"2021-01-19T22:12:43","date_gmt":"2021-01-19T22:12:43","guid":{"rendered":"https:\/\/www.buceoelbajon.com\/services\/devenez-instructeur-de-plongee\/"},"modified":"2022-05-19T10:54:01","modified_gmt":"2022-05-19T09:54:01","slug":"devenez-instructeur-de-plongee","status":"publish","type":"page","link":"https:\/\/www.buceoelbajon.com\/fr\/services\/devenez-instructeur-de-plongee\/","title":{"rendered":"Devenez instructeur de plong\u00e9e"},"content":{"rendered":"<p>[et_pb_section fb_built=\u00a0\u00bb1&Prime; admin_label=\u00a0\u00bbsection\u00a0\u00bb _builder_version=\u00a0\u00bb3.22&Prime;][et_pb_row admin_label=\u00a0\u00bbrow\u00a0\u00bb _builder_version=\u00a0\u00bb3.25&Prime; background_size=\u00a0\u00bbinitial\u00a0\u00bb background_position=\u00a0\u00bbtop_left\u00a0\u00bb background_repeat=\u00a0\u00bbrepeat\u00a0\u00bb][et_pb_column type=\u00a0\u00bb4_4&Prime; _builder_version=\u00a0\u00bb3.25&Prime; custom_padding=\u00a0\u00bb|||\u00a0\u00bb custom_padding__hover=\u00a0\u00bb|||\u00a0\u00bb][et_pb_text admin_label=\u00a0\u00bbText\u00a0\u00bb _builder_version=\u00a0\u00bb4.9.1&Prime; background_size=\u00a0\u00bbinitial\u00a0\u00bb background_position=\u00a0\u00bbtop_left\u00a0\u00bb background_repeat=\u00a0\u00bbrepeat\u00a0\u00bb hover_enabled=\u00a0\u00bb0&Prime; sticky_enabled=\u00a0\u00bb0&Prime;]<\/p>\n<p>L&rsquo;\u00e9tape d\u00e9finitive, o\u00f9 vous apprendrez \u00e0 enseigner tous les programmes <strong>PADI<\/strong> et leurs standards, \u00e0 enseigner les cours <em>Open Water<\/em>, <em>Advanced<\/em>, <em>Rescue<\/em> et <em>Divemaster<\/em> ; \u00eatre capable de certifier ces cours de mani\u00e8re autonome. Vous pourrez constater que cette nouvelle certification vous ouvre un large \u00e9ventail de possibilit\u00e9s, tant sur le plan personnel que professionnel. Si vous avez pens\u00e9 \u00e0 faire de votre hobby votre profession et si vous voulez voir le monde, ce cours est pour vous. <strong>PADI<\/strong> a une banque d&#8217;emplois mise \u00e0 jour chaque semaine avec plus de 300 offres d&#8217;emploi dans le monde entier.<\/p>\n<h2 id=\"header1\" style=\"text-align: center;\"><b>\u00cates-vous pr\u00eat \u00e0 faire un essai ? <\/b><\/h2>\n<h2 style=\"text-align: center;\"><b>Contactez-nous pour planifier votre exp\u00e9rience.<\/b><\/h2>\n<p>[\/et_pb_text][et_pb_code _builder_version=\u00a0\u00bb4.9.1&Prime; _module_preset=\u00a0\u00bbdefault\u00a0\u00bb hover_enabled=\u00a0\u00bb0&Prime; sticky_enabled=\u00a0\u00bb0&Prime; admin_label=\u00a0\u00bbC\u00f3digo\u00a0\u00bb]<iframe loading=\"lazy\" height=\"450px\" width=\"100%\" allowfullscreen=\"true\" src=\"https:\/\/momento360.com\/e\/u\/6efc340905394b3bb91872f339a56ae0\"><\/iframe>[\/et_pb_code][et_pb_blog include_categories=\u00a0\u00bb9&Prime; _builder_version=\u00a0\u00bb4.8.1&Prime; _module_preset=\u00a0\u00bbdefault\u00a0\u00bb][\/et_pb_blog][\/et_pb_column][\/et_pb_row][\/et_pb_section]<\/p>\n","protected":false},"excerpt":{"rendered":"<p>L&rsquo;\u00e9tape d\u00e9finitive, o\u00f9 vous apprendrez \u00e0 enseigner tous les programmes PADI et leurs standards, \u00e0 enseigner les cours Open Water, Advanced, Rescue et Divemaster ; \u00eatre capable de certifier ces cours de mani\u00e8re autonome. Vous pourrez constater que cette nouvelle certification vous ouvre un large \u00e9ventail de possibilit\u00e9s, tant sur le plan personnel que professionnel. [&hellip;]<\/p>\n","protected":false},"author":1,"featured_media":2533,"parent":2965,"menu_order":35,"comment_status":"closed","ping_status":"closed","template":"","meta":{"_et_pb_use_builder":"on","_et_pb_old_content":"","_et_gb_content_width":"","footnotes":""},"class_list":["post-3007","page","type-page","status-publish","has-post-thumbnail","hentry"],"yoast_head":"<!-- This site is optimized with the Yoast SEO plugin v24.7 - https:\/\/yoast.com\/wordpress\/plugins\/seo\/ -->\n<title>Devenez instructeur de plong\u00e9e - Centro de Buceo El Baj\u00f3n, El Hierro<\/title>\n<meta name=\"robots\" content=\"index, follow, max-snippet:-1, max-image-preview:large, max-video-preview:-1\" \/>\n<link rel=\"canonical\" href=\"https:\/\/www.buceoelbajon.com\/fr\/services\/devenez-instructeur-de-plongee\/\" \/>\n<meta property=\"og:locale\" content=\"fr_FR\" \/>\n<meta property=\"og:type\" content=\"article\" \/>\n<meta property=\"og:title\" content=\"Devenez instructeur de plong\u00e9e - Centro de Buceo El Baj\u00f3n, El Hierro\" \/>\n<meta property=\"og:description\" content=\"L&#039;\u00e9tape d\u00e9finitive, o\u00f9 vous apprendrez \u00e0 enseigner tous les programmes PADI et leurs standards, \u00e0 enseigner les cours Open Water, Advanced, Rescue et Divemaster ; \u00eatre capable de certifier ces cours de mani\u00e8re autonome. Vous pourrez constater que cette nouvelle certification vous ouvre un large \u00e9ventail de possibilit\u00e9s, tant sur le plan personnel que professionnel. [&hellip;]\" \/>\n<meta property=\"og:url\" content=\"https:\/\/www.buceoelbajon.com\/fr\/services\/devenez-instructeur-de-plongee\/\" \/>\n<meta property=\"og:site_name\" content=\"Centro de Buceo El Baj\u00f3n, El Hierro\" \/>\n<meta property=\"article:modified_time\" content=\"2022-05-19T09:54:01+00:00\" \/>\n<meta property=\"og:image\" content=\"https:\/\/www.buceoelbajon.com\/wp-content\/uploads\/2021\/01\/Curso-PADI.jpg\" \/>\n\t<meta property=\"og:image:width\" content=\"950\" \/>\n\t<meta property=\"og:image:height\" content=\"709\" \/>\n\t<meta property=\"og:image:type\" content=\"image\/jpeg\" \/>\n<meta name=\"twitter:card\" content=\"summary_large_image\" \/>\n<meta name=\"twitter:label1\" content=\"Dur\u00e9e de lecture estim\u00e9e\" \/>\n\t<meta name=\"twitter:data1\" content=\"1 minute\" \/>\n<script type=\"application\/ld+json\" class=\"yoast-schema-graph\">{\"@context\":\"https:\/\/schema.org\",\"@graph\":[{\"@type\":\"WebPage\",\"@id\":\"https:\/\/www.buceoelbajon.com\/fr\/services\/devenez-instructeur-de-plongee\/\",\"url\":\"https:\/\/www.buceoelbajon.com\/fr\/services\/devenez-instructeur-de-plongee\/\",\"name\":\"Devenez instructeur de plong\u00e9e - Centro de Buceo El Baj\u00f3n, El Hierro\",\"isPartOf\":{\"@id\":\"https:\/\/www.buceoelbajon.com\/#website\"},\"primaryImageOfPage\":{\"@id\":\"https:\/\/www.buceoelbajon.com\/fr\/services\/devenez-instructeur-de-plongee\/#primaryimage\"},\"image\":{\"@id\":\"https:\/\/www.buceoelbajon.com\/fr\/services\/devenez-instructeur-de-plongee\/#primaryimage\"},\"thumbnailUrl\":\"https:\/\/www.buceoelbajon.com\/wp-content\/uploads\/2021\/01\/Curso-PADI.jpg\",\"datePublished\":\"2021-01-19T22:12:43+00:00\",\"dateModified\":\"2022-05-19T09:54:01+00:00\",\"breadcrumb\":{\"@id\":\"https:\/\/www.buceoelbajon.com\/fr\/services\/devenez-instructeur-de-plongee\/#breadcrumb\"},\"inLanguage\":\"fr-FR\",\"potentialAction\":[{\"@type\":\"ReadAction\",\"target\":[\"https:\/\/www.buceoelbajon.com\/fr\/services\/devenez-instructeur-de-plongee\/\"]}]},{\"@type\":\"ImageObject\",\"inLanguage\":\"fr-FR\",\"@id\":\"https:\/\/www.buceoelbajon.com\/fr\/services\/devenez-instructeur-de-plongee\/#primaryimage\",\"url\":\"https:\/\/www.buceoelbajon.com\/wp-content\/uploads\/2021\/01\/Curso-PADI.jpg\",\"contentUrl\":\"https:\/\/www.buceoelbajon.com\/wp-content\/uploads\/2021\/01\/Curso-PADI.jpg\",\"width\":950,\"height\":709},{\"@type\":\"BreadcrumbList\",\"@id\":\"https:\/\/www.buceoelbajon.com\/fr\/services\/devenez-instructeur-de-plongee\/#breadcrumb\",\"itemListElement\":[{\"@type\":\"ListItem\",\"position\":1,\"name\":\"Portada\",\"item\":\"https:\/\/www.buceoelbajon.com\/fr\/\"},{\"@type\":\"ListItem\",\"position\":2,\"name\":\"Services\",\"item\":\"https:\/\/www.buceoelbajon.com\/fr\/services\/\"},{\"@type\":\"ListItem\",\"position\":3,\"name\":\"Devenez instructeur de plong\u00e9e\"}]},{\"@type\":\"WebSite\",\"@id\":\"https:\/\/www.buceoelbajon.com\/#website\",\"url\":\"https:\/\/www.buceoelbajon.com\/\",\"name\":\"Centro de Buceo El Baj\u00f3n, El Hierro\",\"description\":\"Un concepto diferente de buceo en El Hierro\",\"potentialAction\":[{\"@type\":\"SearchAction\",\"target\":{\"@type\":\"EntryPoint\",\"urlTemplate\":\"https:\/\/www.buceoelbajon.com\/?s={search_term_string}\"},\"query-input\":{\"@type\":\"PropertyValueSpecification\",\"valueRequired\":true,\"valueName\":\"search_term_string\"}}],\"inLanguage\":\"fr-FR\"}]}<\/script>\n<!-- \/ Yoast SEO plugin. -->","yoast_head_json":{"title":"Devenez instructeur de plong\u00e9e - Centro de Buceo El Baj\u00f3n, El Hierro","robots":{"index":"index","follow":"follow","max-snippet":"max-snippet:-1","max-image-preview":"max-image-preview:large","max-video-preview":"max-video-preview:-1"},"canonical":"https:\/\/www.buceoelbajon.com\/fr\/services\/devenez-instructeur-de-plongee\/","og_locale":"fr_FR","og_type":"article","og_title":"Devenez instructeur de plong\u00e9e - Centro de Buceo El Baj\u00f3n, El Hierro","og_description":"L'\u00e9tape d\u00e9finitive, o\u00f9 vous apprendrez \u00e0 enseigner tous les programmes PADI et leurs standards, \u00e0 enseigner les cours Open Water, Advanced, Rescue et Divemaster ; \u00eatre capable de certifier ces cours de mani\u00e8re autonome. Vous pourrez constater que cette nouvelle certification vous ouvre un large \u00e9ventail de possibilit\u00e9s, tant sur le plan personnel que professionnel. [&hellip;]","og_url":"https:\/\/www.buceoelbajon.com\/fr\/services\/devenez-instructeur-de-plongee\/","og_site_name":"Centro de Buceo El Baj\u00f3n, El Hierro","article_modified_time":"2022-05-19T09:54:01+00:00","og_image":[{"width":950,"height":709,"url":"https:\/\/www.buceoelbajon.com\/wp-content\/uploads\/2021\/01\/Curso-PADI.jpg","type":"image\/jpeg"}],"twitter_card":"summary_large_image","twitter_misc":{"Dur\u00e9e de lecture estim\u00e9e":"1 minute"},"schema":{"@context":"https:\/\/schema.org","@graph":[{"@type":"WebPage","@id":"https:\/\/www.buceoelbajon.com\/fr\/services\/devenez-instructeur-de-plongee\/","url":"https:\/\/www.buceoelbajon.com\/fr\/services\/devenez-instructeur-de-plongee\/","name":"Devenez instructeur de plong\u00e9e - Centro de Buceo El Baj\u00f3n, El Hierro","isPartOf":{"@id":"https:\/\/www.buceoelbajon.com\/#website"},"primaryImageOfPage":{"@id":"https:\/\/www.buceoelbajon.com\/fr\/services\/devenez-instructeur-de-plongee\/#primaryimage"},"image":{"@id":"https:\/\/www.buceoelbajon.com\/fr\/services\/devenez-instructeur-de-plongee\/#primaryimage"},"thumbnailUrl":"https:\/\/www.buceoelbajon.com\/wp-content\/uploads\/2021\/01\/Curso-PADI.jpg","datePublished":"2021-01-19T22:12:43+00:00","dateModified":"2022-05-19T09:54:01+00:00","breadcrumb":{"@id":"https:\/\/www.buceoelbajon.com\/fr\/services\/devenez-instructeur-de-plongee\/#breadcrumb"},"inLanguage":"fr-FR","potentialAction":[{"@type":"ReadAction","target":["https:\/\/www.buceoelbajon.com\/fr\/services\/devenez-instructeur-de-plongee\/"]}]},{"@type":"ImageObject","inLanguage":"fr-FR","@id":"https:\/\/www.buceoelbajon.com\/fr\/services\/devenez-instructeur-de-plongee\/#primaryimage","url":"https:\/\/www.buceoelbajon.com\/wp-content\/uploads\/2021\/01\/Curso-PADI.jpg","contentUrl":"https:\/\/www.buceoelbajon.com\/wp-content\/uploads\/2021\/01\/Curso-PADI.jpg","width":950,"height":709},{"@type":"BreadcrumbList","@id":"https:\/\/www.buceoelbajon.com\/fr\/services\/devenez-instructeur-de-plongee\/#breadcrumb","itemListElement":[{"@type":"ListItem","position":1,"name":"Portada","item":"https:\/\/www.buceoelbajon.com\/fr\/"},{"@type":"ListItem","position":2,"name":"Services","item":"https:\/\/www.buceoelbajon.com\/fr\/services\/"},{"@type":"ListItem","position":3,"name":"Devenez instructeur de plong\u00e9e"}]},{"@type":"WebSite","@id":"https:\/\/www.buceoelbajon.com\/#website","url":"https:\/\/www.buceoelbajon.com\/","name":"Centro de Buceo El Baj\u00f3n, El Hierro","description":"Un concepto diferente de buceo en El Hierro","potentialAction":[{"@type":"SearchAction","target":{"@type":"EntryPoint","urlTemplate":"https:\/\/www.buceoelbajon.com\/?s={search_term_string}"},"query-input":{"@type":"PropertyValueSpecification","valueRequired":true,"valueName":"search_term_string"}}],"inLanguage":"fr-FR"}]}},"_links":{"self":[{"href":"https:\/\/www.buceoelbajon.com\/fr\/wp-json\/wp\/v2\/pages\/3007","targetHints":{"allow":["GET"]}}],"collection":[{"href":"https:\/\/www.buceoelbajon.com\/fr\/wp-json\/wp\/v2\/pages"}],"about":[{"href":"https:\/\/www.buceoelbajon.com\/fr\/wp-json\/wp\/v2\/types\/page"}],"author":[{"embeddable":true,"href":"https:\/\/www.buceoelbajon.com\/fr\/wp-json\/wp\/v2\/users\/1"}],"replies":[{"embeddable":true,"href":"https:\/\/www.buceoelbajon.com\/fr\/wp-json\/wp\/v2\/comments?post=3007"}],"version-history":[{"count":2,"href":"https:\/\/www.buceoelbajon.com\/fr\/wp-json\/wp\/v2\/pages\/3007\/revisions"}],"predecessor-version":[{"id":3009,"href":"https:\/\/www.buceoelbajon.com\/fr\/wp-json\/wp\/v2\/pages\/3007\/revisions\/3009"}],"up":[{"embeddable":true,"href":"https:\/\/www.buceoelbajon.com\/fr\/wp-json\/wp\/v2\/pages\/2965"}],"wp:featuredmedia":[{"embeddable":true,"href":"https:\/\/www.buceoelbajon.com\/fr\/wp-json\/wp\/v2\/media\/2533"}],"wp:attachment":[{"href":"https:\/\/www.buceoelbajon.com\/fr\/wp-json\/wp\/v2\/media?parent=3007"}],"curies":[{"name":"wp","href":"https:\/\/api.w.org\/{rel}","templated":true}]}}