{"id":2982,"date":"2021-03-15T11:19:41","date_gmt":"2021-03-15T11:19:41","guid":{"rendered":"https:\/\/www.buceoelbajon.com\/notre-centre\/info-covid-19\/"},"modified":"2022-05-19T08:22:59","modified_gmt":"2022-05-19T07:22:59","slug":"info-covid-19","status":"publish","type":"page","link":"https:\/\/www.buceoelbajon.com\/fr\/notre-centre\/info-covid-19\/","title":{"rendered":"Info Covid-19"},"content":{"rendered":"<p>[et_pb_section fb_built=\u00a0\u00bb1&Prime; _builder_version=\u00a0\u00bb3.22&Prime;][et_pb_row column_structure=\u00a0\u00bb1_2,1_2&Prime; _builder_version=\u00a0\u00bb3.25&Prime; background_size=\u00a0\u00bbinitial\u00a0\u00bb background_position=\u00a0\u00bbtop_left\u00a0\u00bb background_repeat=\u00a0\u00bbrepeat\u00a0\u00bb][et_pb_column type=\u00a0\u00bb1_2&Prime; _builder_version=\u00a0\u00bb3.25&Prime; custom_padding=\u00a0\u00bb|||\u00a0\u00bb custom_padding__hover=\u00a0\u00bb|||\u00a0\u00bb][et_pb_image src=\u00a0\u00bbhttps:\/\/www.buceoelbajon.com\/wp-content\/uploads\/2021\/03\/COVID-19-Consejos-prevencion.jpg\u00a0\u00bb title_text=\u00a0\u00bbCOVID-19-Consejos-prevencion\u00a0\u00bb _builder_version=\u00a0\u00bb4.9.2&Prime; _module_preset=\u00a0\u00bbdefault\u00a0\u00bb hover_enabled=\u00a0\u00bb0&Prime; show_in_lightbox=\u00a0\u00bbon\u00a0\u00bb sticky_enabled=\u00a0\u00bb0&Prime;][\/et_pb_image][et_pb_image src=\u00a0\u00bbhttps:\/\/www.buceoelbajon.com\/wp-content\/uploads\/2021\/03\/COVID-19-Lavado-de-manos.jpg\u00a0\u00bb title_text=\u00a0\u00bbCOVID-19-Lavado-de-manos\u00a0\u00bb _builder_version=\u00a0\u00bb4.9.2&Prime; _module_preset=\u00a0\u00bbdefault\u00a0\u00bb hover_enabled=\u00a0\u00bb0&Prime; show_in_lightbox=\u00a0\u00bbon\u00a0\u00bb sticky_enabled=\u00a0\u00bb0&Prime;][\/et_pb_image][et_pb_button button_url=\u00a0\u00bb@ET-DC@eyJkeW5hbWljIjp0cnVlLCJjb250ZW50IjoicG9zdF9saW5rX3VybF9hdHRhY2htZW50Iiwic2V0dGluZ3MiOnsicG9zdF9pZCI6IjE0MjgifX0=@\u00a0\u00bb button_text=\u00a0\u00bbT\u00e9l\u00e9charger le manuel complet\u00a0\u00bb _builder_version=\u00a0\u00bb4.9.2&Prime; _dynamic_attributes=\u00a0\u00bbbutton_url\u00a0\u00bb _module_preset=\u00a0\u00bbdefault\u00a0\u00bb hover_enabled=\u00a0\u00bb0&Prime; button_alignment=\u00a0\u00bbcenter\u00a0\u00bb custom_button=\u00a0\u00bbon\u00a0\u00bb button_text_size=\u00a0\u00bb20px\u00a0\u00bb button_border_radius=\u00a0\u00bb63px\u00a0\u00bb sticky_enabled=\u00a0\u00bb0&Prime;][\/et_pb_button][\/et_pb_column][et_pb_column type=\u00a0\u00bb1_2&Prime; _builder_version=\u00a0\u00bb3.25&Prime; custom_padding=\u00a0\u00bb|||\u00a0\u00bb custom_padding__hover=\u00a0\u00bb|||\u00a0\u00bb][et_pb_text _builder_version=\u00a0\u00bb4.9.1&Prime; background_size=\u00a0\u00bbinitial\u00a0\u00bb background_position=\u00a0\u00bbtop_left\u00a0\u00bb background_repeat=\u00a0\u00bbrepeat\u00a0\u00bb]<\/p>\n<p>Dans notre centre, la chose la plus importante est notre s\u00e9curit\u00e9 et celle des clients qui nous rendent visite. Pour cette raison, nous effectuons une proc\u00e9dure exhaustive pour pr\u00e9venir une \u00e9ventuelle contagion du COVID-019.<\/p>\n<p>Nous avons \u00e9galement cr\u00e9\u00e9 une zone sp\u00e9ciale avec une pergola ext\u00e9rieure, avec des porte-manteaux et des bassins, pour le s\u00e9chage et le lavage corrects des \u00e9quipements sans qu&rsquo;aucun d&rsquo;entre eux n&rsquo;entre en contact \u00e0 aucun moment.<br \/>En plus de ce qui pr\u00e9c\u00e8de, nous avons adopt\u00e9 diff\u00e9rentes mesures telles que :<\/p>\n<ul>\n<li>Utilisation de produits approuv\u00e9s par Covid-19.<br \/>Gardez une distance de s\u00e9curit\u00e9.<\/li>\n<li>Utilisation de masques tout au long de l&rsquo;activit\u00e9.<\/li>\n<li>Isolation du mat\u00e9riel de location une fois qu&rsquo;il a \u00e9t\u00e9 utilis\u00e9 par le client.<\/li>\n<li>Nettoyage quotidien des installations.<\/li>\n<\/ul>\n<p>Dans le bouton de cette page vous pouvez t\u00e9l\u00e9charger le manuel de pr\u00e9vention et de bonnes pratiques pour les centres de plong\u00e9e vs. Covid-19.<\/p>\n<p>[\/et_pb_text][\/et_pb_column][\/et_pb_row][\/et_pb_section]<\/p>\n","protected":false},"excerpt":{"rendered":"<p>Dans notre centre, la chose la plus importante est notre s\u00e9curit\u00e9 et celle des clients qui nous rendent visite. Pour cette raison, nous effectuons une proc\u00e9dure exhaustive pour pr\u00e9venir une \u00e9ventuelle contagion du COVID-019. Nous avons \u00e9galement cr\u00e9\u00e9 une zone sp\u00e9ciale avec une pergola ext\u00e9rieure, avec des porte-manteaux et des bassins, pour le s\u00e9chage et [&hellip;]<\/p>\n","protected":false},"author":1,"featured_media":2630,"parent":2536,"menu_order":0,"comment_status":"closed","ping_status":"closed","template":"","meta":{"_et_pb_use_builder":"on","_et_pb_old_content":"","_et_gb_content_width":"","footnotes":""},"class_list":["post-2982","page","type-page","status-publish","has-post-thumbnail","hentry"],"yoast_head":"<!-- This site is optimized with the Yoast SEO plugin v24.7 - https:\/\/yoast.com\/wordpress\/plugins\/seo\/ -->\n<title>Info Covid-19 - Centro de Buceo El Baj\u00f3n, El Hierro<\/title>\n<meta name=\"robots\" content=\"index, follow, max-snippet:-1, max-image-preview:large, max-video-preview:-1\" \/>\n<link rel=\"canonical\" href=\"https:\/\/www.buceoelbajon.com\/fr\/notre-centre\/info-covid-19\/\" \/>\n<meta property=\"og:locale\" content=\"fr_FR\" \/>\n<meta property=\"og:type\" content=\"article\" \/>\n<meta property=\"og:title\" content=\"Info Covid-19 - Centro de Buceo El Baj\u00f3n, El Hierro\" \/>\n<meta property=\"og:description\" content=\"Dans notre centre, la chose la plus importante est notre s\u00e9curit\u00e9 et celle des clients qui nous rendent visite. Pour cette raison, nous effectuons une proc\u00e9dure exhaustive pour pr\u00e9venir une \u00e9ventuelle contagion du COVID-019. Nous avons \u00e9galement cr\u00e9\u00e9 une zone sp\u00e9ciale avec une pergola ext\u00e9rieure, avec des porte-manteaux et des bassins, pour le s\u00e9chage et [&hellip;]\" \/>\n<meta property=\"og:url\" content=\"https:\/\/www.buceoelbajon.com\/fr\/notre-centre\/info-covid-19\/\" \/>\n<meta property=\"og:site_name\" content=\"Centro de Buceo El Baj\u00f3n, El Hierro\" \/>\n<meta property=\"article:modified_time\" content=\"2022-05-19T07:22:59+00:00\" \/>\n<meta property=\"og:image\" content=\"https:\/\/www.buceoelbajon.com\/wp-content\/uploads\/2021\/03\/BUCEO-EL-BAJON-Pergola-1.jpg\" \/>\n\t<meta property=\"og:image:width\" content=\"2048\" \/>\n\t<meta property=\"og:image:height\" content=\"1365\" \/>\n\t<meta property=\"og:image:type\" content=\"image\/jpeg\" \/>\n<meta name=\"twitter:card\" content=\"summary_large_image\" \/>\n<meta name=\"twitter:label1\" content=\"Dur\u00e9e de lecture estim\u00e9e\" \/>\n\t<meta name=\"twitter:data1\" content=\"2 minutes\" \/>\n<script type=\"application\/ld+json\" class=\"yoast-schema-graph\">{\"@context\":\"https:\/\/schema.org\",\"@graph\":[{\"@type\":\"WebPage\",\"@id\":\"https:\/\/www.buceoelbajon.com\/fr\/notre-centre\/info-covid-19\/\",\"url\":\"https:\/\/www.buceoelbajon.com\/fr\/notre-centre\/info-covid-19\/\",\"name\":\"Info Covid-19 - Centro de Buceo El Baj\u00f3n, El Hierro\",\"isPartOf\":{\"@id\":\"https:\/\/www.buceoelbajon.com\/#website\"},\"primaryImageOfPage\":{\"@id\":\"https:\/\/www.buceoelbajon.com\/fr\/notre-centre\/info-covid-19\/#primaryimage\"},\"image\":{\"@id\":\"https:\/\/www.buceoelbajon.com\/fr\/notre-centre\/info-covid-19\/#primaryimage\"},\"thumbnailUrl\":\"https:\/\/www.buceoelbajon.com\/wp-content\/uploads\/2021\/03\/BUCEO-EL-BAJON-Pergola-1.jpg\",\"datePublished\":\"2021-03-15T11:19:41+00:00\",\"dateModified\":\"2022-05-19T07:22:59+00:00\",\"breadcrumb\":{\"@id\":\"https:\/\/www.buceoelbajon.com\/fr\/notre-centre\/info-covid-19\/#breadcrumb\"},\"inLanguage\":\"fr-FR\",\"potentialAction\":[{\"@type\":\"ReadAction\",\"target\":[\"https:\/\/www.buceoelbajon.com\/fr\/notre-centre\/info-covid-19\/\"]}]},{\"@type\":\"ImageObject\",\"inLanguage\":\"fr-FR\",\"@id\":\"https:\/\/www.buceoelbajon.com\/fr\/notre-centre\/info-covid-19\/#primaryimage\",\"url\":\"https:\/\/www.buceoelbajon.com\/wp-content\/uploads\/2021\/03\/BUCEO-EL-BAJON-Pergola-1.jpg\",\"contentUrl\":\"https:\/\/www.buceoelbajon.com\/wp-content\/uploads\/2021\/03\/BUCEO-EL-BAJON-Pergola-1.jpg\",\"width\":2048,\"height\":1365},{\"@type\":\"BreadcrumbList\",\"@id\":\"https:\/\/www.buceoelbajon.com\/fr\/notre-centre\/info-covid-19\/#breadcrumb\",\"itemListElement\":[{\"@type\":\"ListItem\",\"position\":1,\"name\":\"Portada\",\"item\":\"https:\/\/www.buceoelbajon.com\/fr\/\"},{\"@type\":\"ListItem\",\"position\":2,\"name\":\"Notre centre\",\"item\":\"https:\/\/www.buceoelbajon.com\/fr\/notre-centre\/\"},{\"@type\":\"ListItem\",\"position\":3,\"name\":\"Info Covid-19\"}]},{\"@type\":\"WebSite\",\"@id\":\"https:\/\/www.buceoelbajon.com\/#website\",\"url\":\"https:\/\/www.buceoelbajon.com\/\",\"name\":\"Centro de Buceo El Baj\u00f3n, El Hierro\",\"description\":\"Un concepto diferente de buceo en El Hierro\",\"potentialAction\":[{\"@type\":\"SearchAction\",\"target\":{\"@type\":\"EntryPoint\",\"urlTemplate\":\"https:\/\/www.buceoelbajon.com\/?s={search_term_string}\"},\"query-input\":{\"@type\":\"PropertyValueSpecification\",\"valueRequired\":true,\"valueName\":\"search_term_string\"}}],\"inLanguage\":\"fr-FR\"}]}<\/script>\n<!-- \/ Yoast SEO plugin. -->","yoast_head_json":{"title":"Info Covid-19 - Centro de Buceo El Baj\u00f3n, El Hierro","robots":{"index":"index","follow":"follow","max-snippet":"max-snippet:-1","max-image-preview":"max-image-preview:large","max-video-preview":"max-video-preview:-1"},"canonical":"https:\/\/www.buceoelbajon.com\/fr\/notre-centre\/info-covid-19\/","og_locale":"fr_FR","og_type":"article","og_title":"Info Covid-19 - Centro de Buceo El Baj\u00f3n, El Hierro","og_description":"Dans notre centre, la chose la plus importante est notre s\u00e9curit\u00e9 et celle des clients qui nous rendent visite. Pour cette raison, nous effectuons une proc\u00e9dure exhaustive pour pr\u00e9venir une \u00e9ventuelle contagion du COVID-019. Nous avons \u00e9galement cr\u00e9\u00e9 une zone sp\u00e9ciale avec une pergola ext\u00e9rieure, avec des porte-manteaux et des bassins, pour le s\u00e9chage et [&hellip;]","og_url":"https:\/\/www.buceoelbajon.com\/fr\/notre-centre\/info-covid-19\/","og_site_name":"Centro de Buceo El Baj\u00f3n, El Hierro","article_modified_time":"2022-05-19T07:22:59+00:00","og_image":[{"width":2048,"height":1365,"url":"https:\/\/www.buceoelbajon.com\/wp-content\/uploads\/2021\/03\/BUCEO-EL-BAJON-Pergola-1.jpg","type":"image\/jpeg"}],"twitter_card":"summary_large_image","twitter_misc":{"Dur\u00e9e de lecture estim\u00e9e":"2 minutes"},"schema":{"@context":"https:\/\/schema.org","@graph":[{"@type":"WebPage","@id":"https:\/\/www.buceoelbajon.com\/fr\/notre-centre\/info-covid-19\/","url":"https:\/\/www.buceoelbajon.com\/fr\/notre-centre\/info-covid-19\/","name":"Info Covid-19 - Centro de Buceo El Baj\u00f3n, El Hierro","isPartOf":{"@id":"https:\/\/www.buceoelbajon.com\/#website"},"primaryImageOfPage":{"@id":"https:\/\/www.buceoelbajon.com\/fr\/notre-centre\/info-covid-19\/#primaryimage"},"image":{"@id":"https:\/\/www.buceoelbajon.com\/fr\/notre-centre\/info-covid-19\/#primaryimage"},"thumbnailUrl":"https:\/\/www.buceoelbajon.com\/wp-content\/uploads\/2021\/03\/BUCEO-EL-BAJON-Pergola-1.jpg","datePublished":"2021-03-15T11:19:41+00:00","dateModified":"2022-05-19T07:22:59+00:00","breadcrumb":{"@id":"https:\/\/www.buceoelbajon.com\/fr\/notre-centre\/info-covid-19\/#breadcrumb"},"inLanguage":"fr-FR","potentialAction":[{"@type":"ReadAction","target":["https:\/\/www.buceoelbajon.com\/fr\/notre-centre\/info-covid-19\/"]}]},{"@type":"ImageObject","inLanguage":"fr-FR","@id":"https:\/\/www.buceoelbajon.com\/fr\/notre-centre\/info-covid-19\/#primaryimage","url":"https:\/\/www.buceoelbajon.com\/wp-content\/uploads\/2021\/03\/BUCEO-EL-BAJON-Pergola-1.jpg","contentUrl":"https:\/\/www.buceoelbajon.com\/wp-content\/uploads\/2021\/03\/BUCEO-EL-BAJON-Pergola-1.jpg","width":2048,"height":1365},{"@type":"BreadcrumbList","@id":"https:\/\/www.buceoelbajon.com\/fr\/notre-centre\/info-covid-19\/#breadcrumb","itemListElement":[{"@type":"ListItem","position":1,"name":"Portada","item":"https:\/\/www.buceoelbajon.com\/fr\/"},{"@type":"ListItem","position":2,"name":"Notre centre","item":"https:\/\/www.buceoelbajon.com\/fr\/notre-centre\/"},{"@type":"ListItem","position":3,"name":"Info Covid-19"}]},{"@type":"WebSite","@id":"https:\/\/www.buceoelbajon.com\/#website","url":"https:\/\/www.buceoelbajon.com\/","name":"Centro de Buceo El Baj\u00f3n, El Hierro","description":"Un concepto diferente de buceo en El Hierro","potentialAction":[{"@type":"SearchAction","target":{"@type":"EntryPoint","urlTemplate":"https:\/\/www.buceoelbajon.com\/?s={search_term_string}"},"query-input":{"@type":"PropertyValueSpecification","valueRequired":true,"valueName":"search_term_string"}}],"inLanguage":"fr-FR"}]}},"_links":{"self":[{"href":"https:\/\/www.buceoelbajon.com\/fr\/wp-json\/wp\/v2\/pages\/2982","targetHints":{"allow":["GET"]}}],"collection":[{"href":"https:\/\/www.buceoelbajon.com\/fr\/wp-json\/wp\/v2\/pages"}],"about":[{"href":"https:\/\/www.buceoelbajon.com\/fr\/wp-json\/wp\/v2\/types\/page"}],"author":[{"embeddable":true,"href":"https:\/\/www.buceoelbajon.com\/fr\/wp-json\/wp\/v2\/users\/1"}],"replies":[{"embeddable":true,"href":"https:\/\/www.buceoelbajon.com\/fr\/wp-json\/wp\/v2\/comments?post=2982"}],"version-history":[{"count":2,"href":"https:\/\/www.buceoelbajon.com\/fr\/wp-json\/wp\/v2\/pages\/2982\/revisions"}],"predecessor-version":[{"id":2984,"href":"https:\/\/www.buceoelbajon.com\/fr\/wp-json\/wp\/v2\/pages\/2982\/revisions\/2984"}],"up":[{"embeddable":true,"href":"https:\/\/www.buceoelbajon.com\/fr\/wp-json\/wp\/v2\/pages\/2536"}],"wp:featuredmedia":[{"embeddable":true,"href":"https:\/\/www.buceoelbajon.com\/fr\/wp-json\/wp\/v2\/media\/2630"}],"wp:attachment":[{"href":"https:\/\/www.buceoelbajon.com\/fr\/wp-json\/wp\/v2\/media?parent=2982"}],"curies":[{"name":"wp","href":"https:\/\/api.w.org\/{rel}","templated":true}]}}