{"id":2973,"date":"2021-01-20T08:35:57","date_gmt":"2021-01-20T08:35:57","guid":{"rendered":"https:\/\/www.buceoelbajon.com\/services\/sites-de-plongee-a-el-hierro\/"},"modified":"2022-05-19T10:30:58","modified_gmt":"2022-05-19T09:30:58","slug":"sites-de-plongee-a-el-hierro","status":"publish","type":"page","link":"https:\/\/www.buceoelbajon.com\/fr\/services\/sites-de-plongee-a-el-hierro\/","title":{"rendered":"Sites de plong\u00e9e \u00e0 El Hierro"},"content":{"rendered":"<p>[et_pb_section fb_built=\u00a0\u00bb1&Prime; _builder_version=\u00a0\u00bb4.8.1&Prime; _module_preset=\u00a0\u00bbdefault\u00a0\u00bb][et_pb_row _builder_version=\u00a0\u00bb4.8.1&Prime; _module_preset=\u00a0\u00bbdefault\u00a0\u00bb][et_pb_column type=\u00a0\u00bb4_4&Prime; _builder_version=\u00a0\u00bb4.8.1&Prime; _module_preset=\u00a0\u00bbdefault\u00a0\u00bb][et_pb_text _builder_version=\u00a0\u00bb4.8.1&Prime; _module_preset=\u00a0\u00bbdefault\u00a0\u00bb header_text_align=\u00a0\u00bbcenter\u00a0\u00bb header_2_text_align=\u00a0\u00bbcenter\u00a0\u00bb header_3_text_align=\u00a0\u00bbcenter\u00a0\u00bb custom_padding=\u00a0\u00bb4px|||||\u00a0\u00bb]<\/p>\n<p>\u00c0 El Hierro, vous pouvez pratiquer toutes sortes de plong\u00e9es, des plus calmes, sans courant et \u00e0 faible profondeur, \u00e0 celles qui exigent une grande exp\u00e9rience. <\/p>\n<p style=\"text-align: justify;\">Vous trouverez ici quelques-unes des principales zones de plong\u00e9e en Espagne, comme la zone de plong\u00e9e d&rsquo;El Baj\u00f3n ou la zone de plong\u00e9e de La Restinga de El Hierro, entre autres. Tous vous surprendront par leurs incroyables paysages sous-marins pleins de vie, de richesse et de valeur \u00e9cologique. Les fonds marins de l&rsquo;\u00eele sont un v\u00e9ritable paradis pour tout amateur de plong\u00e9e. La temp\u00e9rature de l&rsquo;eau se situe g\u00e9n\u00e9ralement entre 18 et 25\u00ba C toute l&rsquo;ann\u00e9e, ce qui attire les esp\u00e8ces tropicales et m\u00e9diterran\u00e9ennes, qui coexistent ensemble dans la mer. La v\u00e9g\u00e9tation dense qui recouvre les fonds rocheux fait de l&rsquo;\u00eele un refuge id\u00e9al pour une grande vari\u00e9t\u00e9 de flore et de faune, et parfois une zone de transit pour les animaux p\u00e9lagiques.<\/p>\n<p>Nous faisons des plong\u00e9es tous les jours. Habituellement deux le matin mais, en fonction des besoins des plongeurs, nous pouvons organiser jusqu&rsquo;\u00e0 quatre plong\u00e9es, trois plong\u00e9es de jour et une plong\u00e9e de nuit.<\/p>\n<p>La plupart des sites de plong\u00e9e ne sont qu&rsquo;\u00e0 quelques minutes du quai de La Restinga. La Mar de Las Calmas, \u00e9tant abrit\u00e9e par les aliz\u00e9s, b\u00e9n\u00e9ficie d&rsquo;un beau temps pratiquement tous les jours de l&rsquo;ann\u00e9e. \u00c0 l&rsquo;int\u00e9rieur de la r\u00e9serve, un seul bateau par bou\u00e9e peut jeter l&rsquo;ancre, ce qui permet une plong\u00e9e quasi exclusive sans trop de plongeurs.<\/p>\n<p>Nous plongeons \u00e9galement sur la c\u00f4te est de l&rsquo;\u00eele o\u00f9 il y a des plong\u00e9es tout aussi spectaculaires. Occasionnellement, nous pouvons organiser des excursions vers d&rsquo;autres sites de plong\u00e9e de l&rsquo;\u00eele, comme La Caleta, Roques del Salmor, Baja de La Palometa, Roque Bonanza ou Baja Nac\u00f3n.<\/p>\n<p>[\/et_pb_text][et_pb_blog posts_number=\u00a0\u00bb24&Prime; include_categories=\u00a0\u00bb7&Prime; use_manual_excerpt=\u00a0\u00bboff\u00a0\u00bb _builder_version=\u00a0\u00bb4.9.0&Prime; _module_preset=\u00a0\u00bbdefault\u00a0\u00bb text_orientation=\u00a0\u00bbcenter\u00a0\u00bb hover_enabled=\u00a0\u00bb0&Prime; border_radii=\u00a0\u00bbon|18px|18px|18px|18px\u00a0\u00bb sticky_enabled=\u00a0\u00bb0&Prime;][\/et_pb_blog][\/et_pb_column][\/et_pb_row][\/et_pb_section]<\/p>\n","protected":false},"excerpt":{"rendered":"<p>\u00c0 El Hierro, vous pouvez pratiquer toutes sortes de plong\u00e9es, des plus calmes, sans courant et \u00e0 faible profondeur, \u00e0 celles qui exigent une grande exp\u00e9rience. Vous trouverez ici quelques-unes des principales zones de plong\u00e9e en Espagne, comme la zone de plong\u00e9e d&rsquo;El Baj\u00f3n ou la zone de plong\u00e9e de La Restinga de El Hierro, [&hellip;]<\/p>\n","protected":false},"author":1,"featured_media":2488,"parent":2965,"menu_order":31,"comment_status":"closed","ping_status":"closed","template":"","meta":{"_et_pb_use_builder":"on","_et_pb_old_content":"","_et_gb_content_width":"","footnotes":""},"class_list":["post-2973","page","type-page","status-publish","has-post-thumbnail","hentry"],"yoast_head":"<!-- This site is optimized with the Yoast SEO plugin v24.7 - https:\/\/yoast.com\/wordpress\/plugins\/seo\/ -->\n<title>Sites de plong\u00e9e \u00e0 El Hierro - Centro de Buceo El Baj\u00f3n, El Hierro<\/title>\n<meta name=\"robots\" content=\"index, follow, max-snippet:-1, max-image-preview:large, max-video-preview:-1\" \/>\n<link rel=\"canonical\" href=\"https:\/\/www.buceoelbajon.com\/fr\/services\/sites-de-plongee-a-el-hierro\/\" \/>\n<meta property=\"og:locale\" content=\"fr_FR\" \/>\n<meta property=\"og:type\" content=\"article\" \/>\n<meta property=\"og:title\" content=\"Sites de plong\u00e9e \u00e0 El Hierro - Centro de Buceo El Baj\u00f3n, El Hierro\" \/>\n<meta property=\"og:description\" content=\"\u00c0 El Hierro, vous pouvez pratiquer toutes sortes de plong\u00e9es, des plus calmes, sans courant et \u00e0 faible profondeur, \u00e0 celles qui exigent une grande exp\u00e9rience. Vous trouverez ici quelques-unes des principales zones de plong\u00e9e en Espagne, comme la zone de plong\u00e9e d&#039;El Baj\u00f3n ou la zone de plong\u00e9e de La Restinga de El Hierro, [&hellip;]\" \/>\n<meta property=\"og:url\" content=\"https:\/\/www.buceoelbajon.com\/fr\/services\/sites-de-plongee-a-el-hierro\/\" \/>\n<meta property=\"og:site_name\" content=\"Centro de Buceo El Baj\u00f3n, El Hierro\" \/>\n<meta property=\"article:modified_time\" content=\"2022-05-19T09:30:58+00:00\" \/>\n<meta property=\"og:image\" content=\"https:\/\/www.buceoelbajon.com\/wp-content\/uploads\/2021\/01\/20200705-1120-SachaLobenstein-El-Bajon.jpg\" \/>\n\t<meta property=\"og:image:width\" content=\"1200\" \/>\n\t<meta property=\"og:image:height\" content=\"800\" \/>\n\t<meta property=\"og:image:type\" content=\"image\/jpeg\" \/>\n<meta name=\"twitter:card\" content=\"summary_large_image\" \/>\n<meta name=\"twitter:label1\" content=\"Dur\u00e9e de lecture estim\u00e9e\" \/>\n\t<meta name=\"twitter:data1\" content=\"2 minutes\" \/>\n<script type=\"application\/ld+json\" class=\"yoast-schema-graph\">{\"@context\":\"https:\/\/schema.org\",\"@graph\":[{\"@type\":\"WebPage\",\"@id\":\"https:\/\/www.buceoelbajon.com\/fr\/services\/sites-de-plongee-a-el-hierro\/\",\"url\":\"https:\/\/www.buceoelbajon.com\/fr\/services\/sites-de-plongee-a-el-hierro\/\",\"name\":\"Sites de plong\u00e9e \u00e0 El Hierro - Centro de Buceo El Baj\u00f3n, El Hierro\",\"isPartOf\":{\"@id\":\"https:\/\/www.buceoelbajon.com\/#website\"},\"primaryImageOfPage\":{\"@id\":\"https:\/\/www.buceoelbajon.com\/fr\/services\/sites-de-plongee-a-el-hierro\/#primaryimage\"},\"image\":{\"@id\":\"https:\/\/www.buceoelbajon.com\/fr\/services\/sites-de-plongee-a-el-hierro\/#primaryimage\"},\"thumbnailUrl\":\"https:\/\/www.buceoelbajon.com\/wp-content\/uploads\/2021\/01\/20200705-1120-SachaLobenstein-El-Bajon.jpg\",\"datePublished\":\"2021-01-20T08:35:57+00:00\",\"dateModified\":\"2022-05-19T09:30:58+00:00\",\"breadcrumb\":{\"@id\":\"https:\/\/www.buceoelbajon.com\/fr\/services\/sites-de-plongee-a-el-hierro\/#breadcrumb\"},\"inLanguage\":\"fr-FR\",\"potentialAction\":[{\"@type\":\"ReadAction\",\"target\":[\"https:\/\/www.buceoelbajon.com\/fr\/services\/sites-de-plongee-a-el-hierro\/\"]}]},{\"@type\":\"ImageObject\",\"inLanguage\":\"fr-FR\",\"@id\":\"https:\/\/www.buceoelbajon.com\/fr\/services\/sites-de-plongee-a-el-hierro\/#primaryimage\",\"url\":\"https:\/\/www.buceoelbajon.com\/wp-content\/uploads\/2021\/01\/20200705-1120-SachaLobenstein-El-Bajon.jpg\",\"contentUrl\":\"https:\/\/www.buceoelbajon.com\/wp-content\/uploads\/2021\/01\/20200705-1120-SachaLobenstein-El-Bajon.jpg\",\"width\":1200,\"height\":800},{\"@type\":\"BreadcrumbList\",\"@id\":\"https:\/\/www.buceoelbajon.com\/fr\/services\/sites-de-plongee-a-el-hierro\/#breadcrumb\",\"itemListElement\":[{\"@type\":\"ListItem\",\"position\":1,\"name\":\"Portada\",\"item\":\"https:\/\/www.buceoelbajon.com\/fr\/\"},{\"@type\":\"ListItem\",\"position\":2,\"name\":\"Services\",\"item\":\"https:\/\/www.buceoelbajon.com\/fr\/services\/\"},{\"@type\":\"ListItem\",\"position\":3,\"name\":\"Sites de plong\u00e9e \u00e0 El Hierro\"}]},{\"@type\":\"WebSite\",\"@id\":\"https:\/\/www.buceoelbajon.com\/#website\",\"url\":\"https:\/\/www.buceoelbajon.com\/\",\"name\":\"Centro de Buceo El Baj\u00f3n, El Hierro\",\"description\":\"Un concepto diferente de buceo en El Hierro\",\"potentialAction\":[{\"@type\":\"SearchAction\",\"target\":{\"@type\":\"EntryPoint\",\"urlTemplate\":\"https:\/\/www.buceoelbajon.com\/?s={search_term_string}\"},\"query-input\":{\"@type\":\"PropertyValueSpecification\",\"valueRequired\":true,\"valueName\":\"search_term_string\"}}],\"inLanguage\":\"fr-FR\"}]}<\/script>\n<!-- \/ Yoast SEO plugin. -->","yoast_head_json":{"title":"Sites de plong\u00e9e \u00e0 El Hierro - Centro de Buceo El Baj\u00f3n, El Hierro","robots":{"index":"index","follow":"follow","max-snippet":"max-snippet:-1","max-image-preview":"max-image-preview:large","max-video-preview":"max-video-preview:-1"},"canonical":"https:\/\/www.buceoelbajon.com\/fr\/services\/sites-de-plongee-a-el-hierro\/","og_locale":"fr_FR","og_type":"article","og_title":"Sites de plong\u00e9e \u00e0 El Hierro - Centro de Buceo El Baj\u00f3n, El Hierro","og_description":"\u00c0 El Hierro, vous pouvez pratiquer toutes sortes de plong\u00e9es, des plus calmes, sans courant et \u00e0 faible profondeur, \u00e0 celles qui exigent une grande exp\u00e9rience. Vous trouverez ici quelques-unes des principales zones de plong\u00e9e en Espagne, comme la zone de plong\u00e9e d'El Baj\u00f3n ou la zone de plong\u00e9e de La Restinga de El Hierro, [&hellip;]","og_url":"https:\/\/www.buceoelbajon.com\/fr\/services\/sites-de-plongee-a-el-hierro\/","og_site_name":"Centro de Buceo El Baj\u00f3n, El Hierro","article_modified_time":"2022-05-19T09:30:58+00:00","og_image":[{"width":1200,"height":800,"url":"https:\/\/www.buceoelbajon.com\/wp-content\/uploads\/2021\/01\/20200705-1120-SachaLobenstein-El-Bajon.jpg","type":"image\/jpeg"}],"twitter_card":"summary_large_image","twitter_misc":{"Dur\u00e9e de lecture estim\u00e9e":"2 minutes"},"schema":{"@context":"https:\/\/schema.org","@graph":[{"@type":"WebPage","@id":"https:\/\/www.buceoelbajon.com\/fr\/services\/sites-de-plongee-a-el-hierro\/","url":"https:\/\/www.buceoelbajon.com\/fr\/services\/sites-de-plongee-a-el-hierro\/","name":"Sites de plong\u00e9e \u00e0 El Hierro - Centro de Buceo El Baj\u00f3n, El Hierro","isPartOf":{"@id":"https:\/\/www.buceoelbajon.com\/#website"},"primaryImageOfPage":{"@id":"https:\/\/www.buceoelbajon.com\/fr\/services\/sites-de-plongee-a-el-hierro\/#primaryimage"},"image":{"@id":"https:\/\/www.buceoelbajon.com\/fr\/services\/sites-de-plongee-a-el-hierro\/#primaryimage"},"thumbnailUrl":"https:\/\/www.buceoelbajon.com\/wp-content\/uploads\/2021\/01\/20200705-1120-SachaLobenstein-El-Bajon.jpg","datePublished":"2021-01-20T08:35:57+00:00","dateModified":"2022-05-19T09:30:58+00:00","breadcrumb":{"@id":"https:\/\/www.buceoelbajon.com\/fr\/services\/sites-de-plongee-a-el-hierro\/#breadcrumb"},"inLanguage":"fr-FR","potentialAction":[{"@type":"ReadAction","target":["https:\/\/www.buceoelbajon.com\/fr\/services\/sites-de-plongee-a-el-hierro\/"]}]},{"@type":"ImageObject","inLanguage":"fr-FR","@id":"https:\/\/www.buceoelbajon.com\/fr\/services\/sites-de-plongee-a-el-hierro\/#primaryimage","url":"https:\/\/www.buceoelbajon.com\/wp-content\/uploads\/2021\/01\/20200705-1120-SachaLobenstein-El-Bajon.jpg","contentUrl":"https:\/\/www.buceoelbajon.com\/wp-content\/uploads\/2021\/01\/20200705-1120-SachaLobenstein-El-Bajon.jpg","width":1200,"height":800},{"@type":"BreadcrumbList","@id":"https:\/\/www.buceoelbajon.com\/fr\/services\/sites-de-plongee-a-el-hierro\/#breadcrumb","itemListElement":[{"@type":"ListItem","position":1,"name":"Portada","item":"https:\/\/www.buceoelbajon.com\/fr\/"},{"@type":"ListItem","position":2,"name":"Services","item":"https:\/\/www.buceoelbajon.com\/fr\/services\/"},{"@type":"ListItem","position":3,"name":"Sites de plong\u00e9e \u00e0 El Hierro"}]},{"@type":"WebSite","@id":"https:\/\/www.buceoelbajon.com\/#website","url":"https:\/\/www.buceoelbajon.com\/","name":"Centro de Buceo El Baj\u00f3n, El Hierro","description":"Un concepto diferente de buceo en El Hierro","potentialAction":[{"@type":"SearchAction","target":{"@type":"EntryPoint","urlTemplate":"https:\/\/www.buceoelbajon.com\/?s={search_term_string}"},"query-input":{"@type":"PropertyValueSpecification","valueRequired":true,"valueName":"search_term_string"}}],"inLanguage":"fr-FR"}]}},"_links":{"self":[{"href":"https:\/\/www.buceoelbajon.com\/fr\/wp-json\/wp\/v2\/pages\/2973","targetHints":{"allow":["GET"]}}],"collection":[{"href":"https:\/\/www.buceoelbajon.com\/fr\/wp-json\/wp\/v2\/pages"}],"about":[{"href":"https:\/\/www.buceoelbajon.com\/fr\/wp-json\/wp\/v2\/types\/page"}],"author":[{"embeddable":true,"href":"https:\/\/www.buceoelbajon.com\/fr\/wp-json\/wp\/v2\/users\/1"}],"replies":[{"embeddable":true,"href":"https:\/\/www.buceoelbajon.com\/fr\/wp-json\/wp\/v2\/comments?post=2973"}],"version-history":[{"count":8,"href":"https:\/\/www.buceoelbajon.com\/fr\/wp-json\/wp\/v2\/pages\/2973\/revisions"}],"predecessor-version":[{"id":3002,"href":"https:\/\/www.buceoelbajon.com\/fr\/wp-json\/wp\/v2\/pages\/2973\/revisions\/3002"}],"up":[{"embeddable":true,"href":"https:\/\/www.buceoelbajon.com\/fr\/wp-json\/wp\/v2\/pages\/2965"}],"wp:featuredmedia":[{"embeddable":true,"href":"https:\/\/www.buceoelbajon.com\/fr\/wp-json\/wp\/v2\/media\/2488"}],"wp:attachment":[{"href":"https:\/\/www.buceoelbajon.com\/fr\/wp-json\/wp\/v2\/media?parent=2973"}],"curies":[{"name":"wp","href":"https:\/\/api.w.org\/{rel}","templated":true}]}}