{"id":2960,"date":"2021-01-19T21:46:36","date_gmt":"2021-01-19T21:46:36","guid":{"rendered":"https:\/\/www.buceoelbajon.com\/observation-de-cetaces\/"},"modified":"2023-02-17T12:24:59","modified_gmt":"2023-02-17T12:24:59","slug":"observation-de-cetaces","status":"publish","type":"page","link":"https:\/\/www.buceoelbajon.com\/fr\/services\/observation-de-cetaces\/","title":{"rendered":"Observation de c\u00e9tac\u00e9s"},"content":{"rendered":"<p>[et_pb_section fb_built=\u00a0\u00bb1&Prime; admin_label=\u00a0\u00bbsection\u00a0\u00bb _builder_version=\u00a0\u00bb4.16&Prime; global_colors_info=\u00a0\u00bb{}\u00a0\u00bb][et_pb_row column_structure=\u00a0\u00bb2_5,3_5&Prime; admin_label=\u00a0\u00bbrow\u00a0\u00bb _builder_version=\u00a0\u00bb4.16&Prime; background_size=\u00a0\u00bbinitial\u00a0\u00bb background_position=\u00a0\u00bbtop_left\u00a0\u00bb background_repeat=\u00a0\u00bbrepeat\u00a0\u00bb global_colors_info=\u00a0\u00bb{}\u00a0\u00bb][et_pb_column type=\u00a0\u00bb2_5&Prime; _builder_version=\u00a0\u00bb4.16&Prime; custom_padding=\u00a0\u00bb|||\u00a0\u00bb global_colors_info=\u00a0\u00bb{}\u00a0\u00bb custom_padding__hover=\u00a0\u00bb|||\u00a0\u00bb][et_pb_gallery gallery_ids=\u00a0\u00bb573,576,566,575,563&Prime; posts_number=\u00a0\u00bb8&Prime; show_title_and_caption=\u00a0\u00bboff\u00a0\u00bb show_pagination=\u00a0\u00bboff\u00a0\u00bb _builder_version=\u00a0\u00bb4.16&Prime; _module_preset=\u00a0\u00bbdefault\u00a0\u00bb global_colors_info=\u00a0\u00bb{}\u00a0\u00bb][\/et_pb_gallery][\/et_pb_column][et_pb_column type=\u00a0\u00bb3_5&Prime; _builder_version=\u00a0\u00bb4.16&Prime; custom_padding=\u00a0\u00bb|||\u00a0\u00bb global_colors_info=\u00a0\u00bb{}\u00a0\u00bb custom_padding__hover=\u00a0\u00bb|||\u00a0\u00bb][et_pb_text admin_label=\u00a0\u00bbText\u00a0\u00bb _builder_version=\u00a0\u00bb4.20.0&Prime; background_size=\u00a0\u00bbinitial\u00a0\u00bb background_position=\u00a0\u00bbtop_left\u00a0\u00bb background_repeat=\u00a0\u00bbrepeat\u00a0\u00bb hover_enabled=\u00a0\u00bb0&Prime; global_colors_info=\u00a0\u00bb{}\u00a0\u00bb sticky_enabled=\u00a0\u00bb0&Prime;]<\/p>\n<p>Observation des baleines, des dauphins et des oiseaux avec des chercheurs marins \u00e0 El Hierro, l&rsquo;\u00eele du bout du monde.<\/p>\n<p>L&rsquo;entreprise El Baj\u00f3n propose un tourisme scientifique \u00e0 El Hierro, combinant des activit\u00e9s durables d&rsquo;observation des baleines et la collecte de donn\u00e9es pour la recherche, en collaboration avec l&rsquo;universit\u00e9 de La Laguna. L&rsquo;\u00e9quipage exp\u00e9riment\u00e9 est soutenu par des biologistes marins \u00e0 bord qui veillent au respect des codes de conduite pour une observation responsable des baleines, garantissant la conservation des c\u00e9tac\u00e9s et de leur habitat.<\/p>\n<ul>\n<li>Croisi\u00e8re panoramique \u00e0 travers la Mar de las Calmas, profitez de la faune marine et du paysage volcanique.<\/li>\n<li>Introduction et commentaires en espagnol, anglais ou fran\u00e7ais pendant l&rsquo;excursion, fournis par un chercheur marin et un guide d&rsquo;observation des c\u00e9tac\u00e9s.<\/li>\n<li>Licence Pavillon Bleu, assurance et gilets de sauvetage.<\/li>\n<\/ul>\n<p>Informations utiles :<\/p>\n<ul>\n<li>Au moins 6 personnes sont n\u00e9cessaires pour que cette activit\u00e9 ait lieu.<\/li>\n<li>Votre r\u00e9servation est soumise \u00e0 la disponibilit\u00e9 ; El Baj\u00f3n se r\u00e9serve le droit de proposer une autre date\/heure d&rsquo;activit\u00e9.<\/li>\n<li>Vous avez droit \u00e0 un remboursement complet si vous ne pouvez pas participer \u00e0 la date \/ heure alternative.<\/li>\n<li>Vous devez arriver 15 minutes avant l&rsquo;heure de d\u00e9but de la visite.<\/li>\n<li>Les enfants doivent \u00eatre accompagn\u00e9s d&rsquo;un adulte.<\/li>\n<li>L&rsquo;\u00e2ge minimum est de 4 ans.<\/li>\n<li>En raison des caract\u00e9ristiques de ces animaux, les observations ne peuvent \u00eatre garanties.<\/li>\n<li>Nous vous le recommandons : Cr\u00e8me solaire, eau, lunettes de soleil.<\/li>\n<\/ul>\n<p><strong><em>Prix:40 \u20ac par personne<br \/><\/em><\/strong><strong style=\"font-size: 18px;\"><em>Dur\u00e9e : 3h<\/em><\/strong><strong><em><br \/><\/em><\/strong><\/p>\n<p>[\/et_pb_text][et_pb_text _builder_version=\u00a0\u00bb4.16&Prime; _module_preset=\u00a0\u00bbdefault\u00a0\u00bb global_colors_info=\u00a0\u00bb{}\u00a0\u00bb]<\/p>\n<p style=\"text-align: center;\"><img loading=\"lazy\" decoding=\"async\" src=\"https:\/\/www.buceoelbajon.com\/wp-content\/uploads\/2021\/07\/CETACEOS-ULL.jpg\" width=\"198\" height=\"72\" alt=\"\" class=\"wp-image-1642 alignnone size-full\"><br \/>Remplissez notre questionnaire sur vos int\u00e9r\u00eats en mati\u00e8re d&rsquo;observation des c\u00e9tac\u00e9s.<\/p>\n<p>[\/et_pb_text][et_pb_button button_url=\u00a0\u00bb@ET-DC@eyJkeW5hbWljIjp0cnVlLCJjb250ZW50IjoicG9zdF9saW5rX3VybF9wYWdlIiwic2V0dGluZ3MiOnsicG9zdF9pZCI6IjE2MzMifX0=@\u00a0\u00bb button_text=\u00a0\u00bbQUESTIONNAIRE DU PROJET CETTUS\u00a0\u00bb button_alignment=\u00a0\u00bbcenter\u00a0\u00bb _builder_version=\u00a0\u00bb4.16&Prime; _dynamic_attributes=\u00a0\u00bbbutton_url\u00a0\u00bb _module_preset=\u00a0\u00bbdefault\u00a0\u00bb box_shadow_style=\u00a0\u00bbpreset1&Prime; global_colors_info=\u00a0\u00bb{}\u00a0\u00bb][\/et_pb_button][et_pb_gallery gallery_ids=\u00a0\u00bb569,562,559,574&Prime; show_title_and_caption=\u00a0\u00bboff\u00a0\u00bb show_pagination=\u00a0\u00bboff\u00a0\u00bb _builder_version=\u00a0\u00bb4.16&Prime; _module_preset=\u00a0\u00bbdefault\u00a0\u00bb global_colors_info=\u00a0\u00bb{}\u00a0\u00bb][\/et_pb_gallery][\/et_pb_column][\/et_pb_row][\/et_pb_section]<\/p>\n","protected":false},"excerpt":{"rendered":"<p>Observation des baleines, des dauphins et des oiseaux avec des chercheurs marins \u00e0 El Hierro, l&rsquo;\u00eele du bout du monde. L&rsquo;entreprise El Baj\u00f3n propose un tourisme scientifique \u00e0 El Hierro, combinant des activit\u00e9s durables d&rsquo;observation des baleines et la collecte de donn\u00e9es pour la recherche, en collaboration avec l&rsquo;universit\u00e9 de La Laguna. L&rsquo;\u00e9quipage exp\u00e9riment\u00e9 est [&hellip;]<\/p>\n","protected":false},"author":1,"featured_media":2507,"parent":2965,"menu_order":33,"comment_status":"closed","ping_status":"closed","template":"","meta":{"_et_pb_use_builder":"on","_et_pb_old_content":"","_et_gb_content_width":"","footnotes":""},"class_list":["post-2960","page","type-page","status-publish","has-post-thumbnail","hentry"],"yoast_head":"<!-- This site is optimized with the Yoast SEO plugin v24.7 - https:\/\/yoast.com\/wordpress\/plugins\/seo\/ -->\n<title>Observation de c\u00e9tac\u00e9s - Centro de Buceo El Baj\u00f3n, El Hierro<\/title>\n<meta name=\"robots\" content=\"index, follow, max-snippet:-1, max-image-preview:large, max-video-preview:-1\" \/>\n<link rel=\"canonical\" href=\"https:\/\/www.buceoelbajon.com\/fr\/services\/observation-de-cetaces\/\" \/>\n<meta property=\"og:locale\" content=\"fr_FR\" \/>\n<meta property=\"og:type\" content=\"article\" \/>\n<meta property=\"og:title\" content=\"Observation de c\u00e9tac\u00e9s - Centro de Buceo El Baj\u00f3n, El Hierro\" \/>\n<meta property=\"og:description\" content=\"Observation des baleines, des dauphins et des oiseaux avec des chercheurs marins \u00e0 El Hierro, l&#039;\u00eele du bout du monde. L&#039;entreprise El Baj\u00f3n propose un tourisme scientifique \u00e0 El Hierro, combinant des activit\u00e9s durables d&#039;observation des baleines et la collecte de donn\u00e9es pour la recherche, en collaboration avec l&#039;universit\u00e9 de La Laguna. L&#039;\u00e9quipage exp\u00e9riment\u00e9 est [&hellip;]\" \/>\n<meta property=\"og:url\" content=\"https:\/\/www.buceoelbajon.com\/fr\/services\/observation-de-cetaces\/\" \/>\n<meta property=\"og:site_name\" content=\"Centro de Buceo El Baj\u00f3n, El Hierro\" \/>\n<meta property=\"article:modified_time\" content=\"2023-02-17T12:24:59+00:00\" \/>\n<meta property=\"og:image\" content=\"https:\/\/www.buceoelbajon.com\/wp-content\/uploads\/2021\/01\/20180324-1619-SachaLobenstein-Calderon-Tropical-Globicephala-macrorhynchus-Los-Gigantes-azul.jpeg\" \/>\n\t<meta property=\"og:image:width\" content=\"1200\" \/>\n\t<meta property=\"og:image:height\" content=\"800\" \/>\n\t<meta property=\"og:image:type\" content=\"image\/jpeg\" \/>\n<meta name=\"twitter:card\" content=\"summary_large_image\" \/>\n<meta name=\"twitter:label1\" content=\"Dur\u00e9e de lecture estim\u00e9e\" \/>\n\t<meta name=\"twitter:data1\" content=\"2 minutes\" \/>\n<script type=\"application\/ld+json\" class=\"yoast-schema-graph\">{\"@context\":\"https:\/\/schema.org\",\"@graph\":[{\"@type\":\"WebPage\",\"@id\":\"https:\/\/www.buceoelbajon.com\/fr\/services\/observation-de-cetaces\/\",\"url\":\"https:\/\/www.buceoelbajon.com\/fr\/services\/observation-de-cetaces\/\",\"name\":\"Observation de c\u00e9tac\u00e9s - Centro de Buceo El Baj\u00f3n, El Hierro\",\"isPartOf\":{\"@id\":\"https:\/\/www.buceoelbajon.com\/#website\"},\"primaryImageOfPage\":{\"@id\":\"https:\/\/www.buceoelbajon.com\/fr\/services\/observation-de-cetaces\/#primaryimage\"},\"image\":{\"@id\":\"https:\/\/www.buceoelbajon.com\/fr\/services\/observation-de-cetaces\/#primaryimage\"},\"thumbnailUrl\":\"https:\/\/www.buceoelbajon.com\/wp-content\/uploads\/2021\/01\/20180324-1619-SachaLobenstein-Calderon-Tropical-Globicephala-macrorhynchus-Los-Gigantes-azul.jpeg\",\"datePublished\":\"2021-01-19T21:46:36+00:00\",\"dateModified\":\"2023-02-17T12:24:59+00:00\",\"breadcrumb\":{\"@id\":\"https:\/\/www.buceoelbajon.com\/fr\/services\/observation-de-cetaces\/#breadcrumb\"},\"inLanguage\":\"fr-FR\",\"potentialAction\":[{\"@type\":\"ReadAction\",\"target\":[\"https:\/\/www.buceoelbajon.com\/fr\/services\/observation-de-cetaces\/\"]}]},{\"@type\":\"ImageObject\",\"inLanguage\":\"fr-FR\",\"@id\":\"https:\/\/www.buceoelbajon.com\/fr\/services\/observation-de-cetaces\/#primaryimage\",\"url\":\"https:\/\/www.buceoelbajon.com\/wp-content\/uploads\/2021\/01\/20180324-1619-SachaLobenstein-Calderon-Tropical-Globicephala-macrorhynchus-Los-Gigantes-azul.jpeg\",\"contentUrl\":\"https:\/\/www.buceoelbajon.com\/wp-content\/uploads\/2021\/01\/20180324-1619-SachaLobenstein-Calderon-Tropical-Globicephala-macrorhynchus-Los-Gigantes-azul.jpeg\",\"width\":1200,\"height\":800},{\"@type\":\"BreadcrumbList\",\"@id\":\"https:\/\/www.buceoelbajon.com\/fr\/services\/observation-de-cetaces\/#breadcrumb\",\"itemListElement\":[{\"@type\":\"ListItem\",\"position\":1,\"name\":\"Portada\",\"item\":\"https:\/\/www.buceoelbajon.com\/fr\/\"},{\"@type\":\"ListItem\",\"position\":2,\"name\":\"Services\",\"item\":\"https:\/\/www.buceoelbajon.com\/fr\/services\/\"},{\"@type\":\"ListItem\",\"position\":3,\"name\":\"Observation de c\u00e9tac\u00e9s\"}]},{\"@type\":\"WebSite\",\"@id\":\"https:\/\/www.buceoelbajon.com\/#website\",\"url\":\"https:\/\/www.buceoelbajon.com\/\",\"name\":\"Centro de Buceo El Baj\u00f3n, El Hierro\",\"description\":\"Un concepto diferente de buceo en El Hierro\",\"potentialAction\":[{\"@type\":\"SearchAction\",\"target\":{\"@type\":\"EntryPoint\",\"urlTemplate\":\"https:\/\/www.buceoelbajon.com\/?s={search_term_string}\"},\"query-input\":{\"@type\":\"PropertyValueSpecification\",\"valueRequired\":true,\"valueName\":\"search_term_string\"}}],\"inLanguage\":\"fr-FR\"}]}<\/script>\n<!-- \/ Yoast SEO plugin. -->","yoast_head_json":{"title":"Observation de c\u00e9tac\u00e9s - Centro de Buceo El Baj\u00f3n, El Hierro","robots":{"index":"index","follow":"follow","max-snippet":"max-snippet:-1","max-image-preview":"max-image-preview:large","max-video-preview":"max-video-preview:-1"},"canonical":"https:\/\/www.buceoelbajon.com\/fr\/services\/observation-de-cetaces\/","og_locale":"fr_FR","og_type":"article","og_title":"Observation de c\u00e9tac\u00e9s - Centro de Buceo El Baj\u00f3n, El Hierro","og_description":"Observation des baleines, des dauphins et des oiseaux avec des chercheurs marins \u00e0 El Hierro, l'\u00eele du bout du monde. L'entreprise El Baj\u00f3n propose un tourisme scientifique \u00e0 El Hierro, combinant des activit\u00e9s durables d'observation des baleines et la collecte de donn\u00e9es pour la recherche, en collaboration avec l'universit\u00e9 de La Laguna. L'\u00e9quipage exp\u00e9riment\u00e9 est [&hellip;]","og_url":"https:\/\/www.buceoelbajon.com\/fr\/services\/observation-de-cetaces\/","og_site_name":"Centro de Buceo El Baj\u00f3n, El Hierro","article_modified_time":"2023-02-17T12:24:59+00:00","og_image":[{"width":1200,"height":800,"url":"https:\/\/www.buceoelbajon.com\/wp-content\/uploads\/2021\/01\/20180324-1619-SachaLobenstein-Calderon-Tropical-Globicephala-macrorhynchus-Los-Gigantes-azul.jpeg","type":"image\/jpeg"}],"twitter_card":"summary_large_image","twitter_misc":{"Dur\u00e9e de lecture estim\u00e9e":"2 minutes"},"schema":{"@context":"https:\/\/schema.org","@graph":[{"@type":"WebPage","@id":"https:\/\/www.buceoelbajon.com\/fr\/services\/observation-de-cetaces\/","url":"https:\/\/www.buceoelbajon.com\/fr\/services\/observation-de-cetaces\/","name":"Observation de c\u00e9tac\u00e9s - Centro de Buceo El Baj\u00f3n, El Hierro","isPartOf":{"@id":"https:\/\/www.buceoelbajon.com\/#website"},"primaryImageOfPage":{"@id":"https:\/\/www.buceoelbajon.com\/fr\/services\/observation-de-cetaces\/#primaryimage"},"image":{"@id":"https:\/\/www.buceoelbajon.com\/fr\/services\/observation-de-cetaces\/#primaryimage"},"thumbnailUrl":"https:\/\/www.buceoelbajon.com\/wp-content\/uploads\/2021\/01\/20180324-1619-SachaLobenstein-Calderon-Tropical-Globicephala-macrorhynchus-Los-Gigantes-azul.jpeg","datePublished":"2021-01-19T21:46:36+00:00","dateModified":"2023-02-17T12:24:59+00:00","breadcrumb":{"@id":"https:\/\/www.buceoelbajon.com\/fr\/services\/observation-de-cetaces\/#breadcrumb"},"inLanguage":"fr-FR","potentialAction":[{"@type":"ReadAction","target":["https:\/\/www.buceoelbajon.com\/fr\/services\/observation-de-cetaces\/"]}]},{"@type":"ImageObject","inLanguage":"fr-FR","@id":"https:\/\/www.buceoelbajon.com\/fr\/services\/observation-de-cetaces\/#primaryimage","url":"https:\/\/www.buceoelbajon.com\/wp-content\/uploads\/2021\/01\/20180324-1619-SachaLobenstein-Calderon-Tropical-Globicephala-macrorhynchus-Los-Gigantes-azul.jpeg","contentUrl":"https:\/\/www.buceoelbajon.com\/wp-content\/uploads\/2021\/01\/20180324-1619-SachaLobenstein-Calderon-Tropical-Globicephala-macrorhynchus-Los-Gigantes-azul.jpeg","width":1200,"height":800},{"@type":"BreadcrumbList","@id":"https:\/\/www.buceoelbajon.com\/fr\/services\/observation-de-cetaces\/#breadcrumb","itemListElement":[{"@type":"ListItem","position":1,"name":"Portada","item":"https:\/\/www.buceoelbajon.com\/fr\/"},{"@type":"ListItem","position":2,"name":"Services","item":"https:\/\/www.buceoelbajon.com\/fr\/services\/"},{"@type":"ListItem","position":3,"name":"Observation de c\u00e9tac\u00e9s"}]},{"@type":"WebSite","@id":"https:\/\/www.buceoelbajon.com\/#website","url":"https:\/\/www.buceoelbajon.com\/","name":"Centro de Buceo El Baj\u00f3n, El Hierro","description":"Un concepto diferente de buceo en El Hierro","potentialAction":[{"@type":"SearchAction","target":{"@type":"EntryPoint","urlTemplate":"https:\/\/www.buceoelbajon.com\/?s={search_term_string}"},"query-input":{"@type":"PropertyValueSpecification","valueRequired":true,"valueName":"search_term_string"}}],"inLanguage":"fr-FR"}]}},"_links":{"self":[{"href":"https:\/\/www.buceoelbajon.com\/fr\/wp-json\/wp\/v2\/pages\/2960","targetHints":{"allow":["GET"]}}],"collection":[{"href":"https:\/\/www.buceoelbajon.com\/fr\/wp-json\/wp\/v2\/pages"}],"about":[{"href":"https:\/\/www.buceoelbajon.com\/fr\/wp-json\/wp\/v2\/types\/page"}],"author":[{"embeddable":true,"href":"https:\/\/www.buceoelbajon.com\/fr\/wp-json\/wp\/v2\/users\/1"}],"replies":[{"embeddable":true,"href":"https:\/\/www.buceoelbajon.com\/fr\/wp-json\/wp\/v2\/comments?post=2960"}],"version-history":[{"count":5,"href":"https:\/\/www.buceoelbajon.com\/fr\/wp-json\/wp\/v2\/pages\/2960\/revisions"}],"predecessor-version":[{"id":3259,"href":"https:\/\/www.buceoelbajon.com\/fr\/wp-json\/wp\/v2\/pages\/2960\/revisions\/3259"}],"up":[{"embeddable":true,"href":"https:\/\/www.buceoelbajon.com\/fr\/wp-json\/wp\/v2\/pages\/2965"}],"wp:featuredmedia":[{"embeddable":true,"href":"https:\/\/www.buceoelbajon.com\/fr\/wp-json\/wp\/v2\/media\/2507"}],"wp:attachment":[{"href":"https:\/\/www.buceoelbajon.com\/fr\/wp-json\/wp\/v2\/media?parent=2960"}],"curies":[{"name":"wp","href":"https:\/\/api.w.org\/{rel}","templated":true}]}}