{"id":2957,"date":"2021-01-19T21:47:30","date_gmt":"2021-01-19T21:47:30","guid":{"rendered":"https:\/\/www.buceoelbajon.com\/location-de-bateaux\/"},"modified":"2022-05-18T09:45:18","modified_gmt":"2022-05-18T08:45:18","slug":"location-de-bateaux","status":"publish","type":"page","link":"https:\/\/www.buceoelbajon.com\/fr\/services\/location-de-bateaux\/","title":{"rendered":"Location de bateaux"},"content":{"rendered":"<p>[et_pb_section fb_built=\u00a0\u00bb1&Prime; admin_label=\u00a0\u00bbsection\u00a0\u00bb _builder_version=\u00a0\u00bb3.22&Prime;][et_pb_row column_structure=\u00a0\u00bb2_5,3_5&Prime; admin_label=\u00a0\u00bbrow\u00a0\u00bb _builder_version=\u00a0\u00bb3.25&Prime; background_size=\u00a0\u00bbinitial\u00a0\u00bb background_position=\u00a0\u00bbtop_left\u00a0\u00bb background_repeat=\u00a0\u00bbrepeat\u00a0\u00bb][et_pb_column type=\u00a0\u00bb2_5&Prime; _builder_version=\u00a0\u00bb3.25&Prime; custom_padding=\u00a0\u00bb|||\u00a0\u00bb custom_padding__hover=\u00a0\u00bb|||\u00a0\u00bb][et_pb_image src=\u00a0\u00bbhttps:\/\/www.buceoelbajon.com\/wp-content\/uploads\/2021\/01\/IMG-20201123-WA0043.jpg\u00a0\u00bb title_text=\u00a0\u00bbIMG-20201123-WA0043&Prime; show_in_lightbox=\u00a0\u00bbon\u00a0\u00bb _builder_version=\u00a0\u00bb4.8.1&Prime; _module_preset=\u00a0\u00bbdefault\u00a0\u00bb][\/et_pb_image][et_pb_image src=\u00a0\u00bbhttps:\/\/www.buceoelbajon.com\/wp-content\/uploads\/2021\/01\/IMG-20201123-WA0044.jpg\u00a0\u00bb title_text=\u00a0\u00bbIMG-20201123-WA0044&Prime; show_in_lightbox=\u00a0\u00bbon\u00a0\u00bb _builder_version=\u00a0\u00bb4.8.1&Prime; _module_preset=\u00a0\u00bbdefault\u00a0\u00bb][\/et_pb_image][et_pb_image src=\u00a0\u00bbhttps:\/\/www.buceoelbajon.com\/wp-content\/uploads\/2021\/03\/20210221-1849-SachaLobenstein-El-Bajon.jpg\u00a0\u00bb _builder_version=\u00a0\u00bb4.9.2&Prime; _module_preset=\u00a0\u00bbdefault\u00a0\u00bb alt=\u00a0\u00bbBuceo El Baj\u00f3n, El Hierro\u00a0\u00bb title_text=\u00a0\u00bbBuceo El Baj\u00f3n, El Hierro\u00a0\u00bb][\/et_pb_image][\/et_pb_column][et_pb_column type=\u00a0\u00bb3_5&Prime; _builder_version=\u00a0\u00bb3.25&Prime; custom_padding=\u00a0\u00bb|||\u00a0\u00bb custom_padding__hover=\u00a0\u00bb|||\u00a0\u00bb][et_pb_text admin_label=\u00a0\u00bbText\u00a0\u00bb _builder_version=\u00a0\u00bb4.9.1&Prime; background_size=\u00a0\u00bbinitial\u00a0\u00bb background_position=\u00a0\u00bbtop_left\u00a0\u00bb background_repeat=\u00a0\u00bbrepeat\u00a0\u00bb]<\/p>\n<p>Nos bateaux sont \u00e0 votre disposition pour la location.<\/p>\n<div id=\"ngg-image-0\" class=\"ngg-gallery-thumbnail-box \">\n<div class=\"ngg-gallery-thumbnail\"><span style=\"font-size: 18px;\">Nous avons deux bateaux \u00e0 notre disposition :<\/span><\/div>\n<\/div>\n<ul>\n<li>\n<p><strong>Embarcation El Baj\u00f3n<\/strong> <br \/>Marque: Capelli <br \/>Mod\u00e8le : Capelli Tempest 750 work <br \/>Longueur: 7,50 m <br \/>Moteur: 250 cv Suzuki<br \/><em>Enti\u00e8rement \u00e9quip\u00e9 avec syst\u00e8me de sonorisation, \u00e9metteur, etc &#8230;<\/em><\/p>\n<\/li>\n<li>\n<p><strong>Embarcaci\u00f3n El Baj\u00f3n Tres<\/strong> <br \/>Marque : Capelli <br \/>Marque: Tempest 900 work <br \/>Longueur: 9 m <br \/>Moteur: 350 cv Suzuki<\/p>\n<\/li>\n<\/ul>\n<p>Si vous avez le titre correspondant ou si vous pr\u00e9f\u00e9rez louer avec skipper, contactez-nous.<br \/><strong><em>Nous vous attendons !<\/em><\/strong><\/p>\n<p>[\/et_pb_text][et_pb_gallery gallery_ids=\u00a0\u00bb1262,614,615,616&Prime; show_title_and_caption=\u00a0\u00bboff\u00a0\u00bb show_pagination=\u00a0\u00bboff\u00a0\u00bb _builder_version=\u00a0\u00bb4.9.1&Prime; _module_preset=\u00a0\u00bbdefault\u00a0\u00bb][\/et_pb_gallery][\/et_pb_column][\/et_pb_row][\/et_pb_section]<\/p>\n","protected":false},"excerpt":{"rendered":"<p>Nos bateaux sont \u00e0 votre disposition pour la location. Nous avons deux bateaux \u00e0 notre disposition : Embarcation El Baj\u00f3n Marque: Capelli Mod\u00e8le : Capelli Tempest 750 work Longueur: 7,50 m Moteur: 250 cv SuzukiEnti\u00e8rement \u00e9quip\u00e9 avec syst\u00e8me de sonorisation, \u00e9metteur, etc &#8230; Embarcaci\u00f3n El Baj\u00f3n Tres Marque : Capelli Marque: Tempest 900 work Longueur: [&hellip;]<\/p>\n","protected":false},"author":1,"featured_media":2541,"parent":2965,"menu_order":0,"comment_status":"closed","ping_status":"closed","template":"","meta":{"_et_pb_use_builder":"on","_et_pb_old_content":"","_et_gb_content_width":"","footnotes":""},"class_list":["post-2957","page","type-page","status-publish","has-post-thumbnail","hentry"],"yoast_head":"<!-- This site is optimized with the Yoast SEO plugin v24.7 - https:\/\/yoast.com\/wordpress\/plugins\/seo\/ -->\n<title>Location de bateaux - Centro de Buceo El Baj\u00f3n, El Hierro<\/title>\n<meta name=\"robots\" content=\"index, follow, max-snippet:-1, max-image-preview:large, max-video-preview:-1\" \/>\n<link rel=\"canonical\" href=\"https:\/\/www.buceoelbajon.com\/fr\/services\/location-de-bateaux\/\" \/>\n<meta property=\"og:locale\" content=\"fr_FR\" \/>\n<meta property=\"og:type\" content=\"article\" \/>\n<meta property=\"og:title\" content=\"Location de bateaux - Centro de Buceo El Baj\u00f3n, El Hierro\" \/>\n<meta property=\"og:description\" content=\"Nos bateaux sont \u00e0 votre disposition pour la location. Nous avons deux bateaux \u00e0 notre disposition : Embarcation El Baj\u00f3n Marque: Capelli Mod\u00e8le : Capelli Tempest 750 work Longueur: 7,50 m Moteur: 250 cv SuzukiEnti\u00e8rement \u00e9quip\u00e9 avec syst\u00e8me de sonorisation, \u00e9metteur, etc ... Embarcaci\u00f3n El Baj\u00f3n Tres Marque : Capelli Marque: Tempest 900 work Longueur: [&hellip;]\" \/>\n<meta property=\"og:url\" content=\"https:\/\/www.buceoelbajon.com\/fr\/services\/location-de-bateaux\/\" \/>\n<meta property=\"og:site_name\" content=\"Centro de Buceo El Baj\u00f3n, El Hierro\" \/>\n<meta property=\"article:modified_time\" content=\"2022-05-18T08:45:18+00:00\" \/>\n<meta property=\"og:image\" content=\"https:\/\/www.buceoelbajon.com\/wp-content\/uploads\/2021\/01\/Embarcacion2.jpg\" \/>\n\t<meta property=\"og:image:width\" content=\"1429\" \/>\n\t<meta property=\"og:image:height\" content=\"796\" \/>\n\t<meta property=\"og:image:type\" content=\"image\/jpeg\" \/>\n<meta name=\"twitter:card\" content=\"summary_large_image\" \/>\n<meta name=\"twitter:label1\" content=\"Dur\u00e9e de lecture estim\u00e9e\" \/>\n\t<meta name=\"twitter:data1\" content=\"1 minute\" \/>\n<script type=\"application\/ld+json\" class=\"yoast-schema-graph\">{\"@context\":\"https:\/\/schema.org\",\"@graph\":[{\"@type\":\"WebPage\",\"@id\":\"https:\/\/www.buceoelbajon.com\/fr\/services\/location-de-bateaux\/\",\"url\":\"https:\/\/www.buceoelbajon.com\/fr\/services\/location-de-bateaux\/\",\"name\":\"Location de bateaux - Centro de Buceo El Baj\u00f3n, El Hierro\",\"isPartOf\":{\"@id\":\"https:\/\/www.buceoelbajon.com\/#website\"},\"primaryImageOfPage\":{\"@id\":\"https:\/\/www.buceoelbajon.com\/fr\/services\/location-de-bateaux\/#primaryimage\"},\"image\":{\"@id\":\"https:\/\/www.buceoelbajon.com\/fr\/services\/location-de-bateaux\/#primaryimage\"},\"thumbnailUrl\":\"https:\/\/www.buceoelbajon.com\/wp-content\/uploads\/2021\/01\/Embarcacion2.jpg\",\"datePublished\":\"2021-01-19T21:47:30+00:00\",\"dateModified\":\"2022-05-18T08:45:18+00:00\",\"breadcrumb\":{\"@id\":\"https:\/\/www.buceoelbajon.com\/fr\/services\/location-de-bateaux\/#breadcrumb\"},\"inLanguage\":\"fr-FR\",\"potentialAction\":[{\"@type\":\"ReadAction\",\"target\":[\"https:\/\/www.buceoelbajon.com\/fr\/services\/location-de-bateaux\/\"]}]},{\"@type\":\"ImageObject\",\"inLanguage\":\"fr-FR\",\"@id\":\"https:\/\/www.buceoelbajon.com\/fr\/services\/location-de-bateaux\/#primaryimage\",\"url\":\"https:\/\/www.buceoelbajon.com\/wp-content\/uploads\/2021\/01\/Embarcacion2.jpg\",\"contentUrl\":\"https:\/\/www.buceoelbajon.com\/wp-content\/uploads\/2021\/01\/Embarcacion2.jpg\",\"width\":1429,\"height\":796},{\"@type\":\"BreadcrumbList\",\"@id\":\"https:\/\/www.buceoelbajon.com\/fr\/services\/location-de-bateaux\/#breadcrumb\",\"itemListElement\":[{\"@type\":\"ListItem\",\"position\":1,\"name\":\"Portada\",\"item\":\"https:\/\/www.buceoelbajon.com\/fr\/\"},{\"@type\":\"ListItem\",\"position\":2,\"name\":\"Services\",\"item\":\"https:\/\/www.buceoelbajon.com\/fr\/services\/\"},{\"@type\":\"ListItem\",\"position\":3,\"name\":\"Location de bateaux\"}]},{\"@type\":\"WebSite\",\"@id\":\"https:\/\/www.buceoelbajon.com\/#website\",\"url\":\"https:\/\/www.buceoelbajon.com\/\",\"name\":\"Centro de Buceo El Baj\u00f3n, El Hierro\",\"description\":\"Un concepto diferente de buceo en El Hierro\",\"potentialAction\":[{\"@type\":\"SearchAction\",\"target\":{\"@type\":\"EntryPoint\",\"urlTemplate\":\"https:\/\/www.buceoelbajon.com\/?s={search_term_string}\"},\"query-input\":{\"@type\":\"PropertyValueSpecification\",\"valueRequired\":true,\"valueName\":\"search_term_string\"}}],\"inLanguage\":\"fr-FR\"}]}<\/script>\n<!-- \/ Yoast SEO plugin. -->","yoast_head_json":{"title":"Location de bateaux - Centro de Buceo El Baj\u00f3n, El Hierro","robots":{"index":"index","follow":"follow","max-snippet":"max-snippet:-1","max-image-preview":"max-image-preview:large","max-video-preview":"max-video-preview:-1"},"canonical":"https:\/\/www.buceoelbajon.com\/fr\/services\/location-de-bateaux\/","og_locale":"fr_FR","og_type":"article","og_title":"Location de bateaux - Centro de Buceo El Baj\u00f3n, El Hierro","og_description":"Nos bateaux sont \u00e0 votre disposition pour la location. Nous avons deux bateaux \u00e0 notre disposition : Embarcation El Baj\u00f3n Marque: Capelli Mod\u00e8le : Capelli Tempest 750 work Longueur: 7,50 m Moteur: 250 cv SuzukiEnti\u00e8rement \u00e9quip\u00e9 avec syst\u00e8me de sonorisation, \u00e9metteur, etc ... Embarcaci\u00f3n El Baj\u00f3n Tres Marque : Capelli Marque: Tempest 900 work Longueur: [&hellip;]","og_url":"https:\/\/www.buceoelbajon.com\/fr\/services\/location-de-bateaux\/","og_site_name":"Centro de Buceo El Baj\u00f3n, El Hierro","article_modified_time":"2022-05-18T08:45:18+00:00","og_image":[{"width":1429,"height":796,"url":"https:\/\/www.buceoelbajon.com\/wp-content\/uploads\/2021\/01\/Embarcacion2.jpg","type":"image\/jpeg"}],"twitter_card":"summary_large_image","twitter_misc":{"Dur\u00e9e de lecture estim\u00e9e":"1 minute"},"schema":{"@context":"https:\/\/schema.org","@graph":[{"@type":"WebPage","@id":"https:\/\/www.buceoelbajon.com\/fr\/services\/location-de-bateaux\/","url":"https:\/\/www.buceoelbajon.com\/fr\/services\/location-de-bateaux\/","name":"Location de bateaux - Centro de Buceo El Baj\u00f3n, El Hierro","isPartOf":{"@id":"https:\/\/www.buceoelbajon.com\/#website"},"primaryImageOfPage":{"@id":"https:\/\/www.buceoelbajon.com\/fr\/services\/location-de-bateaux\/#primaryimage"},"image":{"@id":"https:\/\/www.buceoelbajon.com\/fr\/services\/location-de-bateaux\/#primaryimage"},"thumbnailUrl":"https:\/\/www.buceoelbajon.com\/wp-content\/uploads\/2021\/01\/Embarcacion2.jpg","datePublished":"2021-01-19T21:47:30+00:00","dateModified":"2022-05-18T08:45:18+00:00","breadcrumb":{"@id":"https:\/\/www.buceoelbajon.com\/fr\/services\/location-de-bateaux\/#breadcrumb"},"inLanguage":"fr-FR","potentialAction":[{"@type":"ReadAction","target":["https:\/\/www.buceoelbajon.com\/fr\/services\/location-de-bateaux\/"]}]},{"@type":"ImageObject","inLanguage":"fr-FR","@id":"https:\/\/www.buceoelbajon.com\/fr\/services\/location-de-bateaux\/#primaryimage","url":"https:\/\/www.buceoelbajon.com\/wp-content\/uploads\/2021\/01\/Embarcacion2.jpg","contentUrl":"https:\/\/www.buceoelbajon.com\/wp-content\/uploads\/2021\/01\/Embarcacion2.jpg","width":1429,"height":796},{"@type":"BreadcrumbList","@id":"https:\/\/www.buceoelbajon.com\/fr\/services\/location-de-bateaux\/#breadcrumb","itemListElement":[{"@type":"ListItem","position":1,"name":"Portada","item":"https:\/\/www.buceoelbajon.com\/fr\/"},{"@type":"ListItem","position":2,"name":"Services","item":"https:\/\/www.buceoelbajon.com\/fr\/services\/"},{"@type":"ListItem","position":3,"name":"Location de bateaux"}]},{"@type":"WebSite","@id":"https:\/\/www.buceoelbajon.com\/#website","url":"https:\/\/www.buceoelbajon.com\/","name":"Centro de Buceo El Baj\u00f3n, El Hierro","description":"Un concepto diferente de buceo en El Hierro","potentialAction":[{"@type":"SearchAction","target":{"@type":"EntryPoint","urlTemplate":"https:\/\/www.buceoelbajon.com\/?s={search_term_string}"},"query-input":{"@type":"PropertyValueSpecification","valueRequired":true,"valueName":"search_term_string"}}],"inLanguage":"fr-FR"}]}},"_links":{"self":[{"href":"https:\/\/www.buceoelbajon.com\/fr\/wp-json\/wp\/v2\/pages\/2957","targetHints":{"allow":["GET"]}}],"collection":[{"href":"https:\/\/www.buceoelbajon.com\/fr\/wp-json\/wp\/v2\/pages"}],"about":[{"href":"https:\/\/www.buceoelbajon.com\/fr\/wp-json\/wp\/v2\/types\/page"}],"author":[{"embeddable":true,"href":"https:\/\/www.buceoelbajon.com\/fr\/wp-json\/wp\/v2\/users\/1"}],"replies":[{"embeddable":true,"href":"https:\/\/www.buceoelbajon.com\/fr\/wp-json\/wp\/v2\/comments?post=2957"}],"version-history":[{"count":2,"href":"https:\/\/www.buceoelbajon.com\/fr\/wp-json\/wp\/v2\/pages\/2957\/revisions"}],"predecessor-version":[{"id":2959,"href":"https:\/\/www.buceoelbajon.com\/fr\/wp-json\/wp\/v2\/pages\/2957\/revisions\/2959"}],"up":[{"embeddable":true,"href":"https:\/\/www.buceoelbajon.com\/fr\/wp-json\/wp\/v2\/pages\/2965"}],"wp:featuredmedia":[{"embeddable":true,"href":"https:\/\/www.buceoelbajon.com\/fr\/wp-json\/wp\/v2\/media\/2541"}],"wp:attachment":[{"href":"https:\/\/www.buceoelbajon.com\/fr\/wp-json\/wp\/v2\/media?parent=2957"}],"curies":[{"name":"wp","href":"https:\/\/api.w.org\/{rel}","templated":true}]}}