{"id":2950,"date":"2021-02-15T09:15:17","date_gmt":"2021-02-15T09:15:17","guid":{"rendered":"https:\/\/www.buceoelbajon.com\/lieux-dinteret\/"},"modified":"2022-05-18T09:09:50","modified_gmt":"2022-05-18T08:09:50","slug":"lieux-dinteret","status":"publish","type":"page","link":"https:\/\/www.buceoelbajon.com\/fr\/el-hierro\/lieux-dinteret\/","title":{"rendered":"Lieux d&rsquo;int\u00e9r\u00eat"},"content":{"rendered":"<p>[et_pb_section fb_built=\u00a0\u00bb1&Prime; _builder_version=\u00a0\u00bb4.8.2&Prime; _module_preset=\u00a0\u00bbdefault\u00a0\u00bb][et_pb_row _builder_version=\u00a0\u00bb4.8.2&Prime; _module_preset=\u00a0\u00bbdefault\u00a0\u00bb][et_pb_column type=\u00a0\u00bb4_4&Prime; _builder_version=\u00a0\u00bb4.8.2&Prime; _module_preset=\u00a0\u00bbdefault\u00a0\u00bb][et_pb_text _builder_version=\u00a0\u00bb4.9.0&Prime; _module_preset=\u00a0\u00bbdefault\u00a0\u00bb custom_padding=\u00a0\u00bb||0px|||\u00a0\u00bb]<\/p>\n<p>Espaces de culte de l&rsquo;histoire, de la culture, de la vie et des origines de l&rsquo;\u00eele. \u00c0 El Hierro, les mus\u00e9es contiennent les \u00e9l\u00e9ments qui ont caract\u00e9ris\u00e9 son \u00e9volution sous tous ses aspects. Berceau du peuple aborig\u00e8ne Bimbache et de l&rsquo;artisanat le plus rustique. Au fil des ans, toutes les donn\u00e9es relatives \u00e0 son origine volcanique, qui caract\u00e9rise \u00e9galement l&rsquo;ensemble de l&rsquo;archipel des Canaries, et aux fondements de l&rsquo;ancienne civilisation ont \u00e9t\u00e9 recueillies jusqu&rsquo;\u00e0 aujourd&rsquo;hui. Vous pouvez les retrouver enregistr\u00e9s et expos\u00e9s dans les diff\u00e9rents centres et mus\u00e9es des communes et conna\u00eetre un peu mieux l&rsquo;\u00eele.<\/p>\n<p>[\/et_pb_text][et_pb_blog include_categories=\u00a0\u00bb14&Prime; use_manual_excerpt=\u00a0\u00bboff\u00a0\u00bb _builder_version=\u00a0\u00bb4.9.0&Prime; _module_preset=\u00a0\u00bbdefault\u00a0\u00bb text_orientation=\u00a0\u00bbcenter\u00a0\u00bb][\/et_pb_blog][\/et_pb_column][\/et_pb_row][\/et_pb_section]<\/p>\n","protected":false},"excerpt":{"rendered":"<p>Espaces de culte de l&rsquo;histoire, de la culture, de la vie et des origines de l&rsquo;\u00eele. \u00c0 El Hierro, les mus\u00e9es contiennent les \u00e9l\u00e9ments qui ont caract\u00e9ris\u00e9 son \u00e9volution sous tous ses aspects. Berceau du peuple aborig\u00e8ne Bimbache et de l&rsquo;artisanat le plus rustique. Au fil des ans, toutes les donn\u00e9es relatives \u00e0 son origine [&hellip;]<\/p>\n","protected":false},"author":1,"featured_media":2564,"parent":3034,"menu_order":0,"comment_status":"closed","ping_status":"closed","template":"","meta":{"_et_pb_use_builder":"on","_et_pb_old_content":"","_et_gb_content_width":"","footnotes":""},"class_list":["post-2950","page","type-page","status-publish","has-post-thumbnail","hentry"],"yoast_head":"<!-- This site is optimized with the Yoast SEO plugin v24.7 - https:\/\/yoast.com\/wordpress\/plugins\/seo\/ -->\n<title>Lieux d&#039;int\u00e9r\u00eat - Centro de Buceo El Baj\u00f3n, El Hierro<\/title>\n<meta name=\"robots\" content=\"index, follow, max-snippet:-1, max-image-preview:large, max-video-preview:-1\" \/>\n<link rel=\"canonical\" href=\"https:\/\/www.buceoelbajon.com\/fr\/el-hierro\/lieux-dinteret\/\" \/>\n<meta property=\"og:locale\" content=\"fr_FR\" \/>\n<meta property=\"og:type\" content=\"article\" \/>\n<meta property=\"og:title\" content=\"Lieux d&#039;int\u00e9r\u00eat - Centro de Buceo El Baj\u00f3n, El Hierro\" \/>\n<meta property=\"og:description\" content=\"Espaces de culte de l&#039;histoire, de la culture, de la vie et des origines de l&#039;\u00eele. \u00c0 El Hierro, les mus\u00e9es contiennent les \u00e9l\u00e9ments qui ont caract\u00e9ris\u00e9 son \u00e9volution sous tous ses aspects. Berceau du peuple aborig\u00e8ne Bimbache et de l&#039;artisanat le plus rustique. Au fil des ans, toutes les donn\u00e9es relatives \u00e0 son origine [&hellip;]\" \/>\n<meta property=\"og:url\" content=\"https:\/\/www.buceoelbajon.com\/fr\/el-hierro\/lieux-dinteret\/\" \/>\n<meta property=\"og:site_name\" content=\"Centro de Buceo El Baj\u00f3n, El Hierro\" \/>\n<meta property=\"article:modified_time\" content=\"2022-05-18T08:09:50+00:00\" \/>\n<meta property=\"og:image\" content=\"https:\/\/www.buceoelbajon.com\/wp-content\/uploads\/2021\/02\/20080720-1957-SachaLobenstein-Artisitcas-Lugares.jpg\" \/>\n\t<meta property=\"og:image:width\" content=\"1200\" \/>\n\t<meta property=\"og:image:height\" content=\"600\" \/>\n\t<meta property=\"og:image:type\" content=\"image\/jpeg\" \/>\n<meta name=\"twitter:card\" content=\"summary_large_image\" \/>\n<meta name=\"twitter:label1\" content=\"Dur\u00e9e de lecture estim\u00e9e\" \/>\n\t<meta name=\"twitter:data1\" content=\"1 minute\" \/>\n<script type=\"application\/ld+json\" class=\"yoast-schema-graph\">{\"@context\":\"https:\/\/schema.org\",\"@graph\":[{\"@type\":\"WebPage\",\"@id\":\"https:\/\/www.buceoelbajon.com\/fr\/el-hierro\/lieux-dinteret\/\",\"url\":\"https:\/\/www.buceoelbajon.com\/fr\/el-hierro\/lieux-dinteret\/\",\"name\":\"Lieux d'int\u00e9r\u00eat - Centro de Buceo El Baj\u00f3n, El Hierro\",\"isPartOf\":{\"@id\":\"https:\/\/www.buceoelbajon.com\/#website\"},\"primaryImageOfPage\":{\"@id\":\"https:\/\/www.buceoelbajon.com\/fr\/el-hierro\/lieux-dinteret\/#primaryimage\"},\"image\":{\"@id\":\"https:\/\/www.buceoelbajon.com\/fr\/el-hierro\/lieux-dinteret\/#primaryimage\"},\"thumbnailUrl\":\"https:\/\/www.buceoelbajon.com\/wp-content\/uploads\/2021\/02\/20080720-1957-SachaLobenstein-Artisitcas-Lugares.jpg\",\"datePublished\":\"2021-02-15T09:15:17+00:00\",\"dateModified\":\"2022-05-18T08:09:50+00:00\",\"breadcrumb\":{\"@id\":\"https:\/\/www.buceoelbajon.com\/fr\/el-hierro\/lieux-dinteret\/#breadcrumb\"},\"inLanguage\":\"fr-FR\",\"potentialAction\":[{\"@type\":\"ReadAction\",\"target\":[\"https:\/\/www.buceoelbajon.com\/fr\/el-hierro\/lieux-dinteret\/\"]}]},{\"@type\":\"ImageObject\",\"inLanguage\":\"fr-FR\",\"@id\":\"https:\/\/www.buceoelbajon.com\/fr\/el-hierro\/lieux-dinteret\/#primaryimage\",\"url\":\"https:\/\/www.buceoelbajon.com\/wp-content\/uploads\/2021\/02\/20080720-1957-SachaLobenstein-Artisitcas-Lugares.jpg\",\"contentUrl\":\"https:\/\/www.buceoelbajon.com\/wp-content\/uploads\/2021\/02\/20080720-1957-SachaLobenstein-Artisitcas-Lugares.jpg\",\"width\":1200,\"height\":600},{\"@type\":\"BreadcrumbList\",\"@id\":\"https:\/\/www.buceoelbajon.com\/fr\/el-hierro\/lieux-dinteret\/#breadcrumb\",\"itemListElement\":[{\"@type\":\"ListItem\",\"position\":1,\"name\":\"Portada\",\"item\":\"https:\/\/www.buceoelbajon.com\/fr\/\"},{\"@type\":\"ListItem\",\"position\":2,\"name\":\"El Hierro\",\"item\":\"https:\/\/www.buceoelbajon.com\/fr\/el-hierro\/\"},{\"@type\":\"ListItem\",\"position\":3,\"name\":\"Lieux d&rsquo;int\u00e9r\u00eat\"}]},{\"@type\":\"WebSite\",\"@id\":\"https:\/\/www.buceoelbajon.com\/#website\",\"url\":\"https:\/\/www.buceoelbajon.com\/\",\"name\":\"Centro de Buceo El Baj\u00f3n, El Hierro\",\"description\":\"Un concepto diferente de buceo en El Hierro\",\"potentialAction\":[{\"@type\":\"SearchAction\",\"target\":{\"@type\":\"EntryPoint\",\"urlTemplate\":\"https:\/\/www.buceoelbajon.com\/?s={search_term_string}\"},\"query-input\":{\"@type\":\"PropertyValueSpecification\",\"valueRequired\":true,\"valueName\":\"search_term_string\"}}],\"inLanguage\":\"fr-FR\"}]}<\/script>\n<!-- \/ Yoast SEO plugin. -->","yoast_head_json":{"title":"Lieux d'int\u00e9r\u00eat - Centro de Buceo El Baj\u00f3n, El Hierro","robots":{"index":"index","follow":"follow","max-snippet":"max-snippet:-1","max-image-preview":"max-image-preview:large","max-video-preview":"max-video-preview:-1"},"canonical":"https:\/\/www.buceoelbajon.com\/fr\/el-hierro\/lieux-dinteret\/","og_locale":"fr_FR","og_type":"article","og_title":"Lieux d'int\u00e9r\u00eat - Centro de Buceo El Baj\u00f3n, El Hierro","og_description":"Espaces de culte de l'histoire, de la culture, de la vie et des origines de l'\u00eele. \u00c0 El Hierro, les mus\u00e9es contiennent les \u00e9l\u00e9ments qui ont caract\u00e9ris\u00e9 son \u00e9volution sous tous ses aspects. Berceau du peuple aborig\u00e8ne Bimbache et de l'artisanat le plus rustique. Au fil des ans, toutes les donn\u00e9es relatives \u00e0 son origine [&hellip;]","og_url":"https:\/\/www.buceoelbajon.com\/fr\/el-hierro\/lieux-dinteret\/","og_site_name":"Centro de Buceo El Baj\u00f3n, El Hierro","article_modified_time":"2022-05-18T08:09:50+00:00","og_image":[{"width":1200,"height":600,"url":"https:\/\/www.buceoelbajon.com\/wp-content\/uploads\/2021\/02\/20080720-1957-SachaLobenstein-Artisitcas-Lugares.jpg","type":"image\/jpeg"}],"twitter_card":"summary_large_image","twitter_misc":{"Dur\u00e9e de lecture estim\u00e9e":"1 minute"},"schema":{"@context":"https:\/\/schema.org","@graph":[{"@type":"WebPage","@id":"https:\/\/www.buceoelbajon.com\/fr\/el-hierro\/lieux-dinteret\/","url":"https:\/\/www.buceoelbajon.com\/fr\/el-hierro\/lieux-dinteret\/","name":"Lieux d'int\u00e9r\u00eat - Centro de Buceo El Baj\u00f3n, El Hierro","isPartOf":{"@id":"https:\/\/www.buceoelbajon.com\/#website"},"primaryImageOfPage":{"@id":"https:\/\/www.buceoelbajon.com\/fr\/el-hierro\/lieux-dinteret\/#primaryimage"},"image":{"@id":"https:\/\/www.buceoelbajon.com\/fr\/el-hierro\/lieux-dinteret\/#primaryimage"},"thumbnailUrl":"https:\/\/www.buceoelbajon.com\/wp-content\/uploads\/2021\/02\/20080720-1957-SachaLobenstein-Artisitcas-Lugares.jpg","datePublished":"2021-02-15T09:15:17+00:00","dateModified":"2022-05-18T08:09:50+00:00","breadcrumb":{"@id":"https:\/\/www.buceoelbajon.com\/fr\/el-hierro\/lieux-dinteret\/#breadcrumb"},"inLanguage":"fr-FR","potentialAction":[{"@type":"ReadAction","target":["https:\/\/www.buceoelbajon.com\/fr\/el-hierro\/lieux-dinteret\/"]}]},{"@type":"ImageObject","inLanguage":"fr-FR","@id":"https:\/\/www.buceoelbajon.com\/fr\/el-hierro\/lieux-dinteret\/#primaryimage","url":"https:\/\/www.buceoelbajon.com\/wp-content\/uploads\/2021\/02\/20080720-1957-SachaLobenstein-Artisitcas-Lugares.jpg","contentUrl":"https:\/\/www.buceoelbajon.com\/wp-content\/uploads\/2021\/02\/20080720-1957-SachaLobenstein-Artisitcas-Lugares.jpg","width":1200,"height":600},{"@type":"BreadcrumbList","@id":"https:\/\/www.buceoelbajon.com\/fr\/el-hierro\/lieux-dinteret\/#breadcrumb","itemListElement":[{"@type":"ListItem","position":1,"name":"Portada","item":"https:\/\/www.buceoelbajon.com\/fr\/"},{"@type":"ListItem","position":2,"name":"El Hierro","item":"https:\/\/www.buceoelbajon.com\/fr\/el-hierro\/"},{"@type":"ListItem","position":3,"name":"Lieux d&rsquo;int\u00e9r\u00eat"}]},{"@type":"WebSite","@id":"https:\/\/www.buceoelbajon.com\/#website","url":"https:\/\/www.buceoelbajon.com\/","name":"Centro de Buceo El Baj\u00f3n, El Hierro","description":"Un concepto diferente de buceo en El Hierro","potentialAction":[{"@type":"SearchAction","target":{"@type":"EntryPoint","urlTemplate":"https:\/\/www.buceoelbajon.com\/?s={search_term_string}"},"query-input":{"@type":"PropertyValueSpecification","valueRequired":true,"valueName":"search_term_string"}}],"inLanguage":"fr-FR"}]}},"_links":{"self":[{"href":"https:\/\/www.buceoelbajon.com\/fr\/wp-json\/wp\/v2\/pages\/2950","targetHints":{"allow":["GET"]}}],"collection":[{"href":"https:\/\/www.buceoelbajon.com\/fr\/wp-json\/wp\/v2\/pages"}],"about":[{"href":"https:\/\/www.buceoelbajon.com\/fr\/wp-json\/wp\/v2\/types\/page"}],"author":[{"embeddable":true,"href":"https:\/\/www.buceoelbajon.com\/fr\/wp-json\/wp\/v2\/users\/1"}],"replies":[{"embeddable":true,"href":"https:\/\/www.buceoelbajon.com\/fr\/wp-json\/wp\/v2\/comments?post=2950"}],"version-history":[{"count":2,"href":"https:\/\/www.buceoelbajon.com\/fr\/wp-json\/wp\/v2\/pages\/2950\/revisions"}],"predecessor-version":[{"id":2952,"href":"https:\/\/www.buceoelbajon.com\/fr\/wp-json\/wp\/v2\/pages\/2950\/revisions\/2952"}],"up":[{"embeddable":true,"href":"https:\/\/www.buceoelbajon.com\/fr\/wp-json\/wp\/v2\/pages\/3034"}],"wp:featuredmedia":[{"embeddable":true,"href":"https:\/\/www.buceoelbajon.com\/fr\/wp-json\/wp\/v2\/media\/2564"}],"wp:attachment":[{"href":"https:\/\/www.buceoelbajon.com\/fr\/wp-json\/wp\/v2\/media?parent=2950"}],"curies":[{"name":"wp","href":"https:\/\/api.w.org\/{rel}","templated":true}]}}