{"id":2946,"date":"2021-02-15T09:10:56","date_gmt":"2021-02-15T09:10:56","guid":{"rendered":"https:\/\/www.buceoelbajon.com\/miradors\/"},"modified":"2022-05-18T09:06:55","modified_gmt":"2022-05-18T08:06:55","slug":"miradors","status":"publish","type":"page","link":"https:\/\/www.buceoelbajon.com\/fr\/el-hierro\/miradors\/","title":{"rendered":"Miradors"},"content":{"rendered":"<p>[et_pb_section fb_built=\u00a0\u00bb1&Prime; _builder_version=\u00a0\u00bb4.8.2&Prime; _module_preset=\u00a0\u00bbdefault\u00a0\u00bb][et_pb_row _builder_version=\u00a0\u00bb4.8.2&Prime; _module_preset=\u00a0\u00bbdefault\u00a0\u00bb][et_pb_column type=\u00a0\u00bb4_4&Prime; _builder_version=\u00a0\u00bb4.8.2&Prime; _module_preset=\u00a0\u00bbdefault\u00a0\u00bb][et_pb_text _builder_version=\u00a0\u00bb4.9.0&Prime; _module_preset=\u00a0\u00bbdefault\u00a0\u00bb custom_padding=\u00a0\u00bb||0px|||\u00a0\u00bb]<\/p>\n<p>Un balcon vers les paysages les plus purs et les plus naturels. Les diff\u00e9rents points de vue sur El Hierro sont une fen\u00eatre sur les paysages les plus spectaculaires. Vous en trouverez plusieurs diss\u00e9min\u00e9s sur l&rsquo;\u00eele dans les r\u00e9gions de Jinama, Frontera et Valverde, entre autres. Sentir les aliz\u00e9s depuis le sommet et observer les meilleures vues de l&rsquo;\u00eele est une exp\u00e9rience inoubliable. Vous ne pouvez pas partir de l&rsquo;\u00eele sans visiter l&rsquo;un d&rsquo;entre eux. Ce sont d&rsquo;authentiques cartes postales.<\/p>\n<p>[\/et_pb_text][et_pb_blog include_categories=\u00a0\u00bb11&Prime; use_manual_excerpt=\u00a0\u00bboff\u00a0\u00bb _builder_version=\u00a0\u00bb4.9.0&Prime; _module_preset=\u00a0\u00bbdefault\u00a0\u00bb text_orientation=\u00a0\u00bbcenter\u00a0\u00bb][\/et_pb_blog][\/et_pb_column][\/et_pb_row][\/et_pb_section]<\/p>\n","protected":false},"excerpt":{"rendered":"<p>Un balcon vers les paysages les plus purs et les plus naturels. Les diff\u00e9rents points de vue sur El Hierro sont une fen\u00eatre sur les paysages les plus spectaculaires. Vous en trouverez plusieurs diss\u00e9min\u00e9s sur l&rsquo;\u00eele dans les r\u00e9gions de Jinama, Frontera et Valverde, entre autres. Sentir les aliz\u00e9s depuis le sommet et observer les [&hellip;]<\/p>\n","protected":false},"author":1,"featured_media":2801,"parent":3034,"menu_order":0,"comment_status":"closed","ping_status":"closed","template":"","meta":{"_et_pb_use_builder":"on","_et_pb_old_content":"","_et_gb_content_width":"","footnotes":""},"class_list":["post-2946","page","type-page","status-publish","has-post-thumbnail","hentry"],"yoast_head":"<!-- This site is optimized with the Yoast SEO plugin v24.7 - https:\/\/yoast.com\/wordpress\/plugins\/seo\/ -->\n<title>Miradors - Centro de Buceo El Baj\u00f3n, El Hierro<\/title>\n<meta name=\"robots\" content=\"index, follow, max-snippet:-1, max-image-preview:large, max-video-preview:-1\" \/>\n<link rel=\"canonical\" href=\"https:\/\/www.buceoelbajon.com\/fr\/el-hierro\/miradors\/\" \/>\n<meta property=\"og:locale\" content=\"fr_FR\" \/>\n<meta property=\"og:type\" content=\"article\" \/>\n<meta property=\"og:title\" content=\"Miradors - Centro de Buceo El Baj\u00f3n, El Hierro\" \/>\n<meta property=\"og:description\" content=\"Un balcon vers les paysages les plus purs et les plus naturels. Les diff\u00e9rents points de vue sur El Hierro sont une fen\u00eatre sur les paysages les plus spectaculaires. Vous en trouverez plusieurs diss\u00e9min\u00e9s sur l&#039;\u00eele dans les r\u00e9gions de Jinama, Frontera et Valverde, entre autres. Sentir les aliz\u00e9s depuis le sommet et observer les [&hellip;]\" \/>\n<meta property=\"og:url\" content=\"https:\/\/www.buceoelbajon.com\/fr\/el-hierro\/miradors\/\" \/>\n<meta property=\"og:site_name\" content=\"Centro de Buceo El Baj\u00f3n, El Hierro\" \/>\n<meta property=\"article:modified_time\" content=\"2022-05-18T08:06:55+00:00\" \/>\n<meta property=\"og:image\" content=\"https:\/\/www.buceoelbajon.com\/wp-content\/uploads\/2021\/02\/Frontera-2-1024x683.jpg\" \/>\n\t<meta property=\"og:image:width\" content=\"1024\" \/>\n\t<meta property=\"og:image:height\" content=\"683\" \/>\n\t<meta property=\"og:image:type\" content=\"image\/jpeg\" \/>\n<meta name=\"twitter:card\" content=\"summary_large_image\" \/>\n<meta name=\"twitter:label1\" content=\"Dur\u00e9e de lecture estim\u00e9e\" \/>\n\t<meta name=\"twitter:data1\" content=\"1 minute\" \/>\n<script type=\"application\/ld+json\" class=\"yoast-schema-graph\">{\"@context\":\"https:\/\/schema.org\",\"@graph\":[{\"@type\":\"WebPage\",\"@id\":\"https:\/\/www.buceoelbajon.com\/fr\/el-hierro\/miradors\/\",\"url\":\"https:\/\/www.buceoelbajon.com\/fr\/el-hierro\/miradors\/\",\"name\":\"Miradors - Centro de Buceo El Baj\u00f3n, El Hierro\",\"isPartOf\":{\"@id\":\"https:\/\/www.buceoelbajon.com\/#website\"},\"primaryImageOfPage\":{\"@id\":\"https:\/\/www.buceoelbajon.com\/fr\/el-hierro\/miradors\/#primaryimage\"},\"image\":{\"@id\":\"https:\/\/www.buceoelbajon.com\/fr\/el-hierro\/miradors\/#primaryimage\"},\"thumbnailUrl\":\"https:\/\/www.buceoelbajon.com\/wp-content\/uploads\/2021\/02\/Frontera-2.jpg\",\"datePublished\":\"2021-02-15T09:10:56+00:00\",\"dateModified\":\"2022-05-18T08:06:55+00:00\",\"breadcrumb\":{\"@id\":\"https:\/\/www.buceoelbajon.com\/fr\/el-hierro\/miradors\/#breadcrumb\"},\"inLanguage\":\"fr-FR\",\"potentialAction\":[{\"@type\":\"ReadAction\",\"target\":[\"https:\/\/www.buceoelbajon.com\/fr\/el-hierro\/miradors\/\"]}]},{\"@type\":\"ImageObject\",\"inLanguage\":\"fr-FR\",\"@id\":\"https:\/\/www.buceoelbajon.com\/fr\/el-hierro\/miradors\/#primaryimage\",\"url\":\"https:\/\/www.buceoelbajon.com\/wp-content\/uploads\/2021\/02\/Frontera-2.jpg\",\"contentUrl\":\"https:\/\/www.buceoelbajon.com\/wp-content\/uploads\/2021\/02\/Frontera-2.jpg\",\"width\":2048,\"height\":1365},{\"@type\":\"BreadcrumbList\",\"@id\":\"https:\/\/www.buceoelbajon.com\/fr\/el-hierro\/miradors\/#breadcrumb\",\"itemListElement\":[{\"@type\":\"ListItem\",\"position\":1,\"name\":\"Portada\",\"item\":\"https:\/\/www.buceoelbajon.com\/fr\/\"},{\"@type\":\"ListItem\",\"position\":2,\"name\":\"El Hierro\",\"item\":\"https:\/\/www.buceoelbajon.com\/fr\/el-hierro\/\"},{\"@type\":\"ListItem\",\"position\":3,\"name\":\"Miradors\"}]},{\"@type\":\"WebSite\",\"@id\":\"https:\/\/www.buceoelbajon.com\/#website\",\"url\":\"https:\/\/www.buceoelbajon.com\/\",\"name\":\"Centro de Buceo El Baj\u00f3n, El Hierro\",\"description\":\"Un concepto diferente de buceo en El Hierro\",\"potentialAction\":[{\"@type\":\"SearchAction\",\"target\":{\"@type\":\"EntryPoint\",\"urlTemplate\":\"https:\/\/www.buceoelbajon.com\/?s={search_term_string}\"},\"query-input\":{\"@type\":\"PropertyValueSpecification\",\"valueRequired\":true,\"valueName\":\"search_term_string\"}}],\"inLanguage\":\"fr-FR\"}]}<\/script>\n<!-- \/ Yoast SEO plugin. -->","yoast_head_json":{"title":"Miradors - Centro de Buceo El Baj\u00f3n, El Hierro","robots":{"index":"index","follow":"follow","max-snippet":"max-snippet:-1","max-image-preview":"max-image-preview:large","max-video-preview":"max-video-preview:-1"},"canonical":"https:\/\/www.buceoelbajon.com\/fr\/el-hierro\/miradors\/","og_locale":"fr_FR","og_type":"article","og_title":"Miradors - Centro de Buceo El Baj\u00f3n, El Hierro","og_description":"Un balcon vers les paysages les plus purs et les plus naturels. Les diff\u00e9rents points de vue sur El Hierro sont une fen\u00eatre sur les paysages les plus spectaculaires. Vous en trouverez plusieurs diss\u00e9min\u00e9s sur l'\u00eele dans les r\u00e9gions de Jinama, Frontera et Valverde, entre autres. Sentir les aliz\u00e9s depuis le sommet et observer les [&hellip;]","og_url":"https:\/\/www.buceoelbajon.com\/fr\/el-hierro\/miradors\/","og_site_name":"Centro de Buceo El Baj\u00f3n, El Hierro","article_modified_time":"2022-05-18T08:06:55+00:00","og_image":[{"width":1024,"height":683,"url":"https:\/\/www.buceoelbajon.com\/wp-content\/uploads\/2021\/02\/Frontera-2-1024x683.jpg","type":"image\/jpeg"}],"twitter_card":"summary_large_image","twitter_misc":{"Dur\u00e9e de lecture estim\u00e9e":"1 minute"},"schema":{"@context":"https:\/\/schema.org","@graph":[{"@type":"WebPage","@id":"https:\/\/www.buceoelbajon.com\/fr\/el-hierro\/miradors\/","url":"https:\/\/www.buceoelbajon.com\/fr\/el-hierro\/miradors\/","name":"Miradors - Centro de Buceo El Baj\u00f3n, El Hierro","isPartOf":{"@id":"https:\/\/www.buceoelbajon.com\/#website"},"primaryImageOfPage":{"@id":"https:\/\/www.buceoelbajon.com\/fr\/el-hierro\/miradors\/#primaryimage"},"image":{"@id":"https:\/\/www.buceoelbajon.com\/fr\/el-hierro\/miradors\/#primaryimage"},"thumbnailUrl":"https:\/\/www.buceoelbajon.com\/wp-content\/uploads\/2021\/02\/Frontera-2.jpg","datePublished":"2021-02-15T09:10:56+00:00","dateModified":"2022-05-18T08:06:55+00:00","breadcrumb":{"@id":"https:\/\/www.buceoelbajon.com\/fr\/el-hierro\/miradors\/#breadcrumb"},"inLanguage":"fr-FR","potentialAction":[{"@type":"ReadAction","target":["https:\/\/www.buceoelbajon.com\/fr\/el-hierro\/miradors\/"]}]},{"@type":"ImageObject","inLanguage":"fr-FR","@id":"https:\/\/www.buceoelbajon.com\/fr\/el-hierro\/miradors\/#primaryimage","url":"https:\/\/www.buceoelbajon.com\/wp-content\/uploads\/2021\/02\/Frontera-2.jpg","contentUrl":"https:\/\/www.buceoelbajon.com\/wp-content\/uploads\/2021\/02\/Frontera-2.jpg","width":2048,"height":1365},{"@type":"BreadcrumbList","@id":"https:\/\/www.buceoelbajon.com\/fr\/el-hierro\/miradors\/#breadcrumb","itemListElement":[{"@type":"ListItem","position":1,"name":"Portada","item":"https:\/\/www.buceoelbajon.com\/fr\/"},{"@type":"ListItem","position":2,"name":"El Hierro","item":"https:\/\/www.buceoelbajon.com\/fr\/el-hierro\/"},{"@type":"ListItem","position":3,"name":"Miradors"}]},{"@type":"WebSite","@id":"https:\/\/www.buceoelbajon.com\/#website","url":"https:\/\/www.buceoelbajon.com\/","name":"Centro de Buceo El Baj\u00f3n, El Hierro","description":"Un concepto diferente de buceo en El Hierro","potentialAction":[{"@type":"SearchAction","target":{"@type":"EntryPoint","urlTemplate":"https:\/\/www.buceoelbajon.com\/?s={search_term_string}"},"query-input":{"@type":"PropertyValueSpecification","valueRequired":true,"valueName":"search_term_string"}}],"inLanguage":"fr-FR"}]}},"_links":{"self":[{"href":"https:\/\/www.buceoelbajon.com\/fr\/wp-json\/wp\/v2\/pages\/2946","targetHints":{"allow":["GET"]}}],"collection":[{"href":"https:\/\/www.buceoelbajon.com\/fr\/wp-json\/wp\/v2\/pages"}],"about":[{"href":"https:\/\/www.buceoelbajon.com\/fr\/wp-json\/wp\/v2\/types\/page"}],"author":[{"embeddable":true,"href":"https:\/\/www.buceoelbajon.com\/fr\/wp-json\/wp\/v2\/users\/1"}],"replies":[{"embeddable":true,"href":"https:\/\/www.buceoelbajon.com\/fr\/wp-json\/wp\/v2\/comments?post=2946"}],"version-history":[{"count":2,"href":"https:\/\/www.buceoelbajon.com\/fr\/wp-json\/wp\/v2\/pages\/2946\/revisions"}],"predecessor-version":[{"id":2948,"href":"https:\/\/www.buceoelbajon.com\/fr\/wp-json\/wp\/v2\/pages\/2946\/revisions\/2948"}],"up":[{"embeddable":true,"href":"https:\/\/www.buceoelbajon.com\/fr\/wp-json\/wp\/v2\/pages\/3034"}],"wp:featuredmedia":[{"embeddable":true,"href":"https:\/\/www.buceoelbajon.com\/fr\/wp-json\/wp\/v2\/media\/2801"}],"wp:attachment":[{"href":"https:\/\/www.buceoelbajon.com\/fr\/wp-json\/wp\/v2\/media?parent=2946"}],"curies":[{"name":"wp","href":"https:\/\/api.w.org\/{rel}","templated":true}]}}