{"id":2928,"date":"2021-02-15T09:14:19","date_gmt":"2021-02-15T09:14:19","guid":{"rendered":"https:\/\/www.buceoelbajon.com\/zones-de-baignade\/"},"modified":"2022-05-18T08:42:03","modified_gmt":"2022-05-18T07:42:03","slug":"zones-de-baignade","status":"publish","type":"page","link":"https:\/\/www.buceoelbajon.com\/fr\/el-hierro\/zones-de-baignade\/","title":{"rendered":"Zones de baignade"},"content":{"rendered":"<p>[et_pb_section fb_built=\u00a0\u00bb1&Prime; _builder_version=\u00a0\u00bb4.8.2&Prime; _module_preset=\u00a0\u00bbdefault\u00a0\u00bb][et_pb_row _builder_version=\u00a0\u00bb4.8.2&Prime; _module_preset=\u00a0\u00bbdefault\u00a0\u00bb][et_pb_column type=\u00a0\u00bb4_4&Prime; _builder_version=\u00a0\u00bb4.8.2&Prime; _module_preset=\u00a0\u00bbdefault\u00a0\u00bb][et_pb_text _builder_version=\u00a0\u00bb4.9.0&Prime; _module_preset=\u00a0\u00bbdefault\u00a0\u00bb custom_padding=\u00a0\u00bb||0px|||\u00a0\u00bb]<\/p>\n<p>Pour ressentir la f\u00e9rocit\u00e9 et la force de l&rsquo;Atlantique, il suffit de mettre le pied dans l&rsquo;une des piscines naturelles d&rsquo;El Hierro. De petits espaces o\u00f9 vous pouvez vous baigner sans vous soucier des courants. Beaucoup d&rsquo;entre eux sont des vestiges de la lave qui a emmur\u00e9 l&rsquo;eau de mer. La nature a cr\u00e9\u00e9 les bassins et la seule intervention humaine a consist\u00e9 \u00e0 les am\u00e9nager avec des escaliers et des passerelles et \u00e0 les s\u00e9curiser pour que tout le monde puisse les visiter. Une exp\u00e9rience diff\u00e9rente et inoubliable entour\u00e9e d&rsquo;une eau propre et cristalline au milieu d&rsquo;un environnement presque vierge. Vous trouverez votre balcon face \u00e0 la mer dans les diff\u00e9rentes piscines naturelles de l&rsquo;\u00eele.<\/p>\n<p>[\/et_pb_text][et_pb_blog include_categories=\u00a0\u00bb13&Prime; use_manual_excerpt=\u00a0\u00bboff\u00a0\u00bb _builder_version=\u00a0\u00bb4.9.0&Prime; _module_preset=\u00a0\u00bbdefault\u00a0\u00bb text_orientation=\u00a0\u00bbcenter\u00a0\u00bb][\/et_pb_blog][\/et_pb_column][\/et_pb_row][\/et_pb_section]<\/p>\n","protected":false},"excerpt":{"rendered":"<p>Pour ressentir la f\u00e9rocit\u00e9 et la force de l&rsquo;Atlantique, il suffit de mettre le pied dans l&rsquo;une des piscines naturelles d&rsquo;El Hierro. De petits espaces o\u00f9 vous pouvez vous baigner sans vous soucier des courants. Beaucoup d&rsquo;entre eux sont des vestiges de la lave qui a emmur\u00e9 l&rsquo;eau de mer. La nature a cr\u00e9\u00e9 les [&hellip;]<\/p>\n","protected":false},"author":1,"featured_media":2793,"parent":3034,"menu_order":0,"comment_status":"closed","ping_status":"closed","template":"","meta":{"_et_pb_use_builder":"on","_et_pb_old_content":"","_et_gb_content_width":"","footnotes":""},"class_list":["post-2928","page","type-page","status-publish","has-post-thumbnail","hentry"],"yoast_head":"<!-- This site is optimized with the Yoast SEO plugin v24.7 - https:\/\/yoast.com\/wordpress\/plugins\/seo\/ -->\n<title>Zones de baignade - Centro de Buceo El Baj\u00f3n, El Hierro<\/title>\n<meta name=\"robots\" content=\"index, follow, max-snippet:-1, max-image-preview:large, max-video-preview:-1\" \/>\n<link rel=\"canonical\" href=\"https:\/\/www.buceoelbajon.com\/fr\/el-hierro\/zones-de-baignade\/\" \/>\n<meta property=\"og:locale\" content=\"fr_FR\" \/>\n<meta property=\"og:type\" content=\"article\" \/>\n<meta property=\"og:title\" content=\"Zones de baignade - Centro de Buceo El Baj\u00f3n, El Hierro\" \/>\n<meta property=\"og:description\" content=\"Pour ressentir la f\u00e9rocit\u00e9 et la force de l&#039;Atlantique, il suffit de mettre le pied dans l&#039;une des piscines naturelles d&#039;El Hierro. De petits espaces o\u00f9 vous pouvez vous baigner sans vous soucier des courants. Beaucoup d&#039;entre eux sont des vestiges de la lave qui a emmur\u00e9 l&#039;eau de mer. La nature a cr\u00e9\u00e9 les [&hellip;]\" \/>\n<meta property=\"og:url\" content=\"https:\/\/www.buceoelbajon.com\/fr\/el-hierro\/zones-de-baignade\/\" \/>\n<meta property=\"og:site_name\" content=\"Centro de Buceo El Baj\u00f3n, El Hierro\" \/>\n<meta property=\"article:modified_time\" content=\"2022-05-18T07:42:03+00:00\" \/>\n<meta property=\"og:image\" content=\"https:\/\/www.buceoelbajon.com\/wp-content\/uploads\/2021\/02\/Charco-Manso.jpg\" \/>\n\t<meta property=\"og:image:width\" content=\"2048\" \/>\n\t<meta property=\"og:image:height\" content=\"1536\" \/>\n\t<meta property=\"og:image:type\" content=\"image\/jpeg\" \/>\n<meta name=\"twitter:card\" content=\"summary_large_image\" \/>\n<meta name=\"twitter:label1\" content=\"Dur\u00e9e de lecture estim\u00e9e\" \/>\n\t<meta name=\"twitter:data1\" content=\"1 minute\" \/>\n<script type=\"application\/ld+json\" class=\"yoast-schema-graph\">{\"@context\":\"https:\/\/schema.org\",\"@graph\":[{\"@type\":\"WebPage\",\"@id\":\"https:\/\/www.buceoelbajon.com\/fr\/el-hierro\/zones-de-baignade\/\",\"url\":\"https:\/\/www.buceoelbajon.com\/fr\/el-hierro\/zones-de-baignade\/\",\"name\":\"Zones de baignade - Centro de Buceo El Baj\u00f3n, El Hierro\",\"isPartOf\":{\"@id\":\"https:\/\/www.buceoelbajon.com\/#website\"},\"primaryImageOfPage\":{\"@id\":\"https:\/\/www.buceoelbajon.com\/fr\/el-hierro\/zones-de-baignade\/#primaryimage\"},\"image\":{\"@id\":\"https:\/\/www.buceoelbajon.com\/fr\/el-hierro\/zones-de-baignade\/#primaryimage\"},\"thumbnailUrl\":\"https:\/\/www.buceoelbajon.com\/wp-content\/uploads\/2021\/02\/Charco-Manso.jpg\",\"datePublished\":\"2021-02-15T09:14:19+00:00\",\"dateModified\":\"2022-05-18T07:42:03+00:00\",\"breadcrumb\":{\"@id\":\"https:\/\/www.buceoelbajon.com\/fr\/el-hierro\/zones-de-baignade\/#breadcrumb\"},\"inLanguage\":\"fr-FR\",\"potentialAction\":[{\"@type\":\"ReadAction\",\"target\":[\"https:\/\/www.buceoelbajon.com\/fr\/el-hierro\/zones-de-baignade\/\"]}]},{\"@type\":\"ImageObject\",\"inLanguage\":\"fr-FR\",\"@id\":\"https:\/\/www.buceoelbajon.com\/fr\/el-hierro\/zones-de-baignade\/#primaryimage\",\"url\":\"https:\/\/www.buceoelbajon.com\/wp-content\/uploads\/2021\/02\/Charco-Manso.jpg\",\"contentUrl\":\"https:\/\/www.buceoelbajon.com\/wp-content\/uploads\/2021\/02\/Charco-Manso.jpg\",\"width\":2048,\"height\":1536},{\"@type\":\"BreadcrumbList\",\"@id\":\"https:\/\/www.buceoelbajon.com\/fr\/el-hierro\/zones-de-baignade\/#breadcrumb\",\"itemListElement\":[{\"@type\":\"ListItem\",\"position\":1,\"name\":\"Portada\",\"item\":\"https:\/\/www.buceoelbajon.com\/fr\/\"},{\"@type\":\"ListItem\",\"position\":2,\"name\":\"El Hierro\",\"item\":\"https:\/\/www.buceoelbajon.com\/fr\/el-hierro\/\"},{\"@type\":\"ListItem\",\"position\":3,\"name\":\"Zones de baignade\"}]},{\"@type\":\"WebSite\",\"@id\":\"https:\/\/www.buceoelbajon.com\/#website\",\"url\":\"https:\/\/www.buceoelbajon.com\/\",\"name\":\"Centro de Buceo El Baj\u00f3n, El Hierro\",\"description\":\"Un concepto diferente de buceo en El Hierro\",\"potentialAction\":[{\"@type\":\"SearchAction\",\"target\":{\"@type\":\"EntryPoint\",\"urlTemplate\":\"https:\/\/www.buceoelbajon.com\/?s={search_term_string}\"},\"query-input\":{\"@type\":\"PropertyValueSpecification\",\"valueRequired\":true,\"valueName\":\"search_term_string\"}}],\"inLanguage\":\"fr-FR\"}]}<\/script>\n<!-- \/ Yoast SEO plugin. -->","yoast_head_json":{"title":"Zones de baignade - Centro de Buceo El Baj\u00f3n, El Hierro","robots":{"index":"index","follow":"follow","max-snippet":"max-snippet:-1","max-image-preview":"max-image-preview:large","max-video-preview":"max-video-preview:-1"},"canonical":"https:\/\/www.buceoelbajon.com\/fr\/el-hierro\/zones-de-baignade\/","og_locale":"fr_FR","og_type":"article","og_title":"Zones de baignade - Centro de Buceo El Baj\u00f3n, El Hierro","og_description":"Pour ressentir la f\u00e9rocit\u00e9 et la force de l'Atlantique, il suffit de mettre le pied dans l'une des piscines naturelles d'El Hierro. De petits espaces o\u00f9 vous pouvez vous baigner sans vous soucier des courants. Beaucoup d'entre eux sont des vestiges de la lave qui a emmur\u00e9 l'eau de mer. La nature a cr\u00e9\u00e9 les [&hellip;]","og_url":"https:\/\/www.buceoelbajon.com\/fr\/el-hierro\/zones-de-baignade\/","og_site_name":"Centro de Buceo El Baj\u00f3n, El Hierro","article_modified_time":"2022-05-18T07:42:03+00:00","og_image":[{"width":2048,"height":1536,"url":"https:\/\/www.buceoelbajon.com\/wp-content\/uploads\/2021\/02\/Charco-Manso.jpg","type":"image\/jpeg"}],"twitter_card":"summary_large_image","twitter_misc":{"Dur\u00e9e de lecture estim\u00e9e":"1 minute"},"schema":{"@context":"https:\/\/schema.org","@graph":[{"@type":"WebPage","@id":"https:\/\/www.buceoelbajon.com\/fr\/el-hierro\/zones-de-baignade\/","url":"https:\/\/www.buceoelbajon.com\/fr\/el-hierro\/zones-de-baignade\/","name":"Zones de baignade - Centro de Buceo El Baj\u00f3n, El Hierro","isPartOf":{"@id":"https:\/\/www.buceoelbajon.com\/#website"},"primaryImageOfPage":{"@id":"https:\/\/www.buceoelbajon.com\/fr\/el-hierro\/zones-de-baignade\/#primaryimage"},"image":{"@id":"https:\/\/www.buceoelbajon.com\/fr\/el-hierro\/zones-de-baignade\/#primaryimage"},"thumbnailUrl":"https:\/\/www.buceoelbajon.com\/wp-content\/uploads\/2021\/02\/Charco-Manso.jpg","datePublished":"2021-02-15T09:14:19+00:00","dateModified":"2022-05-18T07:42:03+00:00","breadcrumb":{"@id":"https:\/\/www.buceoelbajon.com\/fr\/el-hierro\/zones-de-baignade\/#breadcrumb"},"inLanguage":"fr-FR","potentialAction":[{"@type":"ReadAction","target":["https:\/\/www.buceoelbajon.com\/fr\/el-hierro\/zones-de-baignade\/"]}]},{"@type":"ImageObject","inLanguage":"fr-FR","@id":"https:\/\/www.buceoelbajon.com\/fr\/el-hierro\/zones-de-baignade\/#primaryimage","url":"https:\/\/www.buceoelbajon.com\/wp-content\/uploads\/2021\/02\/Charco-Manso.jpg","contentUrl":"https:\/\/www.buceoelbajon.com\/wp-content\/uploads\/2021\/02\/Charco-Manso.jpg","width":2048,"height":1536},{"@type":"BreadcrumbList","@id":"https:\/\/www.buceoelbajon.com\/fr\/el-hierro\/zones-de-baignade\/#breadcrumb","itemListElement":[{"@type":"ListItem","position":1,"name":"Portada","item":"https:\/\/www.buceoelbajon.com\/fr\/"},{"@type":"ListItem","position":2,"name":"El Hierro","item":"https:\/\/www.buceoelbajon.com\/fr\/el-hierro\/"},{"@type":"ListItem","position":3,"name":"Zones de baignade"}]},{"@type":"WebSite","@id":"https:\/\/www.buceoelbajon.com\/#website","url":"https:\/\/www.buceoelbajon.com\/","name":"Centro de Buceo El Baj\u00f3n, El Hierro","description":"Un concepto diferente de buceo en El Hierro","potentialAction":[{"@type":"SearchAction","target":{"@type":"EntryPoint","urlTemplate":"https:\/\/www.buceoelbajon.com\/?s={search_term_string}"},"query-input":{"@type":"PropertyValueSpecification","valueRequired":true,"valueName":"search_term_string"}}],"inLanguage":"fr-FR"}]}},"_links":{"self":[{"href":"https:\/\/www.buceoelbajon.com\/fr\/wp-json\/wp\/v2\/pages\/2928","targetHints":{"allow":["GET"]}}],"collection":[{"href":"https:\/\/www.buceoelbajon.com\/fr\/wp-json\/wp\/v2\/pages"}],"about":[{"href":"https:\/\/www.buceoelbajon.com\/fr\/wp-json\/wp\/v2\/types\/page"}],"author":[{"embeddable":true,"href":"https:\/\/www.buceoelbajon.com\/fr\/wp-json\/wp\/v2\/users\/1"}],"replies":[{"embeddable":true,"href":"https:\/\/www.buceoelbajon.com\/fr\/wp-json\/wp\/v2\/comments?post=2928"}],"version-history":[{"count":5,"href":"https:\/\/www.buceoelbajon.com\/fr\/wp-json\/wp\/v2\/pages\/2928\/revisions"}],"predecessor-version":[{"id":2933,"href":"https:\/\/www.buceoelbajon.com\/fr\/wp-json\/wp\/v2\/pages\/2928\/revisions\/2933"}],"up":[{"embeddable":true,"href":"https:\/\/www.buceoelbajon.com\/fr\/wp-json\/wp\/v2\/pages\/3034"}],"wp:featuredmedia":[{"embeddable":true,"href":"https:\/\/www.buceoelbajon.com\/fr\/wp-json\/wp\/v2\/media\/2793"}],"wp:attachment":[{"href":"https:\/\/www.buceoelbajon.com\/fr\/wp-json\/wp\/v2\/media?parent=2928"}],"curies":[{"name":"wp","href":"https:\/\/api.w.org\/{rel}","templated":true}]}}