{"id":2925,"date":"2021-02-05T11:30:10","date_gmt":"2021-02-05T11:30:10","guid":{"rendered":"https:\/\/www.buceoelbajon.com\/comment-arriver-a-el-hierro\/"},"modified":"2022-05-18T08:31:48","modified_gmt":"2022-05-18T07:31:48","slug":"comment-arriver-a-el-hierro","status":"publish","type":"page","link":"https:\/\/www.buceoelbajon.com\/fr\/el-hierro\/comment-arriver-a-el-hierro\/","title":{"rendered":"Comment arriver \u00e0 El Hierro"},"content":{"rendered":"<p>[et_pb_section fb_built=\u00a0\u00bb1&Prime; admin_label=\u00a0\u00bbsection\u00a0\u00bb _builder_version=\u00a0\u00bb3.22&Prime;][et_pb_row admin_label=\u00a0\u00bbrow\u00a0\u00bb _builder_version=\u00a0\u00bb3.25&Prime; background_size=\u00a0\u00bbinitial\u00a0\u00bb background_position=\u00a0\u00bbtop_left\u00a0\u00bb background_repeat=\u00a0\u00bbrepeat\u00a0\u00bb][et_pb_column type=\u00a0\u00bb4_4&Prime; _builder_version=\u00a0\u00bb3.25&Prime; custom_padding=\u00a0\u00bb|||\u00a0\u00bb custom_padding__hover=\u00a0\u00bb|||\u00a0\u00bb][et_pb_text admin_label=\u00a0\u00bbText\u00a0\u00bb _builder_version=\u00a0\u00bb3.27.4&Prime; background_size=\u00a0\u00bbinitial\u00a0\u00bb background_position=\u00a0\u00bbtop_left\u00a0\u00bb background_repeat=\u00a0\u00bbrepeat\u00a0\u00bb]<\/p>\n<p style=\"text-align: center;\">D\u00e9couvrez comment venir \u00e0 El Hierro, l&rsquo;\u00eele la plus au sud de l&rsquo;Espagne, l&rsquo;\u00eele de l&rsquo;\u00e2me et de l&rsquo;authenticit\u00e9. Vous pouvez vous rendre \u00e0 El Hierro en bateau ou en avion.<\/p>\n<p style=\"text-align: center;\">moyen le plus rapide et le plus confortable de voyager est l&rsquo;avion, avec des vols quotidiens au d\u00e9part de Tenerife et de Grande Canarie. Il est \u00e9galement possible de prendre un ferry du sud de Tenerife (Los Cristianos) vers l&rsquo;\u00eele.<\/p>\n<p><a href=\"http:\/\/transhierro.com\/servicios.cfm?tipo=regular\"><b><\/b><\/a><\/p>\n<p>[\/et_pb_text][\/et_pb_column][\/et_pb_row][et_pb_row column_structure=\u00a0\u00bb1_2,1_2&Prime; _builder_version=\u00a0\u00bb4.9.0&Prime; _module_preset=\u00a0\u00bbdefault\u00a0\u00bb][et_pb_column type=\u00a0\u00bb1_2&Prime; _builder_version=\u00a0\u00bb4.9.0&Prime; _module_preset=\u00a0\u00bbdefault\u00a0\u00bb][et_pb_text _builder_version=\u00a0\u00bb4.9.0&Prime; _module_preset=\u00a0\u00bbdefault\u00a0\u00bb]<\/p>\n<h2 style=\"text-align: center;\"><b>DEPUIS <br \/><\/b><b>Tenerife<\/b><\/h2>\n<p style=\"text-align: center;\">40 minutes de vol (<a href=\"https:\/\/www.bintercanarias.com\">Binter Airlines<\/a>) <br \/>40 minutes de vol (<a href=\"https:\/\/www.canaryfly.es\">CanaryFly Airlines<\/a>)<br \/><span style=\"font-size: 18px;\">2h-3h de navigation (<\/span><a href=\"https:\/\/www.navieraarmas.com\" style=\"font-size: 18px;\">Naviera Armas<\/a><span style=\"font-size: 18px;\">)<\/span><\/p>\n<p>[\/et_pb_text][\/et_pb_column][et_pb_column type=\u00a0\u00bb1_2&Prime; _builder_version=\u00a0\u00bb4.9.0&Prime; _module_preset=\u00a0\u00bbdefault\u00a0\u00bb][et_pb_text _builder_version=\u00a0\u00bb4.9.0&Prime; _module_preset=\u00a0\u00bbdefault\u00a0\u00bb]<\/p>\n<h2 style=\"text-align: center;\"><b>DEPUIS<br \/><\/b><b>Grande<\/b><b> <\/b><b>Canarie<\/b><\/h2>\n<p style=\"text-align: center;\">55 minutes de vol <br \/>(<a href=\"https:\/\/www.bintercanarias.com\">(Binter Airlines)<\/a>)<\/p>\n<p>[\/et_pb_text][\/et_pb_column][\/et_pb_row][et_pb_row column_structure=\u00a0\u00bb1_3,1_3,1_3&Prime; _builder_version=\u00a0\u00bb4.9.0&Prime; _module_preset=\u00a0\u00bbdefault\u00a0\u00bb][et_pb_column type=\u00a0\u00bb1_3&Prime; _builder_version=\u00a0\u00bb4.9.0&Prime; _module_preset=\u00a0\u00bbdefault\u00a0\u00bb][et_pb_image src=\u00a0\u00bbhttps:\/\/www.buceoelbajon.com\/wp-content\/uploads\/2021\/02\/Binter.png\u00a0\u00bb title_text=\u00a0\u00bbBinter\u00a0\u00bb url=\u00a0\u00bbhttps:\/\/www.bintercanarias.com\u00a0\u00bb url_new_window=\u00a0\u00bbon\u00a0\u00bb _builder_version=\u00a0\u00bb4.9.0&Prime; _module_preset=\u00a0\u00bbdefault\u00a0\u00bb][\/et_pb_image][\/et_pb_column][et_pb_column type=\u00a0\u00bb1_3&Prime; _builder_version=\u00a0\u00bb4.9.0&Prime; _module_preset=\u00a0\u00bbdefault\u00a0\u00bb][et_pb_image src=\u00a0\u00bbhttps:\/\/www.buceoelbajon.com\/wp-content\/uploads\/2021\/02\/CanaryFly.png\u00a0\u00bb title_text=\u00a0\u00bbCanaryFly\u00a0\u00bb url=\u00a0\u00bbhttps:\/\/www.canaryfly.es\u00a0\u00bb url_new_window=\u00a0\u00bbon\u00a0\u00bb _builder_version=\u00a0\u00bb4.9.0&Prime; _module_preset=\u00a0\u00bbdefault\u00a0\u00bb][\/et_pb_image][\/et_pb_column][et_pb_column type=\u00a0\u00bb1_3&Prime; _builder_version=\u00a0\u00bb4.9.0&Prime; _module_preset=\u00a0\u00bbdefault\u00a0\u00bb][et_pb_image src=\u00a0\u00bbhttps:\/\/www.buceoelbajon.com\/wp-content\/uploads\/2021\/02\/NavieraArmas.png\u00a0\u00bb title_text=\u00a0\u00bbNavieraArmas\u00a0\u00bb url=\u00a0\u00bbhttps:\/\/www.navieraarmas.com\u00a0\u00bb url_new_window=\u00a0\u00bbon\u00a0\u00bb _builder_version=\u00a0\u00bb4.9.0&Prime; _module_preset=\u00a0\u00bbdefault\u00a0\u00bb][\/et_pb_image][\/et_pb_column][\/et_pb_row][et_pb_row _builder_version=\u00a0\u00bb4.9.0&Prime; _module_preset=\u00a0\u00bbdefault\u00a0\u00bb][et_pb_column type=\u00a0\u00bb4_4&Prime; _builder_version=\u00a0\u00bb4.9.0&Prime; _module_preset=\u00a0\u00bbdefault\u00a0\u00bb][et_pb_text _builder_version=\u00a0\u00bb4.9.0&Prime; _module_preset=\u00a0\u00bbdefault\u00a0\u00bb]<\/p>\n<p style=\"text-align: center;\">Une fois arriv\u00e9s sur l&rsquo;\u00eele, pour vous rendre au village de La Restinga, qui se trouve \u00e0 environ 45 minutes de l&rsquo;a\u00e9roport et du port, nous vous recommandons ces locations de voitures afin que vous puissiez visiter les merveilleux endroits qu&rsquo;elle a \u00e0 offrir et vous d\u00e9placer sans limites.<\/p>\n<p>[\/et_pb_text][\/et_pb_column][\/et_pb_row][et_pb_row column_structure=\u00a0\u00bb1_4,1_4,1_4,1_4&Prime; _builder_version=\u00a0\u00bb4.9.0&Prime; _module_preset=\u00a0\u00bbdefault\u00a0\u00bb][et_pb_column type=\u00a0\u00bb1_4&Prime; _builder_version=\u00a0\u00bb4.9.0&Prime; _module_preset=\u00a0\u00bbdefault\u00a0\u00bb][et_pb_image src=\u00a0\u00bbhttps:\/\/www.buceoelbajon.com\/wp-content\/uploads\/2021\/02\/Plus-Car.png\u00a0\u00bb title_text=\u00a0\u00bbPlus-Car\u00a0\u00bb url=\u00a0\u00bbhttps:\/\/www.autospluscar-elhierro.com\/booking.php?lang=es\u00a0\u00bb url_new_window=\u00a0\u00bbon\u00a0\u00bb _builder_version=\u00a0\u00bb4.9.0&Prime; _module_preset=\u00a0\u00bbdefault\u00a0\u00bb][\/et_pb_image][\/et_pb_column][et_pb_column type=\u00a0\u00bb1_4&Prime; _builder_version=\u00a0\u00bb4.9.0&Prime; _module_preset=\u00a0\u00bbdefault\u00a0\u00bb][et_pb_image src=\u00a0\u00bbhttps:\/\/www.buceoelbajon.com\/wp-content\/uploads\/2021\/02\/Cicar.png\u00a0\u00bb title_text=\u00a0\u00bbCicar\u00a0\u00bb url=\u00a0\u00bbhttps:\/\/www.cicar.com\u00a0\u00bb url_new_window=\u00a0\u00bbon\u00a0\u00bb _builder_version=\u00a0\u00bb4.9.0&Prime; _module_preset=\u00a0\u00bbdefault\u00a0\u00bb][\/et_pb_image][\/et_pb_column][et_pb_column type=\u00a0\u00bb1_4&Prime; _builder_version=\u00a0\u00bb4.9.0&Prime; _module_preset=\u00a0\u00bbdefault\u00a0\u00bb][et_pb_image src=\u00a0\u00bbhttps:\/\/www.buceoelbajon.com\/wp-content\/uploads\/2021\/02\/Autos-Bamir.png\u00a0\u00bb title_text=\u00a0\u00bbAutos-Bamir\u00a0\u00bb url=\u00a0\u00bbhttp:\/\/autosbamir.es\u00a0\u00bb url_new_window=\u00a0\u00bbon\u00a0\u00bb _builder_version=\u00a0\u00bb4.9.0&Prime; _module_preset=\u00a0\u00bbdefault\u00a0\u00bb][\/et_pb_image][\/et_pb_column][et_pb_column type=\u00a0\u00bb1_4&Prime; _builder_version=\u00a0\u00bb4.9.0&Prime; _module_preset=\u00a0\u00bbdefault\u00a0\u00bb][et_pb_image src=\u00a0\u00bbhttps:\/\/www.buceoelbajon.com\/wp-content\/uploads\/2021\/02\/TransHierro.png\u00a0\u00bb title_text=\u00a0\u00bbTransHierro\u00a0\u00bb url=\u00a0\u00bbhttps:\/\/www.transhierro.com\/servicios.cfm?tipo=rentacar\u00a0\u00bb url_new_window=\u00a0\u00bbon\u00a0\u00bb _builder_version=\u00a0\u00bb4.9.0&Prime; _module_preset=\u00a0\u00bbdefault\u00a0\u00bb][\/et_pb_image][\/et_pb_column][\/et_pb_row][et_pb_row _builder_version=\u00a0\u00bb4.9.0&Prime; _module_preset=\u00a0\u00bbdefault\u00a0\u00bb][et_pb_column type=\u00a0\u00bb4_4&Prime; _builder_version=\u00a0\u00bb4.9.0&Prime; _module_preset=\u00a0\u00bbdefault\u00a0\u00bb][et_pb_text _builder_version=\u00a0\u00bb4.9.0&Prime; _module_preset=\u00a0\u00bbdefault\u00a0\u00bb]<\/p>\n<p style=\"text-align: center;\">Sinon, si vous pr\u00e9f\u00e9rez le service de bus et de taxi, vous pouvez consulter les horaires des services de bus et de taxi \u00e0 l&rsquo;adresse suivante :<\/p>\n<p>[\/et_pb_text][\/et_pb_column][\/et_pb_row][et_pb_row column_structure=\u00a0\u00bb1_3,1_3,1_3&Prime; _builder_version=\u00a0\u00bb4.9.0&Prime; _module_preset=\u00a0\u00bbdefault\u00a0\u00bb][et_pb_column type=\u00a0\u00bb1_3&Prime; _builder_version=\u00a0\u00bb4.9.0&Prime; _module_preset=\u00a0\u00bbdefault\u00a0\u00bb][\/et_pb_column][et_pb_column type=\u00a0\u00bb1_3&Prime; _builder_version=\u00a0\u00bb4.9.0&Prime; _module_preset=\u00a0\u00bbdefault\u00a0\u00bb][et_pb_image src=\u00a0\u00bbhttps:\/\/www.buceoelbajon.com\/wp-content\/uploads\/2021\/02\/TransHierro-Bus.png\u00a0\u00bb title_text=\u00a0\u00bbTransHierro-Bus\u00a0\u00bb url=\u00a0\u00bbhttp:\/\/transhierro.com\/servicios.cfm?tipo=regular\u00a0\u00bb url_new_window=\u00a0\u00bbon\u00a0\u00bb _builder_version=\u00a0\u00bb4.9.0&Prime; _module_preset=\u00a0\u00bbdefault\u00a0\u00bb][\/et_pb_image][\/et_pb_column][et_pb_column type=\u00a0\u00bb1_3&Prime; _builder_version=\u00a0\u00bb4.9.0&Prime; _module_preset=\u00a0\u00bbdefault\u00a0\u00bb][\/et_pb_column][\/et_pb_row][\/et_pb_section]<\/p>\n","protected":false},"excerpt":{"rendered":"<p>D\u00e9couvrez comment venir \u00e0 El Hierro, l&rsquo;\u00eele la plus au sud de l&rsquo;Espagne, l&rsquo;\u00eele de l&rsquo;\u00e2me et de l&rsquo;authenticit\u00e9. Vous pouvez vous rendre \u00e0 El Hierro en bateau ou en avion. moyen le plus rapide et le plus confortable de voyager est l&rsquo;avion, avec des vols quotidiens au d\u00e9part de Tenerife et de Grande Canarie. [&hellip;]<\/p>\n","protected":false},"author":1,"featured_media":2839,"parent":3034,"menu_order":0,"comment_status":"closed","ping_status":"closed","template":"","meta":{"_et_pb_use_builder":"on","_et_pb_old_content":"","_et_gb_content_width":"","footnotes":""},"class_list":["post-2925","page","type-page","status-publish","has-post-thumbnail","hentry"],"yoast_head":"<!-- This site is optimized with the Yoast SEO plugin v24.7 - https:\/\/yoast.com\/wordpress\/plugins\/seo\/ -->\n<title>Comment arriver \u00e0 El Hierro - Centro de Buceo El Baj\u00f3n, El Hierro<\/title>\n<meta name=\"robots\" content=\"index, follow, max-snippet:-1, max-image-preview:large, max-video-preview:-1\" \/>\n<link rel=\"canonical\" href=\"https:\/\/www.buceoelbajon.com\/fr\/el-hierro\/comment-arriver-a-el-hierro\/\" \/>\n<meta property=\"og:locale\" content=\"fr_FR\" \/>\n<meta property=\"og:type\" content=\"article\" \/>\n<meta property=\"og:title\" content=\"Comment arriver \u00e0 El Hierro - Centro de Buceo El Baj\u00f3n, El Hierro\" \/>\n<meta property=\"og:description\" content=\"D\u00e9couvrez comment venir \u00e0 El Hierro, l&#039;\u00eele la plus au sud de l&#039;Espagne, l&#039;\u00eele de l&#039;\u00e2me et de l&#039;authenticit\u00e9. Vous pouvez vous rendre \u00e0 El Hierro en bateau ou en avion. moyen le plus rapide et le plus confortable de voyager est l&#039;avion, avec des vols quotidiens au d\u00e9part de Tenerife et de Grande Canarie. [&hellip;]\" \/>\n<meta property=\"og:url\" content=\"https:\/\/www.buceoelbajon.com\/fr\/el-hierro\/comment-arriver-a-el-hierro\/\" \/>\n<meta property=\"og:site_name\" content=\"Centro de Buceo El Baj\u00f3n, El Hierro\" \/>\n<meta property=\"article:modified_time\" content=\"2022-05-18T07:31:48+00:00\" \/>\n<meta property=\"og:image\" content=\"https:\/\/www.buceoelbajon.com\/wp-content\/uploads\/2021\/03\/Aeropuerto-El-Hierro.jpg\" \/>\n\t<meta property=\"og:image:width\" content=\"2000\" \/>\n\t<meta property=\"og:image:height\" content=\"1008\" \/>\n\t<meta property=\"og:image:type\" content=\"image\/jpeg\" \/>\n<meta name=\"twitter:card\" content=\"summary_large_image\" \/>\n<meta name=\"twitter:label1\" content=\"Dur\u00e9e de lecture estim\u00e9e\" \/>\n\t<meta name=\"twitter:data1\" content=\"4 minutes\" \/>\n<script type=\"application\/ld+json\" class=\"yoast-schema-graph\">{\"@context\":\"https:\/\/schema.org\",\"@graph\":[{\"@type\":\"WebPage\",\"@id\":\"https:\/\/www.buceoelbajon.com\/fr\/el-hierro\/comment-arriver-a-el-hierro\/\",\"url\":\"https:\/\/www.buceoelbajon.com\/fr\/el-hierro\/comment-arriver-a-el-hierro\/\",\"name\":\"Comment arriver \u00e0 El Hierro - Centro de Buceo El Baj\u00f3n, El Hierro\",\"isPartOf\":{\"@id\":\"https:\/\/www.buceoelbajon.com\/#website\"},\"primaryImageOfPage\":{\"@id\":\"https:\/\/www.buceoelbajon.com\/fr\/el-hierro\/comment-arriver-a-el-hierro\/#primaryimage\"},\"image\":{\"@id\":\"https:\/\/www.buceoelbajon.com\/fr\/el-hierro\/comment-arriver-a-el-hierro\/#primaryimage\"},\"thumbnailUrl\":\"https:\/\/www.buceoelbajon.com\/wp-content\/uploads\/2021\/03\/Aeropuerto-El-Hierro.jpg\",\"datePublished\":\"2021-02-05T11:30:10+00:00\",\"dateModified\":\"2022-05-18T07:31:48+00:00\",\"breadcrumb\":{\"@id\":\"https:\/\/www.buceoelbajon.com\/fr\/el-hierro\/comment-arriver-a-el-hierro\/#breadcrumb\"},\"inLanguage\":\"fr-FR\",\"potentialAction\":[{\"@type\":\"ReadAction\",\"target\":[\"https:\/\/www.buceoelbajon.com\/fr\/el-hierro\/comment-arriver-a-el-hierro\/\"]}]},{\"@type\":\"ImageObject\",\"inLanguage\":\"fr-FR\",\"@id\":\"https:\/\/www.buceoelbajon.com\/fr\/el-hierro\/comment-arriver-a-el-hierro\/#primaryimage\",\"url\":\"https:\/\/www.buceoelbajon.com\/wp-content\/uploads\/2021\/03\/Aeropuerto-El-Hierro.jpg\",\"contentUrl\":\"https:\/\/www.buceoelbajon.com\/wp-content\/uploads\/2021\/03\/Aeropuerto-El-Hierro.jpg\",\"width\":2000,\"height\":1008},{\"@type\":\"BreadcrumbList\",\"@id\":\"https:\/\/www.buceoelbajon.com\/fr\/el-hierro\/comment-arriver-a-el-hierro\/#breadcrumb\",\"itemListElement\":[{\"@type\":\"ListItem\",\"position\":1,\"name\":\"Portada\",\"item\":\"https:\/\/www.buceoelbajon.com\/fr\/\"},{\"@type\":\"ListItem\",\"position\":2,\"name\":\"El Hierro\",\"item\":\"https:\/\/www.buceoelbajon.com\/fr\/el-hierro\/\"},{\"@type\":\"ListItem\",\"position\":3,\"name\":\"Comment arriver \u00e0 El Hierro\"}]},{\"@type\":\"WebSite\",\"@id\":\"https:\/\/www.buceoelbajon.com\/#website\",\"url\":\"https:\/\/www.buceoelbajon.com\/\",\"name\":\"Centro de Buceo El Baj\u00f3n, El Hierro\",\"description\":\"Un concepto diferente de buceo en El Hierro\",\"potentialAction\":[{\"@type\":\"SearchAction\",\"target\":{\"@type\":\"EntryPoint\",\"urlTemplate\":\"https:\/\/www.buceoelbajon.com\/?s={search_term_string}\"},\"query-input\":{\"@type\":\"PropertyValueSpecification\",\"valueRequired\":true,\"valueName\":\"search_term_string\"}}],\"inLanguage\":\"fr-FR\"}]}<\/script>\n<!-- \/ Yoast SEO plugin. -->","yoast_head_json":{"title":"Comment arriver \u00e0 El Hierro - Centro de Buceo El Baj\u00f3n, El Hierro","robots":{"index":"index","follow":"follow","max-snippet":"max-snippet:-1","max-image-preview":"max-image-preview:large","max-video-preview":"max-video-preview:-1"},"canonical":"https:\/\/www.buceoelbajon.com\/fr\/el-hierro\/comment-arriver-a-el-hierro\/","og_locale":"fr_FR","og_type":"article","og_title":"Comment arriver \u00e0 El Hierro - Centro de Buceo El Baj\u00f3n, El Hierro","og_description":"D\u00e9couvrez comment venir \u00e0 El Hierro, l'\u00eele la plus au sud de l'Espagne, l'\u00eele de l'\u00e2me et de l'authenticit\u00e9. Vous pouvez vous rendre \u00e0 El Hierro en bateau ou en avion. moyen le plus rapide et le plus confortable de voyager est l'avion, avec des vols quotidiens au d\u00e9part de Tenerife et de Grande Canarie. [&hellip;]","og_url":"https:\/\/www.buceoelbajon.com\/fr\/el-hierro\/comment-arriver-a-el-hierro\/","og_site_name":"Centro de Buceo El Baj\u00f3n, El Hierro","article_modified_time":"2022-05-18T07:31:48+00:00","og_image":[{"width":2000,"height":1008,"url":"https:\/\/www.buceoelbajon.com\/wp-content\/uploads\/2021\/03\/Aeropuerto-El-Hierro.jpg","type":"image\/jpeg"}],"twitter_card":"summary_large_image","twitter_misc":{"Dur\u00e9e de lecture estim\u00e9e":"4 minutes"},"schema":{"@context":"https:\/\/schema.org","@graph":[{"@type":"WebPage","@id":"https:\/\/www.buceoelbajon.com\/fr\/el-hierro\/comment-arriver-a-el-hierro\/","url":"https:\/\/www.buceoelbajon.com\/fr\/el-hierro\/comment-arriver-a-el-hierro\/","name":"Comment arriver \u00e0 El Hierro - Centro de Buceo El Baj\u00f3n, El Hierro","isPartOf":{"@id":"https:\/\/www.buceoelbajon.com\/#website"},"primaryImageOfPage":{"@id":"https:\/\/www.buceoelbajon.com\/fr\/el-hierro\/comment-arriver-a-el-hierro\/#primaryimage"},"image":{"@id":"https:\/\/www.buceoelbajon.com\/fr\/el-hierro\/comment-arriver-a-el-hierro\/#primaryimage"},"thumbnailUrl":"https:\/\/www.buceoelbajon.com\/wp-content\/uploads\/2021\/03\/Aeropuerto-El-Hierro.jpg","datePublished":"2021-02-05T11:30:10+00:00","dateModified":"2022-05-18T07:31:48+00:00","breadcrumb":{"@id":"https:\/\/www.buceoelbajon.com\/fr\/el-hierro\/comment-arriver-a-el-hierro\/#breadcrumb"},"inLanguage":"fr-FR","potentialAction":[{"@type":"ReadAction","target":["https:\/\/www.buceoelbajon.com\/fr\/el-hierro\/comment-arriver-a-el-hierro\/"]}]},{"@type":"ImageObject","inLanguage":"fr-FR","@id":"https:\/\/www.buceoelbajon.com\/fr\/el-hierro\/comment-arriver-a-el-hierro\/#primaryimage","url":"https:\/\/www.buceoelbajon.com\/wp-content\/uploads\/2021\/03\/Aeropuerto-El-Hierro.jpg","contentUrl":"https:\/\/www.buceoelbajon.com\/wp-content\/uploads\/2021\/03\/Aeropuerto-El-Hierro.jpg","width":2000,"height":1008},{"@type":"BreadcrumbList","@id":"https:\/\/www.buceoelbajon.com\/fr\/el-hierro\/comment-arriver-a-el-hierro\/#breadcrumb","itemListElement":[{"@type":"ListItem","position":1,"name":"Portada","item":"https:\/\/www.buceoelbajon.com\/fr\/"},{"@type":"ListItem","position":2,"name":"El Hierro","item":"https:\/\/www.buceoelbajon.com\/fr\/el-hierro\/"},{"@type":"ListItem","position":3,"name":"Comment arriver \u00e0 El Hierro"}]},{"@type":"WebSite","@id":"https:\/\/www.buceoelbajon.com\/#website","url":"https:\/\/www.buceoelbajon.com\/","name":"Centro de Buceo El Baj\u00f3n, El Hierro","description":"Un concepto diferente de buceo en El Hierro","potentialAction":[{"@type":"SearchAction","target":{"@type":"EntryPoint","urlTemplate":"https:\/\/www.buceoelbajon.com\/?s={search_term_string}"},"query-input":{"@type":"PropertyValueSpecification","valueRequired":true,"valueName":"search_term_string"}}],"inLanguage":"fr-FR"}]}},"_links":{"self":[{"href":"https:\/\/www.buceoelbajon.com\/fr\/wp-json\/wp\/v2\/pages\/2925","targetHints":{"allow":["GET"]}}],"collection":[{"href":"https:\/\/www.buceoelbajon.com\/fr\/wp-json\/wp\/v2\/pages"}],"about":[{"href":"https:\/\/www.buceoelbajon.com\/fr\/wp-json\/wp\/v2\/types\/page"}],"author":[{"embeddable":true,"href":"https:\/\/www.buceoelbajon.com\/fr\/wp-json\/wp\/v2\/users\/1"}],"replies":[{"embeddable":true,"href":"https:\/\/www.buceoelbajon.com\/fr\/wp-json\/wp\/v2\/comments?post=2925"}],"version-history":[{"count":2,"href":"https:\/\/www.buceoelbajon.com\/fr\/wp-json\/wp\/v2\/pages\/2925\/revisions"}],"predecessor-version":[{"id":2927,"href":"https:\/\/www.buceoelbajon.com\/fr\/wp-json\/wp\/v2\/pages\/2925\/revisions\/2927"}],"up":[{"embeddable":true,"href":"https:\/\/www.buceoelbajon.com\/fr\/wp-json\/wp\/v2\/pages\/3034"}],"wp:featuredmedia":[{"embeddable":true,"href":"https:\/\/www.buceoelbajon.com\/fr\/wp-json\/wp\/v2\/media\/2839"}],"wp:attachment":[{"href":"https:\/\/www.buceoelbajon.com\/fr\/wp-json\/wp\/v2\/media?parent=2925"}],"curies":[{"name":"wp","href":"https:\/\/api.w.org\/{rel}","templated":true}]}}