{"id":3106,"date":"2021-01-19T21:51:26","date_gmt":"2021-01-19T21:51:26","guid":{"rendered":"https:\/\/www.buceoelbajon.com\/media\/el-bajon-with-underwater-photography\/"},"modified":"2022-05-23T16:02:28","modified_gmt":"2022-05-23T15:02:28","slug":"el-bajon-with-underwater-photography","status":"publish","type":"page","link":"https:\/\/www.buceoelbajon.com\/en\/media\/el-bajon-with-underwater-photography\/","title":{"rendered":"El Baj\u00f3n with Underwater Photography"},"content":{"rendered":"<p>[et_pb_section fb_built=&#8221;1&#8243; _builder_version=&#8221;4.8.1&#8243; _module_preset=&#8221;default&#8221; background_image=&#8221;https:\/\/www.buceoelbajon.com\/wp-content\/uploads\/2021\/01\/Night-water-sea-blue-moon_2560x1600.jpg&#8221; parallax=&#8221;on&#8221;][et_pb_row _builder_version=&#8221;4.9.1&#8243; _module_preset=&#8221;default&#8221;][et_pb_column type=&#8221;4_4&#8243; _builder_version=&#8221;4.9.1&#8243; _module_preset=&#8221;default&#8221;][et_pb_testimonial author=&#8221;Carlos Minguell&#8221; company_name=&#8221;OCEAN PHOTOS&#8221; portrait_url=&#8221;https:\/\/www.buceoelbajon.com\/wp-content\/uploads\/2021\/01\/20120425-Helsingborg-Superficie-CM-430-pequena.jpg&#8221; _builder_version=&#8221;4.8.1&#8243; _module_preset=&#8221;default&#8221; box_shadow_style=&#8221;preset3&#8243;]<\/p>\n<p><span>Ya son varios a\u00f1os organizando talleres de fotosub con Buceo El Baj\u00f3n y mi experiencia ha sido siempre muy positiva: el centro tiene unas instalaciones, embarcaciones y material de primer nivel, adem\u00e1s de contar con un personal competente y amable. Los hermanos Landaeta coordinan todo con fluidez y con la cordialidad que distingue a aquellos que disfrutan cada de d\u00eda de su profesi\u00f3n. Lo mismo te organizan un buceo que una comida en un Guachinche.<\/span><\/p>\n<p>[\/et_pb_testimonial][et_pb_gallery gallery_ids=&#8221;743,744,745&#8243; show_title_and_caption=&#8221;off&#8221; show_pagination=&#8221;off&#8221; _builder_version=&#8221;4.8.1&#8243; _module_preset=&#8221;default&#8221; border_color_all=&#8221;#FFFFFF&#8221; border_radii_image=&#8221;on|14px|14px|14px|14px&#8221; border_width_all_image=&#8221;2px&#8221; border_color_all_image=&#8221;#FFFFFF&#8221; box_shadow_style_image=&#8221;preset3&#8243; child_filter_blur__hover_enabled=&#8221;on|hover&#8221; child_filter_blur__hover=&#8221;3px&#8221; child_filter_brightness__hover_enabled=&#8221;on|hover&#8221; child_filter_brightness__hover=&#8221;148%&#8221;][\/et_pb_gallery][et_pb_testimonial author=&#8221;Sacha Lobenstein&#8221; company_name=&#8221;ENELMAR.ES&#8221; portrait_url=&#8221;https:\/\/www.buceoelbajon.com\/wp-content\/uploads\/2021\/01\/20160930-1524-Sacha-Lobenstein-enelmar.es-_.jpg&#8221; _builder_version=&#8221;4.9.1&#8243; _module_preset=&#8221;default&#8221; box_shadow_style=&#8221;preset3&#8243;]<\/p>\n<p><span>Buceo El Baj\u00f3n es el centro ideal donde poder organizar tus viajes de fotograf\u00eda submarina en El Hierro. Sus ampl\u00edsimas instalaciones repletas de comodidades, gran material y numerosos recursos har\u00e1n de tu estancia un gran recuerdo. Con salidas garantizadas todo el a\u00f1o no te faltar\u00e1 ocasi\u00f3n para captar esa imagen que ven\u00edas buscando, todo en un c\u00e1lido ambiente familiar repleto de cari\u00f1o y atenciones y risas&#8230;<\/span><\/p>\n<p>[\/et_pb_testimonial][et_pb_gallery gallery_ids=&#8221;483,463,500,477&#8243; show_title_and_caption=&#8221;off&#8221; show_pagination=&#8221;off&#8221; _builder_version=&#8221;4.8.1&#8243; _module_preset=&#8221;default&#8221; hover_enabled=&#8221;0&#8243; border_color_all=&#8221;#FFFFFF&#8221; border_radii_image=&#8221;on|14px|14px|14px|14px&#8221; border_width_all_image=&#8221;2px&#8221; border_color_all_image=&#8221;#FFFFFF&#8221; box_shadow_style_image=&#8221;preset3&#8243; child_filter_blur__hover_enabled=&#8221;on|hover&#8221; child_filter_blur__hover=&#8221;3px&#8221; child_filter_brightness__hover_enabled=&#8221;on|hover&#8221; child_filter_brightness__hover=&#8221;148%&#8221; sticky_enabled=&#8221;0&#8243;][\/et_pb_gallery][et_pb_testimonial author=&#8221;Yeray Delgado&#8221; portrait_url=&#8221;https:\/\/www.buceoelbajon.com\/wp-content\/uploads\/2021\/01\/Yeray-Delgado-Buceo-a-Fondo-perfil.jpg&#8221; _builder_version=&#8221;4.9.1&#8243; _module_preset=&#8221;default&#8221; hover_enabled=&#8221;0&#8243; box_shadow_style=&#8221;preset3&#8243; sticky_enabled=&#8221;0&#8243;]<\/p>\n<p>Tengo el placer de haberlos conocido desde su inicio. Una familia unida con grandes deseos y ganas de crecer en el mundo submarino, y as\u00ed ha sido, convirti\u00e9ndose en un referente del buceo en la isla del Hierro. <br \/>Un gran equipo de trabajo conforma el centro de buceo el Bajon, un centro donde se palpa el buen ambiente y el trato familiar. Siempre dispuestos a adaptarse a las necesidades del cliente, algo dif\u00edcil entre fot\u00f3grafos pero lo consiguen con \u00e9xito. <br \/>Adem\u00e1s su centro dispone de todas las comodidades que necesitamos desde los m\u00e1s noveles, a los m\u00e1s exigentes.<\/p>\n<p>[\/et_pb_testimonial][et_pb_gallery gallery_ids=&#8221;1490,1493,1491,1492&#8243; _builder_version=&#8221;4.9.2&#8243; _module_preset=&#8221;default&#8221; show_title_and_caption=&#8221;off&#8221; show_pagination=&#8221;off&#8221; border_color_all=&#8221;#FFFFFF&#8221; border_radii_image=&#8221;on|14px|14px|14px|14px&#8221; border_width_all_image=&#8221;2px&#8221; border_color_all_image=&#8221;#FFFFFF&#8221; box_shadow_style_image=&#8221;preset3&#8243; child_filter_brightness__hover=&#8221;148%&#8221; child_filter_brightness__hover_enabled=&#8221;on|hover&#8221; child_filter_blur__hover=&#8221;3px&#8221; child_filter_blur__hover_enabled=&#8221;on|hover&#8221;][\/et_pb_gallery][et_pb_testimonial author=&#8221;Rafa Fern\u00e1ndez&#8221; company_name=&#8221;rafafdez.com&#8221; portrait_url=&#8221;https:\/\/www.buceoelbajon.com\/wp-content\/uploads\/2021\/01\/RafaFernandez.jpg&#8221; _builder_version=&#8221;4.9.2&#8243; _module_preset=&#8221;default&#8221; box_shadow_style=&#8221;preset3&#8243;][\/et_pb_testimonial][et_pb_gallery gallery_ids=&#8221;140,139,137,143&#8243; show_title_and_caption=&#8221;off&#8221; show_pagination=&#8221;off&#8221; _builder_version=&#8221;4.8.1&#8243; _module_preset=&#8221;default&#8221; border_color_all=&#8221;#FFFFFF&#8221; border_radii_image=&#8221;on|14px|14px|14px|14px&#8221; border_width_all_image=&#8221;2px&#8221; border_color_all_image=&#8221;#FFFFFF&#8221; box_shadow_style_image=&#8221;preset3&#8243; child_filter_blur__hover_enabled=&#8221;on|hover&#8221; child_filter_blur__hover=&#8221;3px&#8221; child_filter_brightness__hover_enabled=&#8221;on|hover&#8221; child_filter_brightness__hover=&#8221;148%&#8221;][\/et_pb_gallery][\/et_pb_column][\/et_pb_row][\/et_pb_section]<\/p>\n","protected":false},"excerpt":{"rendered":"<p>Ya son varios a\u00f1os organizando talleres de fotosub con Buceo El Baj\u00f3n y mi experiencia ha sido siempre muy positiva: el centro tiene unas instalaciones, embarcaciones y material de primer nivel, adem\u00e1s de contar con un personal competente y amable. Los hermanos Landaeta coordinan todo con fluidez y con la cordialidad que distingue a aquellos [&hellip;]<\/p>\n","protected":false},"author":1,"featured_media":2043,"parent":3093,"menu_order":51,"comment_status":"closed","ping_status":"closed","template":"","meta":{"_et_pb_use_builder":"on","_et_pb_old_content":"","_et_gb_content_width":"","footnotes":""},"class_list":["post-3106","page","type-page","status-publish","has-post-thumbnail","hentry"],"yoast_head":"<!-- This site is optimized with the Yoast SEO plugin v24.7 - https:\/\/yoast.com\/wordpress\/plugins\/seo\/ -->\n<title>El Baj\u00f3n with Underwater Photography - Centro de Buceo El Baj\u00f3n, El Hierro<\/title>\n<meta name=\"robots\" content=\"index, follow, max-snippet:-1, max-image-preview:large, max-video-preview:-1\" \/>\n<link rel=\"canonical\" href=\"https:\/\/www.buceoelbajon.com\/en\/media\/el-bajon-with-underwater-photography\/\" \/>\n<meta property=\"og:locale\" content=\"en_US\" \/>\n<meta property=\"og:type\" content=\"article\" \/>\n<meta property=\"og:title\" content=\"El Baj\u00f3n with Underwater Photography - Centro de Buceo El Baj\u00f3n, El Hierro\" \/>\n<meta property=\"og:description\" content=\"Ya son varios a\u00f1os organizando talleres de fotosub con Buceo El Baj\u00f3n y mi experiencia ha sido siempre muy positiva: el centro tiene unas instalaciones, embarcaciones y material de primer nivel, adem\u00e1s de contar con un personal competente y amable. Los hermanos Landaeta coordinan todo con fluidez y con la cordialidad que distingue a aquellos [&hellip;]\" \/>\n<meta property=\"og:url\" content=\"https:\/\/www.buceoelbajon.com\/en\/media\/el-bajon-with-underwater-photography\/\" \/>\n<meta property=\"og:site_name\" content=\"Centro de Buceo El Baj\u00f3n, El Hierro\" \/>\n<meta property=\"article:modified_time\" content=\"2022-05-23T15:02:28+00:00\" \/>\n<meta property=\"og:image\" content=\"https:\/\/www.buceoelbajon.com\/wp-content\/uploads\/2021\/03\/20180818-1259-SachaLobenstein-El-Desierto.jpg\" \/>\n\t<meta property=\"og:image:width\" content=\"2048\" \/>\n\t<meta property=\"og:image:height\" content=\"1365\" \/>\n\t<meta property=\"og:image:type\" content=\"image\/jpeg\" \/>\n<meta name=\"twitter:card\" content=\"summary_large_image\" \/>\n<meta name=\"twitter:label1\" content=\"Est. reading time\" \/>\n\t<meta name=\"twitter:data1\" content=\"4 minutes\" \/>\n<script type=\"application\/ld+json\" class=\"yoast-schema-graph\">{\"@context\":\"https:\/\/schema.org\",\"@graph\":[{\"@type\":\"WebPage\",\"@id\":\"https:\/\/www.buceoelbajon.com\/en\/media\/el-bajon-with-underwater-photography\/\",\"url\":\"https:\/\/www.buceoelbajon.com\/en\/media\/el-bajon-with-underwater-photography\/\",\"name\":\"El Baj\u00f3n with Underwater Photography - Centro de Buceo El Baj\u00f3n, El Hierro\",\"isPartOf\":{\"@id\":\"https:\/\/www.buceoelbajon.com\/#website\"},\"primaryImageOfPage\":{\"@id\":\"https:\/\/www.buceoelbajon.com\/en\/media\/el-bajon-with-underwater-photography\/#primaryimage\"},\"image\":{\"@id\":\"https:\/\/www.buceoelbajon.com\/en\/media\/el-bajon-with-underwater-photography\/#primaryimage\"},\"thumbnailUrl\":\"https:\/\/www.buceoelbajon.com\/wp-content\/uploads\/2021\/03\/20180818-1259-SachaLobenstein-El-Desierto.jpg\",\"datePublished\":\"2021-01-19T21:51:26+00:00\",\"dateModified\":\"2022-05-23T15:02:28+00:00\",\"breadcrumb\":{\"@id\":\"https:\/\/www.buceoelbajon.com\/en\/media\/el-bajon-with-underwater-photography\/#breadcrumb\"},\"inLanguage\":\"en-US\",\"potentialAction\":[{\"@type\":\"ReadAction\",\"target\":[\"https:\/\/www.buceoelbajon.com\/en\/media\/el-bajon-with-underwater-photography\/\"]}]},{\"@type\":\"ImageObject\",\"inLanguage\":\"en-US\",\"@id\":\"https:\/\/www.buceoelbajon.com\/en\/media\/el-bajon-with-underwater-photography\/#primaryimage\",\"url\":\"https:\/\/www.buceoelbajon.com\/wp-content\/uploads\/2021\/03\/20180818-1259-SachaLobenstein-El-Desierto.jpg\",\"contentUrl\":\"https:\/\/www.buceoelbajon.com\/wp-content\/uploads\/2021\/03\/20180818-1259-SachaLobenstein-El-Desierto.jpg\",\"width\":2048,\"height\":1365},{\"@type\":\"BreadcrumbList\",\"@id\":\"https:\/\/www.buceoelbajon.com\/en\/media\/el-bajon-with-underwater-photography\/#breadcrumb\",\"itemListElement\":[{\"@type\":\"ListItem\",\"position\":1,\"name\":\"Portada\",\"item\":\"https:\/\/www.buceoelbajon.com\/en\/\"},{\"@type\":\"ListItem\",\"position\":2,\"name\":\"Media\",\"item\":\"https:\/\/www.buceoelbajon.com\/en\/media\/\"},{\"@type\":\"ListItem\",\"position\":3,\"name\":\"El Baj\u00f3n with Underwater Photography\"}]},{\"@type\":\"WebSite\",\"@id\":\"https:\/\/www.buceoelbajon.com\/#website\",\"url\":\"https:\/\/www.buceoelbajon.com\/\",\"name\":\"Centro de Buceo El Baj\u00f3n, El Hierro\",\"description\":\"Un concepto diferente de buceo en El Hierro\",\"potentialAction\":[{\"@type\":\"SearchAction\",\"target\":{\"@type\":\"EntryPoint\",\"urlTemplate\":\"https:\/\/www.buceoelbajon.com\/?s={search_term_string}\"},\"query-input\":{\"@type\":\"PropertyValueSpecification\",\"valueRequired\":true,\"valueName\":\"search_term_string\"}}],\"inLanguage\":\"en-US\"}]}<\/script>\n<!-- \/ Yoast SEO plugin. -->","yoast_head_json":{"title":"El Baj\u00f3n with Underwater Photography - Centro de Buceo El Baj\u00f3n, El Hierro","robots":{"index":"index","follow":"follow","max-snippet":"max-snippet:-1","max-image-preview":"max-image-preview:large","max-video-preview":"max-video-preview:-1"},"canonical":"https:\/\/www.buceoelbajon.com\/en\/media\/el-bajon-with-underwater-photography\/","og_locale":"en_US","og_type":"article","og_title":"El Baj\u00f3n with Underwater Photography - Centro de Buceo El Baj\u00f3n, El Hierro","og_description":"Ya son varios a\u00f1os organizando talleres de fotosub con Buceo El Baj\u00f3n y mi experiencia ha sido siempre muy positiva: el centro tiene unas instalaciones, embarcaciones y material de primer nivel, adem\u00e1s de contar con un personal competente y amable. Los hermanos Landaeta coordinan todo con fluidez y con la cordialidad que distingue a aquellos [&hellip;]","og_url":"https:\/\/www.buceoelbajon.com\/en\/media\/el-bajon-with-underwater-photography\/","og_site_name":"Centro de Buceo El Baj\u00f3n, El Hierro","article_modified_time":"2022-05-23T15:02:28+00:00","og_image":[{"width":2048,"height":1365,"url":"https:\/\/www.buceoelbajon.com\/wp-content\/uploads\/2021\/03\/20180818-1259-SachaLobenstein-El-Desierto.jpg","type":"image\/jpeg"}],"twitter_card":"summary_large_image","twitter_misc":{"Est. reading time":"4 minutes"},"schema":{"@context":"https:\/\/schema.org","@graph":[{"@type":"WebPage","@id":"https:\/\/www.buceoelbajon.com\/en\/media\/el-bajon-with-underwater-photography\/","url":"https:\/\/www.buceoelbajon.com\/en\/media\/el-bajon-with-underwater-photography\/","name":"El Baj\u00f3n with Underwater Photography - Centro de Buceo El Baj\u00f3n, El Hierro","isPartOf":{"@id":"https:\/\/www.buceoelbajon.com\/#website"},"primaryImageOfPage":{"@id":"https:\/\/www.buceoelbajon.com\/en\/media\/el-bajon-with-underwater-photography\/#primaryimage"},"image":{"@id":"https:\/\/www.buceoelbajon.com\/en\/media\/el-bajon-with-underwater-photography\/#primaryimage"},"thumbnailUrl":"https:\/\/www.buceoelbajon.com\/wp-content\/uploads\/2021\/03\/20180818-1259-SachaLobenstein-El-Desierto.jpg","datePublished":"2021-01-19T21:51:26+00:00","dateModified":"2022-05-23T15:02:28+00:00","breadcrumb":{"@id":"https:\/\/www.buceoelbajon.com\/en\/media\/el-bajon-with-underwater-photography\/#breadcrumb"},"inLanguage":"en-US","potentialAction":[{"@type":"ReadAction","target":["https:\/\/www.buceoelbajon.com\/en\/media\/el-bajon-with-underwater-photography\/"]}]},{"@type":"ImageObject","inLanguage":"en-US","@id":"https:\/\/www.buceoelbajon.com\/en\/media\/el-bajon-with-underwater-photography\/#primaryimage","url":"https:\/\/www.buceoelbajon.com\/wp-content\/uploads\/2021\/03\/20180818-1259-SachaLobenstein-El-Desierto.jpg","contentUrl":"https:\/\/www.buceoelbajon.com\/wp-content\/uploads\/2021\/03\/20180818-1259-SachaLobenstein-El-Desierto.jpg","width":2048,"height":1365},{"@type":"BreadcrumbList","@id":"https:\/\/www.buceoelbajon.com\/en\/media\/el-bajon-with-underwater-photography\/#breadcrumb","itemListElement":[{"@type":"ListItem","position":1,"name":"Portada","item":"https:\/\/www.buceoelbajon.com\/en\/"},{"@type":"ListItem","position":2,"name":"Media","item":"https:\/\/www.buceoelbajon.com\/en\/media\/"},{"@type":"ListItem","position":3,"name":"El Baj\u00f3n with Underwater Photography"}]},{"@type":"WebSite","@id":"https:\/\/www.buceoelbajon.com\/#website","url":"https:\/\/www.buceoelbajon.com\/","name":"Centro de Buceo El Baj\u00f3n, El Hierro","description":"Un concepto diferente de buceo en El Hierro","potentialAction":[{"@type":"SearchAction","target":{"@type":"EntryPoint","urlTemplate":"https:\/\/www.buceoelbajon.com\/?s={search_term_string}"},"query-input":{"@type":"PropertyValueSpecification","valueRequired":true,"valueName":"search_term_string"}}],"inLanguage":"en-US"}]}},"_links":{"self":[{"href":"https:\/\/www.buceoelbajon.com\/en\/wp-json\/wp\/v2\/pages\/3106","targetHints":{"allow":["GET"]}}],"collection":[{"href":"https:\/\/www.buceoelbajon.com\/en\/wp-json\/wp\/v2\/pages"}],"about":[{"href":"https:\/\/www.buceoelbajon.com\/en\/wp-json\/wp\/v2\/types\/page"}],"author":[{"embeddable":true,"href":"https:\/\/www.buceoelbajon.com\/en\/wp-json\/wp\/v2\/users\/1"}],"replies":[{"embeddable":true,"href":"https:\/\/www.buceoelbajon.com\/en\/wp-json\/wp\/v2\/comments?post=3106"}],"version-history":[{"count":5,"href":"https:\/\/www.buceoelbajon.com\/en\/wp-json\/wp\/v2\/pages\/3106\/revisions"}],"predecessor-version":[{"id":3111,"href":"https:\/\/www.buceoelbajon.com\/en\/wp-json\/wp\/v2\/pages\/3106\/revisions\/3111"}],"up":[{"embeddable":true,"href":"https:\/\/www.buceoelbajon.com\/en\/wp-json\/wp\/v2\/pages\/3093"}],"wp:featuredmedia":[{"embeddable":true,"href":"https:\/\/www.buceoelbajon.com\/en\/wp-json\/wp\/v2\/media\/2043"}],"wp:attachment":[{"href":"https:\/\/www.buceoelbajon.com\/en\/wp-json\/wp\/v2\/media?parent=3106"}],"curies":[{"name":"wp","href":"https:\/\/api.w.org\/{rel}","templated":true}]}}